{"id":149,"date":"2025-09-22T08:54:28","date_gmt":"2025-09-22T08:54:28","guid":{"rendered":"https:\/\/alainanima.com\/?page_id=149"},"modified":"2025-09-23T13:10:21","modified_gmt":"2025-09-23T13:10:21","slug":"prix-et-concours","status":"publish","type":"page","link":"https:\/\/alainanima.com\/index.php\/prix-et-concours\/","title":{"rendered":"PRIX ET CONCOURS"},"content":{"rendered":"<div id='full_slider_1'  class='avia-fullwidth-slider main_color avia-shadow   avia-builder-el-0  el_before_av_heading  avia-builder-el-first   container_wrap sidebar_right'  ><div  class='avia-slideshow av-1vi351-621da0fc83938eff042cde337f819841 avia-slideshow-no scaling av_slideshow_full avia-slide-slider av-slideshow-ui av-control-default av-slideshow-manual av-loop-once av-loop-manual-endless av-default-height-applied   avia-slideshow-1' data-slideshow-options=\"{&quot;animation&quot;:&quot;slide&quot;,&quot;autoplay&quot;:false,&quot;loop_autoplay&quot;:&quot;once&quot;,&quot;interval&quot;:5,&quot;loop_manual&quot;:&quot;manual-endless&quot;,&quot;autoplay_stopper&quot;:false,&quot;noNavigation&quot;:false,&quot;bg_slider&quot;:false,&quot;keep_padding&quot;:false,&quot;hoverpause&quot;:false,&quot;show_slide_delay&quot;:0}\"  itemprop=\"image\" itemscope=\"itemscope\" itemtype=\"https:\/\/schema.org\/ImageObject\" ><ul class='avia-slideshow-inner ' style='padding-bottom: 28.063063063063%;'><li  class='avia-slideshow-slide av-1vi351-621da0fc83938eff042cde337f819841__0  av-single-slide slide-1 slide-odd'><div data-rel='slideshow-1' class='avia-slide-wrap '   ><img alt=\"\" alt=\"\" decoding=\"async\" fetchpriority=\"high\" class=\"wp-image-146 avia-img-lazy-loading-not-146\"  src=\"https:\/\/alainanima.com\/wp-content\/uploads\/2025\/09\/ALAIN-ANIMACOM-HEADER-REMISE-PRIX-CONCONRS.jpg\" width=\"2220\" height=\"623\" title='ALAIN ANIMACOM-HEADER-REMISE PRIX CONCONRS' alt=''  itemprop=\"thumbnailUrl\" srcset=\"https:\/\/alainanima.com\/wp-content\/uploads\/2025\/09\/ALAIN-ANIMACOM-HEADER-REMISE-PRIX-CONCONRS.jpg 2220w, https:\/\/alainanima.com\/wp-content\/uploads\/2025\/09\/ALAIN-ANIMACOM-HEADER-REMISE-PRIX-CONCONRS-300x84.jpg 300w, https:\/\/alainanima.com\/wp-content\/uploads\/2025\/09\/ALAIN-ANIMACOM-HEADER-REMISE-PRIX-CONCONRS-1030x289.jpg 1030w, https:\/\/alainanima.com\/wp-content\/uploads\/2025\/09\/ALAIN-ANIMACOM-HEADER-REMISE-PRIX-CONCONRS-768x216.jpg 768w, https:\/\/alainanima.com\/wp-content\/uploads\/2025\/09\/ALAIN-ANIMACOM-HEADER-REMISE-PRIX-CONCONRS-1536x431.jpg 1536w, https:\/\/alainanima.com\/wp-content\/uploads\/2025\/09\/ALAIN-ANIMACOM-HEADER-REMISE-PRIX-CONCONRS-2048x575.jpg 2048w, https:\/\/alainanima.com\/wp-content\/uploads\/2025\/09\/ALAIN-ANIMACOM-HEADER-REMISE-PRIX-CONCONRS-1500x421.jpg 1500w, https:\/\/alainanima.com\/wp-content\/uploads\/2025\/09\/ALAIN-ANIMACOM-HEADER-REMISE-PRIX-CONCONRS-705x198.jpg 705w\" sizes=\"(max-width: 2220px) 100vw, 2220px\" \/><\/div><\/li><\/ul><\/div><\/div><div id='after_full_slider_1'  class='main_color av_default_container_wrap container_wrap sidebar_right'  ><div class='container av-section-cont-open' ><div class='template-page content  av-content-small alpha units'><div class='post-entry post-entry-type-page post-entry-149'><div class='entry-content-wrapper clearfix'>\n\n<style type=\"text\/css\" data-created_by=\"avia_inline_auto\" id=\"style-css-av-xkyhp-258a9e0e5c04c247d06032449cfd2eea\">\n#top .av-special-heading.av-xkyhp-258a9e0e5c04c247d06032449cfd2eea{\npadding-bottom:10px;\n}\nbody .av-special-heading.av-xkyhp-258a9e0e5c04c247d06032449cfd2eea .av-special-heading-tag .heading-char{\nfont-size:25px;\n}\n.av-special-heading.av-xkyhp-258a9e0e5c04c247d06032449cfd2eea .av-subheading{\nfont-size:15px;\n}\n<\/style>\n<div  class='av-special-heading av-xkyhp-258a9e0e5c04c247d06032449cfd2eea av-special-heading-h1 custom-color-heading blockquote modern-quote modern-centered  avia-builder-el-1  el_after_av_slideshow_full  el_before_av_hr  avia-builder-el-first '><h1 class='av-special-heading-tag '  itemprop=\"headline\"  >LE MA\u00ceTRE DE C\u00c9R\u00c9MONIE <\/h1><div class=\"special-heading-border\"><div class=\"special-heading-inner-border\"><\/div><\/div><\/div>\n\n<style type=\"text\/css\" data-created_by=\"avia_inline_auto\" id=\"style-css-av-pqqrp-65ac430864d52f39d5f26e0eb8723bca\">\n#top .hr.av-pqqrp-65ac430864d52f39d5f26e0eb8723bca{\nmargin-top:10px;\nmargin-bottom:10px;\n}\n.hr.av-pqqrp-65ac430864d52f39d5f26e0eb8723bca .hr-inner{\nwidth:200px;\nmax-width:45%;\n}\n<\/style>\n<div  class='hr av-pqqrp-65ac430864d52f39d5f26e0eb8723bca hr-custom  avia-builder-el-2  el_after_av_heading  el_before_av_one_half  hr-center hr-icon-yes'><span class='hr-inner inner-border-av-border-thin'><span class=\"hr-inner-style\"><\/span><\/span><span class='av-seperator-icon avia-iconfont avia-font-entypo-fontello' data-av_icon='\ue808' data-av_iconfont='entypo-fontello' ><\/span><span class='hr-inner inner-border-av-border-thin'><span class=\"hr-inner-style\"><\/span><\/span><\/div>\n<div class='flex_column_table av-1k0xol-cd0400d79be8b998093de80d64ef2327 sc-av_one_half av-equal-height-column-flextable'><div  class='flex_column av-1k0xol-cd0400d79be8b998093de80d64ef2327 av_one_half  avia-builder-el-3  el_after_av_hr  el_before_av_one_half  first flex_column_table_cell av-equal-height-column av-align-top  '     ><p>\n<style type=\"text\/css\" data-created_by=\"avia_inline_auto\" id=\"style-css-av-d3mid-ab5efd76805bac2e26cf3d5c8fa938c9\">\n.avia-image-container.av-d3mid-ab5efd76805bac2e26cf3d5c8fa938c9 img.avia_image{\nbox-shadow:none;\n}\n.avia-image-container.av-d3mid-ab5efd76805bac2e26cf3d5c8fa938c9 .av-image-caption-overlay-center{\ncolor:#ffffff;\n}\n<\/style>\n<div  class='avia-image-container av-d3mid-ab5efd76805bac2e26cf3d5c8fa938c9 av-styling- avia-align-center  avia-builder-el-4  el_before_av_image  avia-builder-el-first '   itemprop=\"image\" itemscope=\"itemscope\" itemtype=\"https:\/\/schema.org\/ImageObject\" ><div class=\"avia-image-container-inner\"><div class=\"avia-image-overlay-wrap\"><img alt=\"\" alt=\"\" decoding=\"async\" fetchpriority=\"high\" class='wp-image-160 avia-img-lazy-loading-not-160 avia_image ' src=\"https:\/\/alainanima.com\/wp-content\/uploads\/2025\/09\/ALAIN-ANIMACOM-PRIX-CONCOURS.jpg\" alt='' title='ALAIN-ANIMACOM-PRIX-CONCOURS'  height=\"898\" width=\"1512\"  itemprop=\"thumbnailUrl\" srcset=\"https:\/\/alainanima.com\/wp-content\/uploads\/2025\/09\/ALAIN-ANIMACOM-PRIX-CONCOURS.jpg 1512w, https:\/\/alainanima.com\/wp-content\/uploads\/2025\/09\/ALAIN-ANIMACOM-PRIX-CONCOURS-300x178.jpg 300w, https:\/\/alainanima.com\/wp-content\/uploads\/2025\/09\/ALAIN-ANIMACOM-PRIX-CONCOURS-1030x612.jpg 1030w, https:\/\/alainanima.com\/wp-content\/uploads\/2025\/09\/ALAIN-ANIMACOM-PRIX-CONCOURS-768x456.jpg 768w, https:\/\/alainanima.com\/wp-content\/uploads\/2025\/09\/ALAIN-ANIMACOM-PRIX-CONCOURS-1500x891.jpg 1500w, https:\/\/alainanima.com\/wp-content\/uploads\/2025\/09\/ALAIN-ANIMACOM-PRIX-CONCOURS-705x419.jpg 705w\" sizes=\"(max-width: 1512px) 100vw, 1512px\" \/><\/div><\/div><\/div><br \/>\n\n<style type=\"text\/css\" data-created_by=\"avia_inline_auto\" id=\"style-css-av-7c659-c4b1573facb7d9c7451fee98b64ee83e\">\n.avia-image-container.av-7c659-c4b1573facb7d9c7451fee98b64ee83e img.avia_image{\nbox-shadow:none;\n}\n.avia-image-container.av-7c659-c4b1573facb7d9c7451fee98b64ee83e .av-image-caption-overlay-center{\ncolor:#ffffff;\n}\n<\/style>\n<div  class='avia-image-container av-7c659-c4b1573facb7d9c7451fee98b64ee83e av-styling- avia-align-center  avia-builder-el-5  el_after_av_image  avia-builder-el-last '   itemprop=\"image\" itemscope=\"itemscope\" itemtype=\"https:\/\/schema.org\/ImageObject\" ><div class=\"avia-image-container-inner\"><div class=\"avia-image-overlay-wrap\"><img alt=\"\" alt=\"\" decoding=\"async\" fetchpriority=\"high\" class='wp-image-157 avia-img-lazy-loading-not-157 avia_image ' src=\"https:\/\/alainanima.com\/wp-content\/uploads\/2025\/09\/ALAIN-ANIMACOM-PRIX-CONCOURS-2-PHOTOS.png\" alt='' title='ALAIN-ANIMACOM- PRIX-CONCOURS-2 PHOTOS'  height=\"898\" width=\"1512\"  itemprop=\"thumbnailUrl\" srcset=\"https:\/\/alainanima.com\/wp-content\/uploads\/2025\/09\/ALAIN-ANIMACOM-PRIX-CONCOURS-2-PHOTOS.png 1512w, https:\/\/alainanima.com\/wp-content\/uploads\/2025\/09\/ALAIN-ANIMACOM-PRIX-CONCOURS-2-PHOTOS-300x178.png 300w, https:\/\/alainanima.com\/wp-content\/uploads\/2025\/09\/ALAIN-ANIMACOM-PRIX-CONCOURS-2-PHOTOS-1030x612.png 1030w, https:\/\/alainanima.com\/wp-content\/uploads\/2025\/09\/ALAIN-ANIMACOM-PRIX-CONCOURS-2-PHOTOS-768x456.png 768w, https:\/\/alainanima.com\/wp-content\/uploads\/2025\/09\/ALAIN-ANIMACOM-PRIX-CONCOURS-2-PHOTOS-1500x891.png 1500w, https:\/\/alainanima.com\/wp-content\/uploads\/2025\/09\/ALAIN-ANIMACOM-PRIX-CONCOURS-2-PHOTOS-705x419.png 705w\" sizes=\"(max-width: 1512px) 100vw, 1512px\" \/><\/div><\/div><\/div><\/p><\/div>\n<div class='av-flex-placeholder'><\/div><div  class='flex_column av-10dufp-315e9fc6d5bb06f843c3ed1e0a675c47 av_one_half  avia-builder-el-6  el_after_av_one_half  el_before_av_one_third  flex_column_table_cell av-equal-height-column av-align-top  '     ><section  class='av_textblock_section av-lwjgl-aa7fb080600016af34b7435792d80217 '   itemscope=\"itemscope\" itemtype=\"https:\/\/schema.org\/CreativeWork\" ><div class='avia_textblock'  itemprop=\"text\" ><h4>Quand j\u2019officie, j\u2019offre rythme et \u00e9motion \u00e0 l\u2019\u00e9v\u00e9nement.<\/h4>\n<h4>\nAvec dynamisme et en jouant avec mon sens du suspense, je valorise les candidats et met en relief les qualit\u00e9s des laur\u00e9ats.<\/h4>\n<h4>\nSe cr\u00e9e ainsi une atmosph\u00e8re \u00e0 la fois solennelle et festive afin de garantir une exp\u00e9rience m\u00e9morable pour le public et les participants.<\/h4>\n<\/div><\/section><br \/>\n\n<style type=\"text\/css\" data-created_by=\"avia_inline_auto\" id=\"style-css-av-dpg05-8d828ecc61485a951055499a4a33e9d8\">\n#top .hr.hr-invisible.av-dpg05-8d828ecc61485a951055499a4a33e9d8{\nheight:20px;\n}\n<\/style>\n<div  class='hr av-dpg05-8d828ecc61485a951055499a4a33e9d8 hr-invisible  avia-builder-el-8  el_after_av_textblock  el_before_av_image '><span class='hr-inner '><span class=\"hr-inner-style\"><\/span><\/span><\/div><br \/>\n\n<style type=\"text\/css\" data-created_by=\"avia_inline_auto\" id=\"style-css-av-85q6t-171847d532bd702acf6c97319eea5c1b\">\n.avia-image-container.av-85q6t-171847d532bd702acf6c97319eea5c1b img.avia_image{\nbox-shadow:none;\n}\n.avia-image-container.av-85q6t-171847d532bd702acf6c97319eea5c1b .av-image-caption-overlay-center{\ncolor:#ffffff;\n}\n<\/style>\n<div  class='avia-image-container av-85q6t-171847d532bd702acf6c97319eea5c1b av-styling- avia-align-center  avia-builder-el-9  el_after_av_hr  el_before_av_hr '   itemprop=\"image\" itemscope=\"itemscope\" itemtype=\"https:\/\/schema.org\/ImageObject\" ><div class=\"avia-image-container-inner\"><div class=\"avia-image-overlay-wrap\"><img alt=\"\" alt=\"\" decoding=\"async\" fetchpriority=\"high\" class='wp-image-161 avia-img-lazy-loading-not-161 avia_image ' src=\"https:\/\/alainanima.com\/wp-content\/uploads\/2025\/09\/ALAIN-ANIMACOM-PRIX-ELECTION.jpg\" alt='' title='ALAIN-ANIMACOM-PRIX-ELECTION'  height=\"898\" width=\"1512\"  itemprop=\"thumbnailUrl\" srcset=\"https:\/\/alainanima.com\/wp-content\/uploads\/2025\/09\/ALAIN-ANIMACOM-PRIX-ELECTION.jpg 1512w, https:\/\/alainanima.com\/wp-content\/uploads\/2025\/09\/ALAIN-ANIMACOM-PRIX-ELECTION-300x178.jpg 300w, https:\/\/alainanima.com\/wp-content\/uploads\/2025\/09\/ALAIN-ANIMACOM-PRIX-ELECTION-1030x612.jpg 1030w, https:\/\/alainanima.com\/wp-content\/uploads\/2025\/09\/ALAIN-ANIMACOM-PRIX-ELECTION-768x456.jpg 768w, https:\/\/alainanima.com\/wp-content\/uploads\/2025\/09\/ALAIN-ANIMACOM-PRIX-ELECTION-1500x891.jpg 1500w, https:\/\/alainanima.com\/wp-content\/uploads\/2025\/09\/ALAIN-ANIMACOM-PRIX-ELECTION-705x419.jpg 705w\" sizes=\"(max-width: 1512px) 100vw, 1512px\" \/><\/div><\/div><\/div><br \/>\n\n<style type=\"text\/css\" data-created_by=\"avia_inline_auto\" id=\"style-css-av-f0el9-366aa4937762d4e0e3d1f0653ae0b298\">\n#top .hr.hr-invisible.av-f0el9-366aa4937762d4e0e3d1f0653ae0b298{\nheight:20px;\n}\n<\/style>\n<div  class='hr av-f0el9-366aa4937762d4e0e3d1f0653ae0b298 hr-invisible  avia-builder-el-10  el_after_av_image  avia-builder-el-last '><span class='hr-inner '><span class=\"hr-inner-style\"><\/span><\/span><\/div><\/p><\/div><\/div><!--close column table wrapper. Autoclose: 1 --><div  class='flex_column av-av_one_third-cab6cb91e42b24d4f503cdabdc5ed6e0 av_one_third  avia-builder-el-11  el_after_av_one_half  el_before_av_one_third  first flex_column_div  column-top-margin'     ><\/div><\/p>\n<div  class='flex_column av-av_one_third-5ebb9248fb9c120f6665341cb151d4ce av_one_third  avia-builder-el-12  el_after_av_one_third  el_before_av_one_third  flex_column_div  column-top-margin'     ><div  class='avia-button-wrap avia-button-center  avia-builder-el-13  avia-builder-el-no-sibling '>\n<style type=\"text\/css\" data-created_by=\"avia_inline_auto\" id=\"style-css-av-ah9wl-461003b3f09cc97a7ee0696e436aa1e0\">\n#top #wrap_all .avia-button.av-ah9wl-461003b3f09cc97a7ee0696e436aa1e0{\nbackground-color:#41057d;\nborder-color:#41057d;\ntransition:all 0.4s ease-in-out;\n}\n#top #wrap_all .avia-button.av-ah9wl-461003b3f09cc97a7ee0696e436aa1e0:hover{\ncolor:white;\ntransition:all 0.4s ease-in-out;\n}\n#top #wrap_all .avia-button.av-ah9wl-461003b3f09cc97a7ee0696e436aa1e0:hover .avia-svg-icon svg:first-child{\nfill:white;\nstroke:white;\n}\n<\/style>\n<a href='https:\/\/alainanima.com\/index.php\/prestations\/' class='avia-font-color-theme-color avia-button avia-button-fullwidth av-ah9wl-461003b3f09cc97a7ee0696e436aa1e0 avia-icon_select-yes-left-icon avia-color-custom'   aria-label=\"RETOUR\"><span class='avia_button_icon avia_button_icon_left avia-iconfont avia-font-entypo-fontello' data-av_icon='\ue820' data-av_iconfont='entypo-fontello' ><\/span><span class='avia_iconbox_title' >RETOUR<\/span><span class='avia_button_background avia-button avia-button-fullwidth avia-color-theme-color-highlight'><\/span><\/a><\/div><\/div><div  class='flex_column av-av_one_third-5ebb9248fb9c120f6665341cb151d4ce av_one_third  avia-builder-el-14  el_after_av_one_third  avia-builder-el-last  flex_column_div  column-top-margin'     ><\/div><\/p>\n","protected":false},"excerpt":{"rendered":"","protected":false},"author":1,"featured_media":0,"parent":0,"menu_order":0,"comment_status":"closed","ping_status":"closed","template":"","meta":{"_seopress_robots_primary_cat":"","_seopress_titles_title":"","_seopress_titles_desc":"","_seopress_robots_index":"","footnotes":""},"class_list":["post-149","page","type-page","status-publish","hentry"],"_links":{"self":[{"href":"https:\/\/alainanima.com\/index.php\/wp-json\/wp\/v2\/pages\/149","targetHints":{"allow":["GET"]}}],"collection":[{"href":"https:\/\/alainanima.com\/index.php\/wp-json\/wp\/v2\/pages"}],"about":[{"href":"https:\/\/alainanima.com\/index.php\/wp-json\/wp\/v2\/types\/page"}],"author":[{"embeddable":true,"href":"https:\/\/alainanima.com\/index.php\/wp-json\/wp\/v2\/users\/1"}],"replies":[{"embeddable":true,"href":"https:\/\/alainanima.com\/index.php\/wp-json\/wp\/v2\/comments?post=149"}],"version-history":[{"count":10,"href":"https:\/\/alainanima.com\/index.php\/wp-json\/wp\/v2\/pages\/149\/revisions"}],"predecessor-version":[{"id":350,"href":"https:\/\/alainanima.com\/index.php\/wp-json\/wp\/v2\/pages\/149\/revisions\/350"}],"wp:attachment":[{"href":"https:\/\/alainanima.com\/index.php\/wp-json\/wp\/v2\/media?parent=149"}],"curies":[{"name":"wp","href":"https:\/\/api.w.org\/{rel}","templated":true}]}}