{"id":178,"date":"2025-09-22T09:45:47","date_gmt":"2025-09-22T09:45:47","guid":{"rendered":"https:\/\/alainanima.com\/?page_id=178"},"modified":"2025-09-23T13:11:35","modified_gmt":"2025-09-23T13:11:35","slug":"concerts","status":"publish","type":"page","link":"https:\/\/alainanima.com\/index.php\/concerts\/","title":{"rendered":"CONCERTS"},"content":{"rendered":"<div id='full_slider_1'  class='avia-fullwidth-slider main_color avia-shadow   avia-builder-el-0  el_before_av_heading  avia-builder-el-first   container_wrap sidebar_right'  ><div  class='avia-slideshow av-1zb06a-a447a9557f0cc8c7a0388be0fa909027 avia-slideshow-no scaling av_slideshow_full avia-slide-slider av-slideshow-ui av-control-default av-slideshow-manual av-loop-once av-loop-manual-endless av-default-height-applied   avia-slideshow-1' data-slideshow-options=\"{&quot;animation&quot;:&quot;slide&quot;,&quot;autoplay&quot;:false,&quot;loop_autoplay&quot;:&quot;once&quot;,&quot;interval&quot;:5,&quot;loop_manual&quot;:&quot;manual-endless&quot;,&quot;autoplay_stopper&quot;:false,&quot;noNavigation&quot;:false,&quot;bg_slider&quot;:false,&quot;keep_padding&quot;:false,&quot;hoverpause&quot;:false,&quot;show_slide_delay&quot;:0}\"  itemprop=\"image\" itemscope=\"itemscope\" itemtype=\"https:\/\/schema.org\/ImageObject\" ><ul class='avia-slideshow-inner ' style='padding-bottom: 28.063063063063%;'><li  class='avia-slideshow-slide av-1zb06a-a447a9557f0cc8c7a0388be0fa909027__0  av-single-slide slide-1 slide-odd'><div data-rel='slideshow-1' class='avia-slide-wrap '   ><img alt=\"\" alt=\"\" decoding=\"async\" fetchpriority=\"high\" class=\"wp-image-139 avia-img-lazy-loading-not-139\"  src=\"https:\/\/alainanima.com\/wp-content\/uploads\/2025\/09\/ALAIN-ANIMACOM-HEADER-CONCERT.jpg\" width=\"2220\" height=\"623\" title='ALAIN ANIMACOM-HEADER-CONCERT' alt=''  itemprop=\"thumbnailUrl\" srcset=\"https:\/\/alainanima.com\/wp-content\/uploads\/2025\/09\/ALAIN-ANIMACOM-HEADER-CONCERT.jpg 2220w, https:\/\/alainanima.com\/wp-content\/uploads\/2025\/09\/ALAIN-ANIMACOM-HEADER-CONCERT-300x84.jpg 300w, https:\/\/alainanima.com\/wp-content\/uploads\/2025\/09\/ALAIN-ANIMACOM-HEADER-CONCERT-1030x289.jpg 1030w, https:\/\/alainanima.com\/wp-content\/uploads\/2025\/09\/ALAIN-ANIMACOM-HEADER-CONCERT-768x216.jpg 768w, https:\/\/alainanima.com\/wp-content\/uploads\/2025\/09\/ALAIN-ANIMACOM-HEADER-CONCERT-1536x431.jpg 1536w, https:\/\/alainanima.com\/wp-content\/uploads\/2025\/09\/ALAIN-ANIMACOM-HEADER-CONCERT-2048x575.jpg 2048w, https:\/\/alainanima.com\/wp-content\/uploads\/2025\/09\/ALAIN-ANIMACOM-HEADER-CONCERT-1500x421.jpg 1500w, https:\/\/alainanima.com\/wp-content\/uploads\/2025\/09\/ALAIN-ANIMACOM-HEADER-CONCERT-705x198.jpg 705w\" sizes=\"(max-width: 2220px) 100vw, 2220px\" \/><\/div><\/li><\/ul><\/div><\/div><div id='after_full_slider_1'  class='main_color av_default_container_wrap container_wrap sidebar_right'  ><div class='container av-section-cont-open' ><div class='template-page content  av-content-small alpha units'><div class='post-entry post-entry-type-page post-entry-178'><div class='entry-content-wrapper clearfix'>\n\n<style type=\"text\/css\" data-created_by=\"avia_inline_auto\" id=\"style-css-av-ur2ay-d323f61090cfac10d9dc633bfcf4b3c1\">\n#top .av-special-heading.av-ur2ay-d323f61090cfac10d9dc633bfcf4b3c1{\npadding-bottom:10px;\n}\nbody .av-special-heading.av-ur2ay-d323f61090cfac10d9dc633bfcf4b3c1 .av-special-heading-tag .heading-char{\nfont-size:25px;\n}\n.av-special-heading.av-ur2ay-d323f61090cfac10d9dc633bfcf4b3c1 .av-subheading{\nfont-size:15px;\n}\n<\/style>\n<div  class='av-special-heading av-ur2ay-d323f61090cfac10d9dc633bfcf4b3c1 av-special-heading-h1 custom-color-heading blockquote modern-quote modern-centered  avia-builder-el-1  el_after_av_slideshow_full  el_before_av_hr  avia-builder-el-first '><h1 class='av-special-heading-tag '  itemprop=\"headline\"  >ANIMATEUR DE CONCERT <br \/> JE SUIS LE LIEN ENTRE LES ARTISTES ET LE PUBLIC<\/h1><div class=\"special-heading-border\"><div class=\"special-heading-inner-border\"><\/div><\/div><\/div>\n\n<style type=\"text\/css\" data-created_by=\"avia_inline_auto\" id=\"style-css-av-qj0je-02473bac8fda17025b914feea84ad3d2\">\n#top .hr.av-qj0je-02473bac8fda17025b914feea84ad3d2{\nmargin-top:10px;\nmargin-bottom:10px;\n}\n.hr.av-qj0je-02473bac8fda17025b914feea84ad3d2 .hr-inner{\nwidth:200px;\nmax-width:45%;\n}\n<\/style>\n<div  class='hr av-qj0je-02473bac8fda17025b914feea84ad3d2 hr-custom  avia-builder-el-2  el_after_av_heading  el_before_av_one_half  hr-center hr-icon-yes'><span class='hr-inner inner-border-av-border-thin'><span class=\"hr-inner-style\"><\/span><\/span><span class='av-seperator-icon avia-iconfont avia-font-entypo-fontello' data-av_icon='\ue808' data-av_iconfont='entypo-fontello' ><\/span><span class='hr-inner inner-border-av-border-thin'><span class=\"hr-inner-style\"><\/span><\/span><\/div>\n<div class='flex_column_table av-1ivz62-a6d511d9769a9de95bb48a1b97afa94d sc-av_one_half av-equal-height-column-flextable'><div  class='flex_column av-1ivz62-a6d511d9769a9de95bb48a1b97afa94d av_one_half  avia-builder-el-3  el_after_av_hr  el_before_av_one_half  first flex_column_table_cell av-equal-height-column av-align-top  '     ><p>\n<style type=\"text\/css\" data-created_by=\"avia_inline_auto\" id=\"style-css-av-1fvtne-fa02573683e909e7c4198d22189a3fba\">\n.avia-image-container.av-1fvtne-fa02573683e909e7c4198d22189a3fba img.avia_image{\nbox-shadow:none;\n}\n.avia-image-container.av-1fvtne-fa02573683e909e7c4198d22189a3fba .av-image-caption-overlay-center{\ncolor:#ffffff;\n}\n<\/style>\n<div  class='avia-image-container av-1fvtne-fa02573683e909e7c4198d22189a3fba av-styling- avia-align-center  avia-builder-el-4  el_before_av_image  avia-builder-el-first '   itemprop=\"image\" itemscope=\"itemscope\" itemtype=\"https:\/\/schema.org\/ImageObject\" ><div class=\"avia-image-container-inner\"><div class=\"avia-image-overlay-wrap\"><img alt=\"\" alt=\"\" decoding=\"async\" fetchpriority=\"high\" class='wp-image-177 avia-img-lazy-loading-not-177 avia_image ' src=\"https:\/\/alainanima.com\/wp-content\/uploads\/2025\/09\/ALAIN-ANIMACOM-CONCERT-2-PHOTOS_.png\" alt='' title='ALAIN-ANIMACOM- CONCERT-2 PHOTOS_'  height=\"898\" width=\"1512\"  itemprop=\"thumbnailUrl\" srcset=\"https:\/\/alainanima.com\/wp-content\/uploads\/2025\/09\/ALAIN-ANIMACOM-CONCERT-2-PHOTOS_.png 1512w, https:\/\/alainanima.com\/wp-content\/uploads\/2025\/09\/ALAIN-ANIMACOM-CONCERT-2-PHOTOS_-300x178.png 300w, https:\/\/alainanima.com\/wp-content\/uploads\/2025\/09\/ALAIN-ANIMACOM-CONCERT-2-PHOTOS_-1030x612.png 1030w, https:\/\/alainanima.com\/wp-content\/uploads\/2025\/09\/ALAIN-ANIMACOM-CONCERT-2-PHOTOS_-768x456.png 768w, https:\/\/alainanima.com\/wp-content\/uploads\/2025\/09\/ALAIN-ANIMACOM-CONCERT-2-PHOTOS_-1500x891.png 1500w, https:\/\/alainanima.com\/wp-content\/uploads\/2025\/09\/ALAIN-ANIMACOM-CONCERT-2-PHOTOS_-705x419.png 705w\" sizes=\"(max-width: 1512px) 100vw, 1512px\" \/><\/div><\/div><\/div><br \/>\n\n<style type=\"text\/css\" data-created_by=\"avia_inline_auto\" id=\"style-css-av-17h6l6-6981c6e5a4f3392041c9d5ffedf3ffe8\">\n.avia-image-container.av-17h6l6-6981c6e5a4f3392041c9d5ffedf3ffe8 img.avia_image{\nbox-shadow:none;\n}\n.avia-image-container.av-17h6l6-6981c6e5a4f3392041c9d5ffedf3ffe8 .av-image-caption-overlay-center{\ncolor:#ffffff;\n}\n<\/style>\n<div  class='avia-image-container av-17h6l6-6981c6e5a4f3392041c9d5ffedf3ffe8 av-styling- avia-align-center  avia-builder-el-5  el_after_av_image  avia-builder-el-last '   itemprop=\"image\" itemscope=\"itemscope\" itemtype=\"https:\/\/schema.org\/ImageObject\" ><div class=\"avia-image-container-inner\"><div class=\"avia-image-overlay-wrap\"><img alt=\"\" alt=\"\" decoding=\"async\" fetchpriority=\"high\" class='wp-image-175 avia-img-lazy-loading-not-175 avia_image ' src=\"https:\/\/alainanima.com\/wp-content\/uploads\/2025\/09\/ALAIN-ANIMACOM-CONCERT-LIO.jpg\" alt='' title='ALAIN-ANIMACOM-CONCERT LIO'  height=\"898\" width=\"1512\"  itemprop=\"thumbnailUrl\" srcset=\"https:\/\/alainanima.com\/wp-content\/uploads\/2025\/09\/ALAIN-ANIMACOM-CONCERT-LIO.jpg 1512w, https:\/\/alainanima.com\/wp-content\/uploads\/2025\/09\/ALAIN-ANIMACOM-CONCERT-LIO-300x178.jpg 300w, https:\/\/alainanima.com\/wp-content\/uploads\/2025\/09\/ALAIN-ANIMACOM-CONCERT-LIO-1030x612.jpg 1030w, https:\/\/alainanima.com\/wp-content\/uploads\/2025\/09\/ALAIN-ANIMACOM-CONCERT-LIO-768x456.jpg 768w, https:\/\/alainanima.com\/wp-content\/uploads\/2025\/09\/ALAIN-ANIMACOM-CONCERT-LIO-1500x891.jpg 1500w, https:\/\/alainanima.com\/wp-content\/uploads\/2025\/09\/ALAIN-ANIMACOM-CONCERT-LIO-705x419.jpg 705w\" sizes=\"(max-width: 1512px) 100vw, 1512px\" \/><\/div><\/div><\/div><\/p><\/div>\n<div class='av-flex-placeholder'><\/div><div  class='flex_column av-159jay-d2b4d377dfcfec56ce92793cd8e3d31b av_one_half  avia-builder-el-6  el_after_av_one_half  el_before_av_one_third  flex_column_table_cell av-equal-height-column av-align-top  '     ><section  class='av_textblock_section av-jnue2-e346b2ff2f1bc63b85e014831dd748e5 '   itemscope=\"itemscope\" itemtype=\"https:\/\/schema.org\/CreativeWork\" ><div class='avia_textblock'  itemprop=\"text\" ><h4>Cr\u00e9ant l\u2019ambiance d\u00e8s les premi\u00e8res secondes par mon \u00e9nergie et ma capacit\u00e9 \u00e0 captiver l\u2019audience, j\u2019assure la pr\u00e9sentation du show.<\/p>\n<p>Faire-valoir des artistes, je les mets en lumi\u00e8re lors de leur performance, chacun dans leur sp\u00e9cificit\u00e9 et leur domaine. <\/p>\n<p>Passionn\u00e9 par le milieu artistique, je maintiens l\u2019enthousiasme du public \u00e0 son apog\u00e9e tout au long de l\u2019\u00e9v\u00e9nement avec bienveillance et g\u00e9n\u00e9rosit\u00e9.<\/h4>\n<\/div><\/section><br \/>\n\n<style type=\"text\/css\" data-created_by=\"avia_inline_auto\" id=\"style-css-av-ckajm-9706a12db9700a29d3cbf918b0c478f9\">\n#top .hr.hr-invisible.av-ckajm-9706a12db9700a29d3cbf918b0c478f9{\nheight:20px;\n}\n<\/style>\n<div  class='hr av-ckajm-9706a12db9700a29d3cbf918b0c478f9 hr-invisible  avia-builder-el-8  el_after_av_textblock  el_before_av_image '><span class='hr-inner '><span class=\"hr-inner-style\"><\/span><\/span><\/div><br \/>\n\n<style type=\"text\/css\" data-created_by=\"avia_inline_auto\" id=\"style-css-av-a0r0q-14895662533492da462a8fa3553eb5f5\">\n.avia-image-container.av-a0r0q-14895662533492da462a8fa3553eb5f5 img.avia_image{\nbox-shadow:none;\n}\n.avia-image-container.av-a0r0q-14895662533492da462a8fa3553eb5f5 .av-image-caption-overlay-center{\ncolor:#ffffff;\n}\n<\/style>\n<div  class='avia-image-container av-a0r0q-14895662533492da462a8fa3553eb5f5 av-styling- avia-align-center  avia-builder-el-9  el_after_av_hr  avia-builder-el-last '   itemprop=\"image\" itemscope=\"itemscope\" itemtype=\"https:\/\/schema.org\/ImageObject\" ><div class=\"avia-image-container-inner\"><div class=\"avia-image-overlay-wrap\"><img alt=\"\" alt=\"\" decoding=\"async\" fetchpriority=\"high\" class='wp-image-176 avia-img-lazy-loading-not-176 avia_image ' src=\"https:\/\/alainanima.com\/wp-content\/uploads\/2025\/09\/ALAIN-ANIMACOM-CONCERT.jpg\" alt='' title='ALAIN-ANIMACOM-CONCERT'  height=\"898\" width=\"1512\"  itemprop=\"thumbnailUrl\" srcset=\"https:\/\/alainanima.com\/wp-content\/uploads\/2025\/09\/ALAIN-ANIMACOM-CONCERT.jpg 1512w, https:\/\/alainanima.com\/wp-content\/uploads\/2025\/09\/ALAIN-ANIMACOM-CONCERT-300x178.jpg 300w, https:\/\/alainanima.com\/wp-content\/uploads\/2025\/09\/ALAIN-ANIMACOM-CONCERT-1030x612.jpg 1030w, https:\/\/alainanima.com\/wp-content\/uploads\/2025\/09\/ALAIN-ANIMACOM-CONCERT-768x456.jpg 768w, https:\/\/alainanima.com\/wp-content\/uploads\/2025\/09\/ALAIN-ANIMACOM-CONCERT-1500x891.jpg 1500w, https:\/\/alainanima.com\/wp-content\/uploads\/2025\/09\/ALAIN-ANIMACOM-CONCERT-705x419.jpg 705w\" sizes=\"(max-width: 1512px) 100vw, 1512px\" \/><\/div><\/div><\/div><\/p><\/div><\/div><!--close column table wrapper. Autoclose: 1 --><div  class='flex_column av-av_one_third-cab6cb91e42b24d4f503cdabdc5ed6e0 av_one_third  avia-builder-el-10  el_after_av_one_half  el_before_av_one_third  first flex_column_div  column-top-margin'     ><\/div><\/p>\n<div  class='flex_column av-av_one_third-5ebb9248fb9c120f6665341cb151d4ce av_one_third  avia-builder-el-11  el_after_av_one_third  el_before_av_one_third  flex_column_div  column-top-margin'     ><div  class='avia-button-wrap avia-button-center  avia-builder-el-12  avia-builder-el-no-sibling '>\n<style type=\"text\/css\" data-created_by=\"avia_inline_auto\" id=\"style-css-av-bsr16-78438948f03a03f0734b75421f1e4f13\">\n#top #wrap_all .avia-button.av-bsr16-78438948f03a03f0734b75421f1e4f13{\nbackground-color:#41057d;\nborder-color:#41057d;\ntransition:all 0.4s ease-in-out;\n}\n#top #wrap_all .avia-button.av-bsr16-78438948f03a03f0734b75421f1e4f13:hover{\ncolor:white;\ntransition:all 0.4s ease-in-out;\n}\n#top #wrap_all .avia-button.av-bsr16-78438948f03a03f0734b75421f1e4f13:hover .avia-svg-icon svg:first-child{\nfill:white;\nstroke:white;\n}\n<\/style>\n<a href='https:\/\/alainanima.com\/index.php\/prestations\/' class='avia-font-color-theme-color avia-button avia-button-fullwidth av-bsr16-78438948f03a03f0734b75421f1e4f13 avia-icon_select-yes-left-icon avia-color-custom'   aria-label=\"RETOUR\"><span class='avia_button_icon avia_button_icon_left avia-iconfont avia-font-entypo-fontello' data-av_icon='\ue820' data-av_iconfont='entypo-fontello' ><\/span><span class='avia_iconbox_title' >RETOUR<\/span><span class='avia_button_background avia-button avia-button-fullwidth avia-color-theme-color-highlight'><\/span><\/a><\/div><\/div><div  class='flex_column av-av_one_third-5ebb9248fb9c120f6665341cb151d4ce av_one_third  avia-builder-el-13  el_after_av_one_third  avia-builder-el-last  flex_column_div  column-top-margin'     ><\/div><\/p>\n","protected":false},"excerpt":{"rendered":"","protected":false},"author":1,"featured_media":0,"parent":0,"menu_order":0,"comment_status":"closed","ping_status":"closed","template":"","meta":{"_seopress_robots_primary_cat":"","_seopress_titles_title":"","_seopress_titles_desc":"","_seopress_robots_index":"","footnotes":""},"class_list":["post-178","page","type-page","status-publish","hentry"],"_links":{"self":[{"href":"https:\/\/alainanima.com\/index.php\/wp-json\/wp\/v2\/pages\/178","targetHints":{"allow":["GET"]}}],"collection":[{"href":"https:\/\/alainanima.com\/index.php\/wp-json\/wp\/v2\/pages"}],"about":[{"href":"https:\/\/alainanima.com\/index.php\/wp-json\/wp\/v2\/types\/page"}],"author":[{"embeddable":true,"href":"https:\/\/alainanima.com\/index.php\/wp-json\/wp\/v2\/users\/1"}],"replies":[{"embeddable":true,"href":"https:\/\/alainanima.com\/index.php\/wp-json\/wp\/v2\/comments?post=178"}],"version-history":[{"count":7,"href":"https:\/\/alainanima.com\/index.php\/wp-json\/wp\/v2\/pages\/178\/revisions"}],"predecessor-version":[{"id":352,"href":"https:\/\/alainanima.com\/index.php\/wp-json\/wp\/v2\/pages\/178\/revisions\/352"}],"wp:attachment":[{"href":"https:\/\/alainanima.com\/index.php\/wp-json\/wp\/v2\/media?parent=178"}],"curies":[{"name":"wp","href":"https:\/\/api.w.org\/{rel}","templated":true}]}}