{"id":187,"date":"2025-09-22T11:16:21","date_gmt":"2025-09-22T11:16:21","guid":{"rendered":"https:\/\/alainanima.com\/?page_id=187"},"modified":"2025-09-23T13:12:03","modified_gmt":"2025-09-23T13:12:03","slug":"evenements-et-soirees","status":"publish","type":"page","link":"https:\/\/alainanima.com\/index.php\/evenements-et-soirees\/","title":{"rendered":"\u00c9V\u00c9NEMENTS ET SOIR\u00c9ES"},"content":{"rendered":"<div id='full_slider_1'  class='avia-fullwidth-slider main_color avia-shadow   avia-builder-el-0  el_before_av_heading  avia-builder-el-first   container_wrap sidebar_right'  ><div  class='avia-slideshow av-1ypz8j-924be71c2a35a5ce0019037cf26e4f71 avia-slideshow-no scaling av_slideshow_full avia-slide-slider av-slideshow-ui av-control-default av-slideshow-manual av-loop-once av-loop-manual-endless av-default-height-applied   avia-slideshow-1' data-slideshow-options=\"{&quot;animation&quot;:&quot;slide&quot;,&quot;autoplay&quot;:false,&quot;loop_autoplay&quot;:&quot;once&quot;,&quot;interval&quot;:5,&quot;loop_manual&quot;:&quot;manual-endless&quot;,&quot;autoplay_stopper&quot;:false,&quot;noNavigation&quot;:false,&quot;bg_slider&quot;:false,&quot;keep_padding&quot;:false,&quot;hoverpause&quot;:false,&quot;show_slide_delay&quot;:0}\"  itemprop=\"image\" itemscope=\"itemscope\" itemtype=\"https:\/\/schema.org\/ImageObject\" ><ul class='avia-slideshow-inner ' style='padding-bottom: 28.063063063063%;'><li  class='avia-slideshow-slide av-1ypz8j-924be71c2a35a5ce0019037cf26e4f71__0  av-single-slide slide-1 slide-odd'><div data-rel='slideshow-1' class='avia-slide-wrap '   ><img alt=\"\" alt=\"\" decoding=\"async\" fetchpriority=\"high\" class=\"wp-image-140 avia-img-lazy-loading-not-140\"  src=\"https:\/\/alainanima.com\/wp-content\/uploads\/2025\/09\/ALAIN-ANIMACOM-HEADER-evenement-soiree-entreprise.jpg\" width=\"2220\" height=\"623\" title='ALAIN ANIMACOM-HEADER-evenement-soir\u00e9e-entreprise' alt=''  itemprop=\"thumbnailUrl\" srcset=\"https:\/\/alainanima.com\/wp-content\/uploads\/2025\/09\/ALAIN-ANIMACOM-HEADER-evenement-soiree-entreprise.jpg 2220w, https:\/\/alainanima.com\/wp-content\/uploads\/2025\/09\/ALAIN-ANIMACOM-HEADER-evenement-soiree-entreprise-300x84.jpg 300w, https:\/\/alainanima.com\/wp-content\/uploads\/2025\/09\/ALAIN-ANIMACOM-HEADER-evenement-soiree-entreprise-1030x289.jpg 1030w, https:\/\/alainanima.com\/wp-content\/uploads\/2025\/09\/ALAIN-ANIMACOM-HEADER-evenement-soiree-entreprise-768x216.jpg 768w, https:\/\/alainanima.com\/wp-content\/uploads\/2025\/09\/ALAIN-ANIMACOM-HEADER-evenement-soiree-entreprise-1536x431.jpg 1536w, https:\/\/alainanima.com\/wp-content\/uploads\/2025\/09\/ALAIN-ANIMACOM-HEADER-evenement-soiree-entreprise-2048x575.jpg 2048w, https:\/\/alainanima.com\/wp-content\/uploads\/2025\/09\/ALAIN-ANIMACOM-HEADER-evenement-soiree-entreprise-1500x421.jpg 1500w, https:\/\/alainanima.com\/wp-content\/uploads\/2025\/09\/ALAIN-ANIMACOM-HEADER-evenement-soiree-entreprise-705x198.jpg 705w\" sizes=\"(max-width: 2220px) 100vw, 2220px\" \/><\/div><\/li><\/ul><\/div><\/div><div id='after_full_slider_1'  class='main_color av_default_container_wrap container_wrap sidebar_right'  ><div class='container av-section-cont-open' ><div class='template-page content  av-content-small alpha units'><div class='post-entry post-entry-type-page post-entry-187'><div class='entry-content-wrapper clearfix'>\n\n<style type=\"text\/css\" data-created_by=\"avia_inline_auto\" id=\"style-css-av-1d1y7v-6e281489bf8ef3e706cc96f94691fe9d\">\n#top .av-special-heading.av-1d1y7v-6e281489bf8ef3e706cc96f94691fe9d{\npadding-bottom:10px;\n}\nbody .av-special-heading.av-1d1y7v-6e281489bf8ef3e706cc96f94691fe9d .av-special-heading-tag .heading-char{\nfont-size:25px;\n}\n.av-special-heading.av-1d1y7v-6e281489bf8ef3e706cc96f94691fe9d .av-subheading{\nfont-size:15px;\n}\n<\/style>\n<div  class='av-special-heading av-1d1y7v-6e281489bf8ef3e706cc96f94691fe9d av-special-heading-h1 custom-color-heading blockquote modern-quote modern-centered  avia-builder-el-1  el_after_av_slideshow_full  el_before_av_hr  avia-builder-el-first '><h1 class='av-special-heading-tag '  itemprop=\"headline\"  >MON R\u00d4LE EST DE DYNAMISER L\u2019AMBIANCE, <br \/>D\u2019ENCADRER LES ACTIVIT\u00c9S<\/h1><div class=\"special-heading-border\"><div class=\"special-heading-inner-border\"><\/div><\/div><\/div>\n\n<style type=\"text\/css\" data-created_by=\"avia_inline_auto\" id=\"style-css-av-19rdp7-147cea6233fc4b50a94051e66eefbd89\">\n#top .hr.av-19rdp7-147cea6233fc4b50a94051e66eefbd89{\nmargin-top:10px;\nmargin-bottom:10px;\n}\n.hr.av-19rdp7-147cea6233fc4b50a94051e66eefbd89 .hr-inner{\nwidth:200px;\nmax-width:45%;\n}\n<\/style>\n<div  class='hr av-19rdp7-147cea6233fc4b50a94051e66eefbd89 hr-custom  avia-builder-el-2  el_after_av_heading  el_before_av_one_half  hr-center hr-icon-yes'><span class='hr-inner inner-border-av-border-thin'><span class=\"hr-inner-style\"><\/span><\/span><span class='av-seperator-icon avia-iconfont avia-font-entypo-fontello' data-av_icon='\ue808' data-av_iconfont='entypo-fontello' ><\/span><span class='hr-inner inner-border-av-border-thin'><span class=\"hr-inner-style\"><\/span><\/span><\/div>\n<div class='flex_column_table av-1iwomz-7d6175e668a93383142ba85da4a6d0c6 sc-av_one_half av-equal-height-column-flextable'><div  class='flex_column av-1iwomz-7d6175e668a93383142ba85da4a6d0c6 av_one_half  avia-builder-el-3  el_after_av_hr  el_before_av_one_half  first flex_column_table_cell av-equal-height-column av-align-top  '     ><section  class='av_textblock_section av-15e2w3-d6c695fdd00b0f60766be2d5880c0a13 '   itemscope=\"itemscope\" itemtype=\"https:\/\/schema.org\/CreativeWork\" ><div class='avia_textblock'  itemprop=\"text\" ><h4>Dans l\u2019objectif que l\u2019\u00e9v\u00e9nement se d\u00e9roule de mani\u00e8re fluide et conviviale, je motive les participants, g\u00e8re les encha\u00eenements et le suivi de la soir\u00e9e ou de l\u2019inauguration et veille \u00e0 ce que chacun passe un bon moment.<\/p>\n<p>Me coordonnant avec les prestataires, je pr\u00e9sente les moments cl\u00e9s comme les discours ou remises de prix et j\u2019interagis avec le public pour maintenir une\u00a0ambiance dynamique.<\/h4>\n<\/div><\/section><br \/>\n\n<style type=\"text\/css\" data-created_by=\"avia_inline_auto\" id=\"style-css-av-yqplv-613bfde9249726b2dd9630bbcf22063e\">\n#top .hr.hr-invisible.av-yqplv-613bfde9249726b2dd9630bbcf22063e{\nheight:20px;\n}\n<\/style>\n<div  class='hr av-yqplv-613bfde9249726b2dd9630bbcf22063e hr-invisible  avia-builder-el-5  el_after_av_textblock  el_before_av_image '><span class='hr-inner '><span class=\"hr-inner-style\"><\/span><\/span><\/div><br \/>\n\n<style type=\"text\/css\" data-created_by=\"avia_inline_auto\" id=\"style-css-av-2yttn-b1b948d66777ae29c67b4a3654a6f2ad\">\n.avia-image-container.av-2yttn-b1b948d66777ae29c67b4a3654a6f2ad img.avia_image{\nbox-shadow:none;\n}\n.avia-image-container.av-2yttn-b1b948d66777ae29c67b4a3654a6f2ad .av-image-caption-overlay-center{\ncolor:#ffffff;\n}\n<\/style>\n<div  class='avia-image-container av-2yttn-b1b948d66777ae29c67b4a3654a6f2ad av-styling- avia-align-center  avia-builder-el-6  el_after_av_hr  el_before_av_hr '   itemprop=\"image\" itemscope=\"itemscope\" itemtype=\"https:\/\/schema.org\/ImageObject\" ><div class=\"avia-image-container-inner\"><div class=\"avia-image-overlay-wrap\"><img alt=\"\" alt=\"\" decoding=\"async\" fetchpriority=\"high\" class='wp-image-192 avia-img-lazy-loading-not-192 avia_image ' src=\"https:\/\/alainanima.com\/wp-content\/uploads\/2025\/09\/ALAIN-ANIMACOM-EVENEMENT-SOIREE-2-PHOTOS_.png\" alt='' title='ALAIN-ANIMACOM-EVENEMENT SOIR\u00c9E -2 PHOTOS_'  height=\"898\" width=\"1512\"  itemprop=\"thumbnailUrl\" srcset=\"https:\/\/alainanima.com\/wp-content\/uploads\/2025\/09\/ALAIN-ANIMACOM-EVENEMENT-SOIREE-2-PHOTOS_.png 1512w, https:\/\/alainanima.com\/wp-content\/uploads\/2025\/09\/ALAIN-ANIMACOM-EVENEMENT-SOIREE-2-PHOTOS_-300x178.png 300w, https:\/\/alainanima.com\/wp-content\/uploads\/2025\/09\/ALAIN-ANIMACOM-EVENEMENT-SOIREE-2-PHOTOS_-1030x612.png 1030w, https:\/\/alainanima.com\/wp-content\/uploads\/2025\/09\/ALAIN-ANIMACOM-EVENEMENT-SOIREE-2-PHOTOS_-768x456.png 768w, https:\/\/alainanima.com\/wp-content\/uploads\/2025\/09\/ALAIN-ANIMACOM-EVENEMENT-SOIREE-2-PHOTOS_-1500x891.png 1500w, https:\/\/alainanima.com\/wp-content\/uploads\/2025\/09\/ALAIN-ANIMACOM-EVENEMENT-SOIREE-2-PHOTOS_-705x419.png 705w\" sizes=\"(max-width: 1512px) 100vw, 1512px\" \/><\/div><\/div><\/div><br \/>\n\n<style type=\"text\/css\" data-created_by=\"avia_inline_auto\" id=\"style-css-av-eog2b-5690e2d39b2d83014f6dc3b80160629e\">\n#top .hr.hr-invisible.av-eog2b-5690e2d39b2d83014f6dc3b80160629e{\nheight:20px;\n}\n<\/style>\n<div  class='hr av-eog2b-5690e2d39b2d83014f6dc3b80160629e hr-invisible  avia-builder-el-7  el_after_av_image  avia-builder-el-last '><span class='hr-inner '><span class=\"hr-inner-style\"><\/span><\/span><\/div><\/p><\/div><div class='av-flex-placeholder'><\/div><div  class='flex_column av-js8kr-9dc494828b313bc82ade53a8e3e78dd9 av_one_half  avia-builder-el-8  el_after_av_one_half  el_before_av_one_third  flex_column_table_cell av-equal-height-column av-align-top  '     ><p>\n<style type=\"text\/css\" data-created_by=\"avia_inline_auto\" id=\"style-css-av-d373v-e3b3fb799183c9179f134dea4488fa85\">\n.avia-image-container.av-d373v-e3b3fb799183c9179f134dea4488fa85 img.avia_image{\nbox-shadow:none;\n}\n.avia-image-container.av-d373v-e3b3fb799183c9179f134dea4488fa85 .av-image-caption-overlay-center{\ncolor:#ffffff;\n}\n<\/style>\n<div  class='avia-image-container av-d373v-e3b3fb799183c9179f134dea4488fa85 av-styling- avia-align-center  avia-builder-el-9  el_before_av_image  avia-builder-el-first '   itemprop=\"image\" itemscope=\"itemscope\" itemtype=\"https:\/\/schema.org\/ImageObject\" ><div class=\"avia-image-container-inner\"><div class=\"avia-image-overlay-wrap\"><img alt=\"\" alt=\"\" decoding=\"async\" fetchpriority=\"high\" class='wp-image-191 avia-img-lazy-loading-not-191 avia_image ' src=\"https:\/\/alainanima.com\/wp-content\/uploads\/2025\/09\/ALAIN-ANIMACOM-EVENEMENT-SOIREE-2-PHOTOS-copie.png\" alt='' title='ALAIN-ANIMACOM-EVENEMENT SOIR\u00c9E -2 PHOTOS copie'  height=\"898\" width=\"1512\"  itemprop=\"thumbnailUrl\" srcset=\"https:\/\/alainanima.com\/wp-content\/uploads\/2025\/09\/ALAIN-ANIMACOM-EVENEMENT-SOIREE-2-PHOTOS-copie.png 1512w, https:\/\/alainanima.com\/wp-content\/uploads\/2025\/09\/ALAIN-ANIMACOM-EVENEMENT-SOIREE-2-PHOTOS-copie-300x178.png 300w, https:\/\/alainanima.com\/wp-content\/uploads\/2025\/09\/ALAIN-ANIMACOM-EVENEMENT-SOIREE-2-PHOTOS-copie-1030x612.png 1030w, https:\/\/alainanima.com\/wp-content\/uploads\/2025\/09\/ALAIN-ANIMACOM-EVENEMENT-SOIREE-2-PHOTOS-copie-768x456.png 768w, https:\/\/alainanima.com\/wp-content\/uploads\/2025\/09\/ALAIN-ANIMACOM-EVENEMENT-SOIREE-2-PHOTOS-copie-1500x891.png 1500w, https:\/\/alainanima.com\/wp-content\/uploads\/2025\/09\/ALAIN-ANIMACOM-EVENEMENT-SOIREE-2-PHOTOS-copie-705x419.png 705w\" sizes=\"(max-width: 1512px) 100vw, 1512px\" \/><\/div><\/div><\/div><br \/>\n\n<style type=\"text\/css\" data-created_by=\"avia_inline_auto\" id=\"style-css-av-mfv1d236-830ca382eddc53eef0d4aeab9cccf6c0\">\n.avia-image-container.av-mfv1d236-830ca382eddc53eef0d4aeab9cccf6c0 img.avia_image{\nbox-shadow:none;\n}\n.avia-image-container.av-mfv1d236-830ca382eddc53eef0d4aeab9cccf6c0 .av-image-caption-overlay-center{\ncolor:#ffffff;\n}\n<\/style>\n<div  class='avia-image-container av-mfv1d236-830ca382eddc53eef0d4aeab9cccf6c0 av-styling- avia-align-center  avia-builder-el-10  el_after_av_image  avia-builder-el-last '   itemprop=\"image\" itemscope=\"itemscope\" itemtype=\"https:\/\/schema.org\/ImageObject\" ><div class=\"avia-image-container-inner\"><div class=\"avia-image-overlay-wrap\"><img alt=\"\" alt=\"\" decoding=\"async\" fetchpriority=\"high\" class='wp-image-193 avia-img-lazy-loading-not-193 avia_image ' src=\"https:\/\/alainanima.com\/wp-content\/uploads\/2025\/09\/ALAIN-ANIMACOM-EVENEMENT-SOIREE_.jpg\" alt='' title='ALAIN-ANIMACOM-EVENEMENT SOIR\u00c9E_'  height=\"898\" width=\"1512\"  itemprop=\"thumbnailUrl\" srcset=\"https:\/\/alainanima.com\/wp-content\/uploads\/2025\/09\/ALAIN-ANIMACOM-EVENEMENT-SOIREE_.jpg 1512w, https:\/\/alainanima.com\/wp-content\/uploads\/2025\/09\/ALAIN-ANIMACOM-EVENEMENT-SOIREE_-300x178.jpg 300w, https:\/\/alainanima.com\/wp-content\/uploads\/2025\/09\/ALAIN-ANIMACOM-EVENEMENT-SOIREE_-1030x612.jpg 1030w, https:\/\/alainanima.com\/wp-content\/uploads\/2025\/09\/ALAIN-ANIMACOM-EVENEMENT-SOIREE_-768x456.jpg 768w, https:\/\/alainanima.com\/wp-content\/uploads\/2025\/09\/ALAIN-ANIMACOM-EVENEMENT-SOIREE_-1500x891.jpg 1500w, https:\/\/alainanima.com\/wp-content\/uploads\/2025\/09\/ALAIN-ANIMACOM-EVENEMENT-SOIREE_-705x419.jpg 705w\" sizes=\"(max-width: 1512px) 100vw, 1512px\" \/><\/div><\/div><\/div><\/p><\/div><\/div><!--close column table wrapper. Autoclose: 1 --><\/p>\n<div  class='flex_column av-av_one_third-cab6cb91e42b24d4f503cdabdc5ed6e0 av_one_third  avia-builder-el-11  el_after_av_one_half  el_before_av_one_third  first flex_column_div  column-top-margin'     ><\/div>\n<div  class='flex_column av-av_one_third-5ebb9248fb9c120f6665341cb151d4ce av_one_third  avia-builder-el-12  el_after_av_one_third  el_before_av_one_third  flex_column_div  column-top-margin'     ><div  class='avia-button-wrap avia-button-center  avia-builder-el-13  avia-builder-el-no-sibling '>\n<style type=\"text\/css\" data-created_by=\"avia_inline_auto\" id=\"style-css-av-6vqcr-f95b68cc327fb88de054c749be2836c6\">\n#top #wrap_all .avia-button.av-6vqcr-f95b68cc327fb88de054c749be2836c6{\nbackground-color:#41057d;\nborder-color:#41057d;\ntransition:all 0.4s ease-in-out;\n}\n#top #wrap_all .avia-button.av-6vqcr-f95b68cc327fb88de054c749be2836c6:hover{\ncolor:white;\ntransition:all 0.4s ease-in-out;\n}\n#top #wrap_all .avia-button.av-6vqcr-f95b68cc327fb88de054c749be2836c6:hover .avia-svg-icon svg:first-child{\nfill:white;\nstroke:white;\n}\n<\/style>\n<a href='https:\/\/alainanima.com\/index.php\/prestations\/' class='avia-font-color-theme-color avia-button avia-button-fullwidth av-6vqcr-f95b68cc327fb88de054c749be2836c6 avia-icon_select-yes-left-icon avia-color-custom'   aria-label=\"RETOUR\"><span class='avia_button_icon avia_button_icon_left avia-iconfont avia-font-entypo-fontello' data-av_icon='\ue820' data-av_iconfont='entypo-fontello' ><\/span><span class='avia_iconbox_title' >RETOUR<\/span><span class='avia_button_background avia-button avia-button-fullwidth avia-color-theme-color-highlight'><\/span><\/a><\/div><\/div><div  class='flex_column av-av_one_third-5ebb9248fb9c120f6665341cb151d4ce av_one_third  avia-builder-el-14  el_after_av_one_third  avia-builder-el-last  flex_column_div  column-top-margin'     ><\/div><\/p>\n","protected":false},"excerpt":{"rendered":"","protected":false},"author":1,"featured_media":0,"parent":0,"menu_order":0,"comment_status":"closed","ping_status":"closed","template":"","meta":{"_seopress_robots_primary_cat":"","_seopress_titles_title":"","_seopress_titles_desc":"","_seopress_robots_index":"","footnotes":""},"class_list":["post-187","page","type-page","status-publish","hentry"],"_links":{"self":[{"href":"https:\/\/alainanima.com\/index.php\/wp-json\/wp\/v2\/pages\/187","targetHints":{"allow":["GET"]}}],"collection":[{"href":"https:\/\/alainanima.com\/index.php\/wp-json\/wp\/v2\/pages"}],"about":[{"href":"https:\/\/alainanima.com\/index.php\/wp-json\/wp\/v2\/types\/page"}],"author":[{"embeddable":true,"href":"https:\/\/alainanima.com\/index.php\/wp-json\/wp\/v2\/users\/1"}],"replies":[{"embeddable":true,"href":"https:\/\/alainanima.com\/index.php\/wp-json\/wp\/v2\/comments?post=187"}],"version-history":[{"count":6,"href":"https:\/\/alainanima.com\/index.php\/wp-json\/wp\/v2\/pages\/187\/revisions"}],"predecessor-version":[{"id":353,"href":"https:\/\/alainanima.com\/index.php\/wp-json\/wp\/v2\/pages\/187\/revisions\/353"}],"wp:attachment":[{"href":"https:\/\/alainanima.com\/index.php\/wp-json\/wp\/v2\/media?parent=187"}],"curies":[{"name":"wp","href":"https:\/\/api.w.org\/{rel}","templated":true}]}}