{"id":200,"date":"2025-09-22T11:31:43","date_gmt":"2025-09-22T11:31:43","guid":{"rendered":"https:\/\/alainanima.com\/?page_id=200"},"modified":"2025-09-23T13:12:30","modified_gmt":"2025-09-23T13:12:30","slug":"interviews","status":"publish","type":"page","link":"https:\/\/alainanima.com\/index.php\/interviews\/","title":{"rendered":"INTERVIEWS"},"content":{"rendered":"<div id='full_slider_1'  class='avia-fullwidth-slider main_color avia-shadow   avia-builder-el-0  el_before_av_heading  avia-builder-el-first   container_wrap sidebar_right'  ><div  class='avia-slideshow av-1v7bu0-97ceb2b2a045cb9f545e79c3b2bc4d01 avia-slideshow-no scaling av_slideshow_full avia-slide-slider av-slideshow-ui av-control-default av-slideshow-manual av-loop-once av-loop-manual-endless av-default-height-applied   avia-slideshow-1' data-slideshow-options=\"{&quot;animation&quot;:&quot;slide&quot;,&quot;autoplay&quot;:false,&quot;loop_autoplay&quot;:&quot;once&quot;,&quot;interval&quot;:5,&quot;loop_manual&quot;:&quot;manual-endless&quot;,&quot;autoplay_stopper&quot;:false,&quot;noNavigation&quot;:false,&quot;bg_slider&quot;:false,&quot;keep_padding&quot;:false,&quot;hoverpause&quot;:false,&quot;show_slide_delay&quot;:0}\"  itemprop=\"image\" itemscope=\"itemscope\" itemtype=\"https:\/\/schema.org\/ImageObject\" ><ul class='avia-slideshow-inner ' style='padding-bottom: 28.063063063063%;'><li  class='avia-slideshow-slide av-1v7bu0-97ceb2b2a045cb9f545e79c3b2bc4d01__0  av-single-slide slide-1 slide-odd'><div data-rel='slideshow-1' class='avia-slide-wrap '   ><img alt=\"\" alt=\"\" decoding=\"async\" fetchpriority=\"high\" class=\"wp-image-141 avia-img-lazy-loading-not-141\"  src=\"https:\/\/alainanima.com\/wp-content\/uploads\/2025\/09\/ALAIN-ANIMACOM-HEADER-INTERVIEWS.jpg\" width=\"2220\" height=\"623\" title='ALAIN ANIMACOM-HEADER-INTERVIEWS' alt=''  itemprop=\"thumbnailUrl\" srcset=\"https:\/\/alainanima.com\/wp-content\/uploads\/2025\/09\/ALAIN-ANIMACOM-HEADER-INTERVIEWS.jpg 2220w, https:\/\/alainanima.com\/wp-content\/uploads\/2025\/09\/ALAIN-ANIMACOM-HEADER-INTERVIEWS-300x84.jpg 300w, https:\/\/alainanima.com\/wp-content\/uploads\/2025\/09\/ALAIN-ANIMACOM-HEADER-INTERVIEWS-1030x289.jpg 1030w, https:\/\/alainanima.com\/wp-content\/uploads\/2025\/09\/ALAIN-ANIMACOM-HEADER-INTERVIEWS-768x216.jpg 768w, https:\/\/alainanima.com\/wp-content\/uploads\/2025\/09\/ALAIN-ANIMACOM-HEADER-INTERVIEWS-1536x431.jpg 1536w, https:\/\/alainanima.com\/wp-content\/uploads\/2025\/09\/ALAIN-ANIMACOM-HEADER-INTERVIEWS-2048x575.jpg 2048w, https:\/\/alainanima.com\/wp-content\/uploads\/2025\/09\/ALAIN-ANIMACOM-HEADER-INTERVIEWS-1500x421.jpg 1500w, https:\/\/alainanima.com\/wp-content\/uploads\/2025\/09\/ALAIN-ANIMACOM-HEADER-INTERVIEWS-705x198.jpg 705w\" sizes=\"(max-width: 2220px) 100vw, 2220px\" \/><\/div><\/li><\/ul><\/div><\/div><div id='after_full_slider_1'  class='main_color av_default_container_wrap container_wrap sidebar_right'  ><div class='container av-section-cont-open' ><div class='template-page content  av-content-small alpha units'><div class='post-entry post-entry-type-page post-entry-200'><div class='entry-content-wrapper clearfix'>\n\n<style type=\"text\/css\" data-created_by=\"avia_inline_auto\" id=\"style-css-av-uy1v4-6a747e0e098074b9d652d7fce26ef175\">\n#top .av-special-heading.av-uy1v4-6a747e0e098074b9d652d7fce26ef175{\npadding-bottom:10px;\n}\nbody .av-special-heading.av-uy1v4-6a747e0e098074b9d652d7fce26ef175 .av-special-heading-tag .heading-char{\nfont-size:25px;\n}\n.av-special-heading.av-uy1v4-6a747e0e098074b9d652d7fce26ef175 .av-subheading{\nfont-size:15px;\n}\n<\/style>\n<div  class='av-special-heading av-uy1v4-6a747e0e098074b9d652d7fce26ef175 av-special-heading-h1 custom-color-heading blockquote modern-quote modern-centered  avia-builder-el-1  el_after_av_slideshow_full  el_before_av_hr  avia-builder-el-first '><h1 class='av-special-heading-tag '  itemprop=\"headline\"  >MON R\u00d4LE EST DE CONDUIRE DES DISCUSSIONS <br \/>AVEC DES INVIT\u00c9S<\/h1><div class=\"special-heading-border\"><div class=\"special-heading-inner-border\"><\/div><\/div><\/div>\n\n<style type=\"text\/css\" data-created_by=\"avia_inline_auto\" id=\"style-css-av-pqtw8-377fe84e8f22de449827b03ae5dc74a7\">\n#top .hr.av-pqtw8-377fe84e8f22de449827b03ae5dc74a7{\nmargin-top:10px;\nmargin-bottom:10px;\n}\n.hr.av-pqtw8-377fe84e8f22de449827b03ae5dc74a7 .hr-inner{\nwidth:200px;\nmax-width:45%;\n}\n<\/style>\n<div  class='hr av-pqtw8-377fe84e8f22de449827b03ae5dc74a7 hr-custom  avia-builder-el-2  el_after_av_heading  el_before_av_one_half  hr-center hr-icon-yes'><span class='hr-inner inner-border-av-border-thin'><span class=\"hr-inner-style\"><\/span><\/span><span class='av-seperator-icon avia-iconfont avia-font-entypo-fontello' data-av_icon='\ue808' data-av_iconfont='entypo-fontello' ><\/span><span class='hr-inner inner-border-av-border-thin'><span class=\"hr-inner-style\"><\/span><\/span><\/div>\n<div class='flex_column_table av-1jmgw0-1321c8e587f4863cbb7623566c050596 sc-av_one_half av-equal-height-column-flextable'><div  class='flex_column av-1jmgw0-1321c8e587f4863cbb7623566c050596 av_one_half  avia-builder-el-3  el_after_av_hr  el_before_av_one_half  first flex_column_table_cell av-equal-height-column av-align-top  '     ><p>\n<style type=\"text\/css\" data-created_by=\"avia_inline_auto\" id=\"style-css-av-1e17io-7663cbb78262629bcb43271cd13fbb54\">\n.avia-image-container.av-1e17io-7663cbb78262629bcb43271cd13fbb54 img.avia_image{\nbox-shadow:none;\n}\n.avia-image-container.av-1e17io-7663cbb78262629bcb43271cd13fbb54 .av-image-caption-overlay-center{\ncolor:#ffffff;\n}\n<\/style>\n<div  class='avia-image-container av-1e17io-7663cbb78262629bcb43271cd13fbb54 av-styling- avia-align-center  avia-builder-el-4  el_before_av_image  avia-builder-el-first '   itemprop=\"image\" itemscope=\"itemscope\" itemtype=\"https:\/\/schema.org\/ImageObject\" ><div class=\"avia-image-container-inner\"><div class=\"avia-image-overlay-wrap\"><img alt=\"\" alt=\"\" decoding=\"async\" fetchpriority=\"high\" class='wp-image-197 avia-img-lazy-loading-not-197 avia_image ' src=\"https:\/\/alainanima.com\/wp-content\/uploads\/2025\/09\/ALAIN-ANIMACOM-INTERVIEW-2-PHOTOS.png\" alt='' title='ALAIN-ANIMACOM-INTERVIEW- 2 PHOTOS'  height=\"898\" width=\"1512\"  itemprop=\"thumbnailUrl\" srcset=\"https:\/\/alainanima.com\/wp-content\/uploads\/2025\/09\/ALAIN-ANIMACOM-INTERVIEW-2-PHOTOS.png 1512w, https:\/\/alainanima.com\/wp-content\/uploads\/2025\/09\/ALAIN-ANIMACOM-INTERVIEW-2-PHOTOS-300x178.png 300w, https:\/\/alainanima.com\/wp-content\/uploads\/2025\/09\/ALAIN-ANIMACOM-INTERVIEW-2-PHOTOS-1030x612.png 1030w, https:\/\/alainanima.com\/wp-content\/uploads\/2025\/09\/ALAIN-ANIMACOM-INTERVIEW-2-PHOTOS-768x456.png 768w, https:\/\/alainanima.com\/wp-content\/uploads\/2025\/09\/ALAIN-ANIMACOM-INTERVIEW-2-PHOTOS-1500x891.png 1500w, https:\/\/alainanima.com\/wp-content\/uploads\/2025\/09\/ALAIN-ANIMACOM-INTERVIEW-2-PHOTOS-705x419.png 705w\" sizes=\"(max-width: 1512px) 100vw, 1512px\" \/><\/div><\/div><\/div><br \/>\n\n<style type=\"text\/css\" data-created_by=\"avia_inline_auto\" id=\"style-css-av-48ws8-c71a891c3bd43b4ba88a5253066d5928\">\n.avia-image-container.av-48ws8-c71a891c3bd43b4ba88a5253066d5928 img.avia_image{\nbox-shadow:none;\n}\n.avia-image-container.av-48ws8-c71a891c3bd43b4ba88a5253066d5928 .av-image-caption-overlay-center{\ncolor:#ffffff;\n}\n<\/style>\n<div  class='avia-image-container av-48ws8-c71a891c3bd43b4ba88a5253066d5928 av-styling- avia-align-center  avia-builder-el-5  el_after_av_image  avia-builder-el-last '   itemprop=\"image\" itemscope=\"itemscope\" itemtype=\"https:\/\/schema.org\/ImageObject\" ><div class=\"avia-image-container-inner\"><div class=\"avia-image-overlay-wrap\"><img alt=\"\" alt=\"\" decoding=\"async\" fetchpriority=\"high\" class='wp-image-196 avia-img-lazy-loading-not-196 avia_image ' src=\"https:\/\/alainanima.com\/wp-content\/uploads\/2025\/09\/ALAIN-ANIMACOM-INTERVIEW-copie.jpg\" alt='' title='ALAIN-ANIMACOM-INTERVIEW copie'  height=\"898\" width=\"1512\"  itemprop=\"thumbnailUrl\" srcset=\"https:\/\/alainanima.com\/wp-content\/uploads\/2025\/09\/ALAIN-ANIMACOM-INTERVIEW-copie.jpg 1512w, https:\/\/alainanima.com\/wp-content\/uploads\/2025\/09\/ALAIN-ANIMACOM-INTERVIEW-copie-300x178.jpg 300w, https:\/\/alainanima.com\/wp-content\/uploads\/2025\/09\/ALAIN-ANIMACOM-INTERVIEW-copie-1030x612.jpg 1030w, https:\/\/alainanima.com\/wp-content\/uploads\/2025\/09\/ALAIN-ANIMACOM-INTERVIEW-copie-768x456.jpg 768w, https:\/\/alainanima.com\/wp-content\/uploads\/2025\/09\/ALAIN-ANIMACOM-INTERVIEW-copie-1500x891.jpg 1500w, https:\/\/alainanima.com\/wp-content\/uploads\/2025\/09\/ALAIN-ANIMACOM-INTERVIEW-copie-705x419.jpg 705w\" sizes=\"(max-width: 1512px) 100vw, 1512px\" \/><\/div><\/div><\/div><\/p><\/div>\n<div class='av-flex-placeholder'><\/div><div  class='flex_column av-14ghso-98b3f0d6b33cd10b1d263aa3669b391e av_one_half  avia-builder-el-6  el_after_av_one_half  el_before_av_one_third  flex_column_table_cell av-equal-height-column av-align-top  '     ><section  class='av_textblock_section av-j10nc-19ca9b4d9970c7d5f286d4d23b810e3f '   itemscope=\"itemscope\" itemtype=\"https:\/\/schema.org\/CreativeWork\" ><div class='avia_textblock'  itemprop=\"text\" ><h4>En tant qu\u2019animateur, je r\u00e9alise les interviews des experts ou des participants lors d\u2019\u00e9v\u00e9nements, de conf\u00e9rences, de podcasts ou \u00e0 la t\u00e9l\u00e9vision.<\/h4>\n<h4>\nApr\u00e8s avoir pr\u00e9par\u00e9 les questions, j\u2019\u00e9tablis une relation de confiance avec l\u2019interview\u00e9 et guide la conversation de mani\u00e8re fluide et engageante.<br \/>\nL\u2019une de mes comp\u00e9tences cl\u00e9s est de savoir faire parler les personnes qui ne s\u2019expriment pas facilement.<\/h4>\n<h4>\nGr\u00e2ce \u00e0 une \u00e9coute active et des questions ouvertes, je parviens \u00e0 cr\u00e9er un environnement confortable o\u00f9 l\u2019interview\u00e9 se sent en confiance pour partager ses id\u00e9es, m\u00eame s\u2019il est r\u00e9serv\u00e9.<br \/>\nMon objectif est de rendre l\u2019entretien captivant et informatif pour l\u2019audience, tout en maintenant<br \/>\nun ton professionnel et en apportant des \u00e9l\u00e9ments int\u00e9ressants et divertissants pour enrichir la discussion.<\/h4>\n<\/div><\/section><br \/>\n\n<style type=\"text\/css\" data-created_by=\"avia_inline_auto\" id=\"style-css-av-dr8uw-cc818a122b3f11cb69a267320249f6b1\">\n#top .hr.hr-invisible.av-dr8uw-cc818a122b3f11cb69a267320249f6b1{\nheight:50px;\n}\n<\/style>\n<div  class='hr av-dr8uw-cc818a122b3f11cb69a267320249f6b1 hr-invisible  avia-builder-el-8  el_after_av_textblock  el_before_av_image '><span class='hr-inner '><span class=\"hr-inner-style\"><\/span><\/span><\/div><br \/>\n\n<style type=\"text\/css\" data-created_by=\"avia_inline_auto\" id=\"style-css-av-blm3s-eab38d16beb9e55795af3092044c9790\">\n.avia-image-container.av-blm3s-eab38d16beb9e55795af3092044c9790 img.avia_image{\nbox-shadow:none;\n}\n.avia-image-container.av-blm3s-eab38d16beb9e55795af3092044c9790 .av-image-caption-overlay-center{\ncolor:#ffffff;\n}\n<\/style>\n<div  class='avia-image-container av-blm3s-eab38d16beb9e55795af3092044c9790 av-styling- avia-align-center  avia-builder-el-9  el_after_av_hr  el_before_av_hr '   itemprop=\"image\" itemscope=\"itemscope\" itemtype=\"https:\/\/schema.org\/ImageObject\" ><div class=\"avia-image-container-inner\"><div class=\"avia-image-overlay-wrap\"><img alt=\"\" alt=\"\" decoding=\"async\" fetchpriority=\"high\" class='wp-image-198 avia-img-lazy-loading-not-198 avia_image ' src=\"https:\/\/alainanima.com\/wp-content\/uploads\/2025\/09\/ALAIN-ANIMACOM-INTERVIEW.jpg\" alt='' title='ALAIN-ANIMACOM-INTERVIEW'  height=\"898\" width=\"1512\"  itemprop=\"thumbnailUrl\" srcset=\"https:\/\/alainanima.com\/wp-content\/uploads\/2025\/09\/ALAIN-ANIMACOM-INTERVIEW.jpg 1512w, https:\/\/alainanima.com\/wp-content\/uploads\/2025\/09\/ALAIN-ANIMACOM-INTERVIEW-300x178.jpg 300w, https:\/\/alainanima.com\/wp-content\/uploads\/2025\/09\/ALAIN-ANIMACOM-INTERVIEW-1030x612.jpg 1030w, https:\/\/alainanima.com\/wp-content\/uploads\/2025\/09\/ALAIN-ANIMACOM-INTERVIEW-768x456.jpg 768w, https:\/\/alainanima.com\/wp-content\/uploads\/2025\/09\/ALAIN-ANIMACOM-INTERVIEW-1500x891.jpg 1500w, https:\/\/alainanima.com\/wp-content\/uploads\/2025\/09\/ALAIN-ANIMACOM-INTERVIEW-705x419.jpg 705w\" sizes=\"(max-width: 1512px) 100vw, 1512px\" \/><\/div><\/div><\/div><br \/>\n\n<style type=\"text\/css\" data-created_by=\"avia_inline_auto\" id=\"style-css-av-h9tyg-a2782bd8dc72d219da063b342f26a6df\">\n#top .hr.hr-invisible.av-h9tyg-a2782bd8dc72d219da063b342f26a6df{\nheight:50px;\n}\n<\/style>\n<div  class='hr av-h9tyg-a2782bd8dc72d219da063b342f26a6df hr-invisible  avia-builder-el-10  el_after_av_image  avia-builder-el-last '><span class='hr-inner '><span class=\"hr-inner-style\"><\/span><\/span><\/div><\/p><\/div><\/div><!--close column table wrapper. Autoclose: 1 --><div  class='flex_column av-av_one_third-cab6cb91e42b24d4f503cdabdc5ed6e0 av_one_third  avia-builder-el-11  el_after_av_one_half  el_before_av_one_third  first flex_column_div  column-top-margin'     ><\/div><\/p>\n<div  class='flex_column av-av_one_third-5ebb9248fb9c120f6665341cb151d4ce av_one_third  avia-builder-el-12  el_after_av_one_third  el_before_av_one_third  flex_column_div  column-top-margin'     ><div  class='avia-button-wrap avia-button-center  avia-builder-el-13  avia-builder-el-no-sibling '>\n<style type=\"text\/css\" data-created_by=\"avia_inline_auto\" id=\"style-css-av-9so54-46803845dbf3afc30fb2a65735ead421\">\n#top #wrap_all .avia-button.av-9so54-46803845dbf3afc30fb2a65735ead421{\nbackground-color:#41057d;\nborder-color:#41057d;\ntransition:all 0.4s ease-in-out;\n}\n#top #wrap_all .avia-button.av-9so54-46803845dbf3afc30fb2a65735ead421:hover{\ncolor:white;\ntransition:all 0.4s ease-in-out;\n}\n#top #wrap_all .avia-button.av-9so54-46803845dbf3afc30fb2a65735ead421:hover .avia-svg-icon svg:first-child{\nfill:white;\nstroke:white;\n}\n<\/style>\n<a href='https:\/\/alainanima.com\/index.php\/prestations\/' class='avia-font-color-theme-color avia-button avia-button-fullwidth av-9so54-46803845dbf3afc30fb2a65735ead421 avia-icon_select-yes-left-icon avia-color-custom'   aria-label=\"RETOUR\"><span class='avia_button_icon avia_button_icon_left avia-iconfont avia-font-entypo-fontello' data-av_icon='\ue820' data-av_iconfont='entypo-fontello' ><\/span><span class='avia_iconbox_title' >RETOUR<\/span><span class='avia_button_background avia-button avia-button-fullwidth avia-color-theme-color-highlight'><\/span><\/a><\/div><\/div><div  class='flex_column av-av_one_third-5ebb9248fb9c120f6665341cb151d4ce av_one_third  avia-builder-el-14  el_after_av_one_third  avia-builder-el-last  flex_column_div  column-top-margin'     ><\/div><\/p>\n","protected":false},"excerpt":{"rendered":"","protected":false},"author":1,"featured_media":0,"parent":0,"menu_order":0,"comment_status":"closed","ping_status":"closed","template":"","meta":{"_seopress_robots_primary_cat":"","_seopress_titles_title":"","_seopress_titles_desc":"","_seopress_robots_index":"","footnotes":""},"class_list":["post-200","page","type-page","status-publish","hentry"],"_links":{"self":[{"href":"https:\/\/alainanima.com\/index.php\/wp-json\/wp\/v2\/pages\/200","targetHints":{"allow":["GET"]}}],"collection":[{"href":"https:\/\/alainanima.com\/index.php\/wp-json\/wp\/v2\/pages"}],"about":[{"href":"https:\/\/alainanima.com\/index.php\/wp-json\/wp\/v2\/types\/page"}],"author":[{"embeddable":true,"href":"https:\/\/alainanima.com\/index.php\/wp-json\/wp\/v2\/users\/1"}],"replies":[{"embeddable":true,"href":"https:\/\/alainanima.com\/index.php\/wp-json\/wp\/v2\/comments?post=200"}],"version-history":[{"count":11,"href":"https:\/\/alainanima.com\/index.php\/wp-json\/wp\/v2\/pages\/200\/revisions"}],"predecessor-version":[{"id":354,"href":"https:\/\/alainanima.com\/index.php\/wp-json\/wp\/v2\/pages\/200\/revisions\/354"}],"wp:attachment":[{"href":"https:\/\/alainanima.com\/index.php\/wp-json\/wp\/v2\/media?parent=200"}],"curies":[{"name":"wp","href":"https:\/\/api.w.org\/{rel}","templated":true}]}}