{"id":212,"date":"2025-09-22T11:48:49","date_gmt":"2025-09-22T11:48:49","guid":{"rendered":"https:\/\/alainanima.com\/?page_id=212"},"modified":"2025-09-23T13:13:07","modified_gmt":"2025-09-23T13:13:07","slug":"officiant","status":"publish","type":"page","link":"https:\/\/alainanima.com\/index.php\/officiant\/","title":{"rendered":"OFFICIANT"},"content":{"rendered":"<div id='full_slider_1'  class='avia-fullwidth-slider main_color avia-shadow   avia-builder-el-0  el_before_av_heading  avia-builder-el-first   container_wrap sidebar_right'  ><div  class='avia-slideshow av-1xfg3o-cf8c4c7ca1ab0cbd22f7abc51b7e890f avia-slideshow-no scaling av_slideshow_full avia-slide-slider av-slideshow-ui av-control-default av-slideshow-manual av-loop-once av-loop-manual-endless av-default-height-applied   avia-slideshow-1' data-slideshow-options=\"{&quot;animation&quot;:&quot;slide&quot;,&quot;autoplay&quot;:false,&quot;loop_autoplay&quot;:&quot;once&quot;,&quot;interval&quot;:5,&quot;loop_manual&quot;:&quot;manual-endless&quot;,&quot;autoplay_stopper&quot;:false,&quot;noNavigation&quot;:false,&quot;bg_slider&quot;:false,&quot;keep_padding&quot;:false,&quot;hoverpause&quot;:false,&quot;show_slide_delay&quot;:0}\"  itemprop=\"image\" itemscope=\"itemscope\" itemtype=\"https:\/\/schema.org\/ImageObject\" ><ul class='avia-slideshow-inner ' style='padding-bottom: 28.063063063063%;'><li  class='avia-slideshow-slide av-1xfg3o-cf8c4c7ca1ab0cbd22f7abc51b7e890f__0  av-single-slide slide-1 slide-odd'><div data-rel='slideshow-1' class='avia-slide-wrap '   ><img alt=\"\" alt=\"\" decoding=\"async\" fetchpriority=\"high\" class=\"wp-image-142 avia-img-lazy-loading-not-142\"  src=\"https:\/\/alainanima.com\/wp-content\/uploads\/2025\/09\/ALAIN-ANIMACOM-HEADER-OFFICIANT-LAIQUE.jpg\" width=\"2220\" height=\"623\" title='ALAIN ANIMACOM-HEADER-OFFICIANT LAIQUE' alt=''  itemprop=\"thumbnailUrl\" srcset=\"https:\/\/alainanima.com\/wp-content\/uploads\/2025\/09\/ALAIN-ANIMACOM-HEADER-OFFICIANT-LAIQUE.jpg 2220w, https:\/\/alainanima.com\/wp-content\/uploads\/2025\/09\/ALAIN-ANIMACOM-HEADER-OFFICIANT-LAIQUE-300x84.jpg 300w, https:\/\/alainanima.com\/wp-content\/uploads\/2025\/09\/ALAIN-ANIMACOM-HEADER-OFFICIANT-LAIQUE-1030x289.jpg 1030w, https:\/\/alainanima.com\/wp-content\/uploads\/2025\/09\/ALAIN-ANIMACOM-HEADER-OFFICIANT-LAIQUE-768x216.jpg 768w, https:\/\/alainanima.com\/wp-content\/uploads\/2025\/09\/ALAIN-ANIMACOM-HEADER-OFFICIANT-LAIQUE-1536x431.jpg 1536w, https:\/\/alainanima.com\/wp-content\/uploads\/2025\/09\/ALAIN-ANIMACOM-HEADER-OFFICIANT-LAIQUE-2048x575.jpg 2048w, https:\/\/alainanima.com\/wp-content\/uploads\/2025\/09\/ALAIN-ANIMACOM-HEADER-OFFICIANT-LAIQUE-1500x421.jpg 1500w, https:\/\/alainanima.com\/wp-content\/uploads\/2025\/09\/ALAIN-ANIMACOM-HEADER-OFFICIANT-LAIQUE-705x198.jpg 705w\" sizes=\"(max-width: 2220px) 100vw, 2220px\" \/><\/div><\/li><\/ul><\/div><\/div><div id='after_full_slider_1'  class='main_color av_default_container_wrap container_wrap sidebar_right'  ><div class='container av-section-cont-open' ><div class='template-page content  av-content-small alpha units'><div class='post-entry post-entry-type-page post-entry-212'><div class='entry-content-wrapper clearfix'>\n\n<style type=\"text\/css\" data-created_by=\"avia_inline_auto\" id=\"style-css-av-1f2504-995d0f39b90aa3e3acca61e02f5c1df7\">\n#top .av-special-heading.av-1f2504-995d0f39b90aa3e3acca61e02f5c1df7{\npadding-bottom:10px;\n}\nbody .av-special-heading.av-1f2504-995d0f39b90aa3e3acca61e02f5c1df7 .av-special-heading-tag .heading-char{\nfont-size:25px;\n}\n.av-special-heading.av-1f2504-995d0f39b90aa3e3acca61e02f5c1df7 .av-subheading{\nfont-size:15px;\n}\n<\/style>\n<div  class='av-special-heading av-1f2504-995d0f39b90aa3e3acca61e02f5c1df7 av-special-heading-h1 custom-color-heading blockquote modern-quote modern-centered  avia-builder-el-1  el_after_av_slideshow_full  el_before_av_hr  avia-builder-el-first '><h1 class='av-special-heading-tag '  itemprop=\"headline\"  >CHARG\u00c9 DE GUIDER ET D\u2019ANIMER <br \/> DES C\u00c9R\u00c9MONIES<\/h1><div class=\"special-heading-border\"><div class=\"special-heading-inner-border\"><\/div><\/div><\/div>\n\n<style type=\"text\/css\" data-created_by=\"avia_inline_auto\" id=\"style-css-av-17zamc-dd42cc8536661bc5032b54a6647fd4fe\">\n#top .hr.av-17zamc-dd42cc8536661bc5032b54a6647fd4fe{\nmargin-top:10px;\nmargin-bottom:10px;\n}\n.hr.av-17zamc-dd42cc8536661bc5032b54a6647fd4fe .hr-inner{\nwidth:200px;\nmax-width:45%;\n}\n<\/style>\n<div  class='hr av-17zamc-dd42cc8536661bc5032b54a6647fd4fe hr-custom  avia-builder-el-2  el_after_av_heading  el_before_av_one_half  hr-center hr-icon-yes'><span class='hr-inner inner-border-av-border-thin'><span class=\"hr-inner-style\"><\/span><\/span><span class='av-seperator-icon avia-iconfont avia-font-entypo-fontello' data-av_icon='\ue808' data-av_iconfont='entypo-fontello' ><\/span><span class='hr-inner inner-border-av-border-thin'><span class=\"hr-inner-style\"><\/span><\/span><\/div>\n<div class='flex_column_table av-1lp230-9e2e22106303599ba7eaa35ce66517a0 sc-av_one_half av-equal-height-column-flextable'><div  class='flex_column av-1lp230-9e2e22106303599ba7eaa35ce66517a0 av_one_half  avia-builder-el-3  el_after_av_hr  el_before_av_one_half  first flex_column_table_cell av-equal-height-column av-align-top  '     ><section  class='av_textblock_section av-128sz8-52da71505d921150176dab67cabe4aca '   itemscope=\"itemscope\" itemtype=\"https:\/\/schema.org\/CreativeWork\" ><div class='avia_textblock'  itemprop=\"text\" ><h4>Je cr\u00e9e avec vous une c\u00e9r\u00e9monie sur mesure, pleine d\u2019\u00e9motion et de sinc\u00e9rit\u00e9, ponctu\u00e9e d\u2019une touche d\u2019humour.<\/h4>\n<h4>\nAvec bienveillance et professionnalisme, j\u2019assure la coordination avec vos prestataires pour que chaque instant, et notamment votre arriv\u00e9e, soit parfaitement orchestr\u00e9.<\/h4>\n<\/div><\/section><br \/>\n\n<style type=\"text\/css\" data-created_by=\"avia_inline_auto\" id=\"style-css-av-34sck-993527ed061f7ce6e4eed7ff41302091\">\n#top .hr.hr-invisible.av-34sck-993527ed061f7ce6e4eed7ff41302091{\nheight:20px;\n}\n<\/style>\n<div  class='hr av-34sck-993527ed061f7ce6e4eed7ff41302091 hr-invisible  avia-builder-el-5  el_after_av_textblock  el_before_av_image '><span class='hr-inner '><span class=\"hr-inner-style\"><\/span><\/span><\/div><br \/>\n\n<style type=\"text\/css\" data-created_by=\"avia_inline_auto\" id=\"style-css-av-2pw30-a1b933b42935a798cc3d291f6c6838f2\">\n.avia-image-container.av-2pw30-a1b933b42935a798cc3d291f6c6838f2 img.avia_image{\nbox-shadow:none;\n}\n.avia-image-container.av-2pw30-a1b933b42935a798cc3d291f6c6838f2 .av-image-caption-overlay-center{\ncolor:#ffffff;\n}\n<\/style>\n<div  class='avia-image-container av-2pw30-a1b933b42935a798cc3d291f6c6838f2 av-styling- avia-align-center  avia-builder-el-6  el_after_av_hr  el_before_av_hr '   itemprop=\"image\" itemscope=\"itemscope\" itemtype=\"https:\/\/schema.org\/ImageObject\" ><div class=\"avia-image-container-inner\"><div class=\"avia-image-overlay-wrap\"><img alt=\"\" alt=\"\" decoding=\"async\" fetchpriority=\"high\" class='wp-image-210 avia-img-lazy-loading-not-210 avia_image ' src=\"https:\/\/alainanima.com\/wp-content\/uploads\/2025\/09\/ALAIN-ANIMACOM-OFFICIANT-1.jpg\" alt='' title='ALAIN-ANIMACOM'  height=\"898\" width=\"1512\"  itemprop=\"thumbnailUrl\" srcset=\"https:\/\/alainanima.com\/wp-content\/uploads\/2025\/09\/ALAIN-ANIMACOM-OFFICIANT-1.jpg 1512w, https:\/\/alainanima.com\/wp-content\/uploads\/2025\/09\/ALAIN-ANIMACOM-OFFICIANT-1-300x178.jpg 300w, https:\/\/alainanima.com\/wp-content\/uploads\/2025\/09\/ALAIN-ANIMACOM-OFFICIANT-1-1030x612.jpg 1030w, https:\/\/alainanima.com\/wp-content\/uploads\/2025\/09\/ALAIN-ANIMACOM-OFFICIANT-1-768x456.jpg 768w, https:\/\/alainanima.com\/wp-content\/uploads\/2025\/09\/ALAIN-ANIMACOM-OFFICIANT-1-1500x891.jpg 1500w, https:\/\/alainanima.com\/wp-content\/uploads\/2025\/09\/ALAIN-ANIMACOM-OFFICIANT-1-705x419.jpg 705w\" sizes=\"(max-width: 1512px) 100vw, 1512px\" \/><\/div><\/div><\/div><br \/>\n\n<style type=\"text\/css\" data-created_by=\"avia_inline_auto\" id=\"style-css-av-ecldw-9c1a672861e7e6c231909596f226b01b\">\n#top .hr.hr-invisible.av-ecldw-9c1a672861e7e6c231909596f226b01b{\nheight:20px;\n}\n<\/style>\n<div  class='hr av-ecldw-9c1a672861e7e6c231909596f226b01b hr-invisible  avia-builder-el-7  el_after_av_image  avia-builder-el-last '><span class='hr-inner '><span class=\"hr-inner-style\"><\/span><\/span><\/div><\/p><\/div><div class='av-flex-placeholder'><\/div><div  class='flex_column av-kt3r8-aa0b993b5f823768baf19fed42b49efd av_one_half  avia-builder-el-8  el_after_av_one_half  el_before_av_one_third  flex_column_table_cell av-equal-height-column av-align-top  '     ><p>\n<style type=\"text\/css\" data-created_by=\"avia_inline_auto\" id=\"style-css-av-h8aes-a07c990c85a6fbae94225276a99fa6b3\">\n.avia-image-container.av-h8aes-a07c990c85a6fbae94225276a99fa6b3 img.avia_image{\nbox-shadow:none;\n}\n.avia-image-container.av-h8aes-a07c990c85a6fbae94225276a99fa6b3 .av-image-caption-overlay-center{\ncolor:#ffffff;\n}\n<\/style>\n<div  class='avia-image-container av-h8aes-a07c990c85a6fbae94225276a99fa6b3 av-styling- avia-align-center  avia-builder-el-9  el_before_av_image  avia-builder-el-first '   itemprop=\"image\" itemscope=\"itemscope\" itemtype=\"https:\/\/schema.org\/ImageObject\" ><div class=\"avia-image-container-inner\"><div class=\"avia-image-overlay-wrap\"><img alt=\"\" alt=\"\" decoding=\"async\" fetchpriority=\"high\" class='wp-image-211 avia-img-lazy-loading-not-211 avia_image ' src=\"https:\/\/alainanima.com\/wp-content\/uploads\/2025\/09\/ALAIN-ANIMACOM-OFFICIANT2.jpg\" alt='' title=''  height=\"898\" width=\"1512\"  itemprop=\"thumbnailUrl\" srcset=\"https:\/\/alainanima.com\/wp-content\/uploads\/2025\/09\/ALAIN-ANIMACOM-OFFICIANT2.jpg 1512w, https:\/\/alainanima.com\/wp-content\/uploads\/2025\/09\/ALAIN-ANIMACOM-OFFICIANT2-300x178.jpg 300w, https:\/\/alainanima.com\/wp-content\/uploads\/2025\/09\/ALAIN-ANIMACOM-OFFICIANT2-1030x612.jpg 1030w, https:\/\/alainanima.com\/wp-content\/uploads\/2025\/09\/ALAIN-ANIMACOM-OFFICIANT2-768x456.jpg 768w, https:\/\/alainanima.com\/wp-content\/uploads\/2025\/09\/ALAIN-ANIMACOM-OFFICIANT2-1500x891.jpg 1500w, https:\/\/alainanima.com\/wp-content\/uploads\/2025\/09\/ALAIN-ANIMACOM-OFFICIANT2-705x419.jpg 705w\" sizes=\"(max-width: 1512px) 100vw, 1512px\" \/><\/div><\/div><\/div><br \/>\n\n<style type=\"text\/css\" data-created_by=\"avia_inline_auto\" id=\"style-css-av-6k6h8-9b714aabe0acdbc8c142df4c48addd80\">\n.avia-image-container.av-6k6h8-9b714aabe0acdbc8c142df4c48addd80 img.avia_image{\nbox-shadow:none;\n}\n.avia-image-container.av-6k6h8-9b714aabe0acdbc8c142df4c48addd80 .av-image-caption-overlay-center{\ncolor:#ffffff;\n}\n<\/style>\n<div  class='avia-image-container av-6k6h8-9b714aabe0acdbc8c142df4c48addd80 av-styling- avia-align-center  avia-builder-el-10  el_after_av_image  avia-builder-el-last '   itemprop=\"image\" itemscope=\"itemscope\" itemtype=\"https:\/\/schema.org\/ImageObject\" ><div class=\"avia-image-container-inner\"><div class=\"avia-image-overlay-wrap\"><img alt=\"\" alt=\"\" decoding=\"async\" fetchpriority=\"high\" class='wp-image-209 avia-img-lazy-loading-not-209 avia_image ' src=\"https:\/\/alainanima.com\/wp-content\/uploads\/2025\/09\/ALAIN-ANIMACOM-OFFFICIANT-2-PHOTOS.png\" alt='' title='ALAIN-ANIMACOM'  height=\"898\" width=\"1512\"  itemprop=\"thumbnailUrl\" srcset=\"https:\/\/alainanima.com\/wp-content\/uploads\/2025\/09\/ALAIN-ANIMACOM-OFFFICIANT-2-PHOTOS.png 1512w, https:\/\/alainanima.com\/wp-content\/uploads\/2025\/09\/ALAIN-ANIMACOM-OFFFICIANT-2-PHOTOS-300x178.png 300w, https:\/\/alainanima.com\/wp-content\/uploads\/2025\/09\/ALAIN-ANIMACOM-OFFFICIANT-2-PHOTOS-1030x612.png 1030w, https:\/\/alainanima.com\/wp-content\/uploads\/2025\/09\/ALAIN-ANIMACOM-OFFFICIANT-2-PHOTOS-768x456.png 768w, https:\/\/alainanima.com\/wp-content\/uploads\/2025\/09\/ALAIN-ANIMACOM-OFFFICIANT-2-PHOTOS-1500x891.png 1500w, https:\/\/alainanima.com\/wp-content\/uploads\/2025\/09\/ALAIN-ANIMACOM-OFFFICIANT-2-PHOTOS-705x419.png 705w\" sizes=\"(max-width: 1512px) 100vw, 1512px\" \/><\/div><\/div><\/div><\/p><\/div><\/div><!--close column table wrapper. Autoclose: 1 --><\/p>\n<div  class='flex_column av-av_one_third-cab6cb91e42b24d4f503cdabdc5ed6e0 av_one_third  avia-builder-el-11  el_after_av_one_half  el_before_av_one_third  first flex_column_div  column-top-margin'     ><\/div>\n<div  class='flex_column av-av_one_third-5ebb9248fb9c120f6665341cb151d4ce av_one_third  avia-builder-el-12  el_after_av_one_third  el_before_av_one_third  flex_column_div  column-top-margin'     ><div  class='avia-button-wrap avia-button-center  avia-builder-el-13  avia-builder-el-no-sibling '>\n<style type=\"text\/css\" data-created_by=\"avia_inline_auto\" id=\"style-css-av-olys-44608d7a1e23d723bd19465ef96d90c9\">\n#top #wrap_all .avia-button.av-olys-44608d7a1e23d723bd19465ef96d90c9{\nbackground-color:#41057d;\nborder-color:#41057d;\ntransition:all 0.4s ease-in-out;\n}\n#top #wrap_all .avia-button.av-olys-44608d7a1e23d723bd19465ef96d90c9:hover{\ncolor:white;\ntransition:all 0.4s ease-in-out;\n}\n#top #wrap_all .avia-button.av-olys-44608d7a1e23d723bd19465ef96d90c9:hover .avia-svg-icon svg:first-child{\nfill:white;\nstroke:white;\n}\n<\/style>\n<a href='https:\/\/alainanima.com\/index.php\/prestations\/' class='avia-font-color-theme-color avia-button avia-button-fullwidth av-olys-44608d7a1e23d723bd19465ef96d90c9 avia-icon_select-yes-left-icon avia-color-custom'   aria-label=\"RETOUR\"><span class='avia_button_icon avia_button_icon_left avia-iconfont avia-font-entypo-fontello' data-av_icon='\ue820' data-av_iconfont='entypo-fontello' ><\/span><span class='avia_iconbox_title' >RETOUR<\/span><span class='avia_button_background avia-button avia-button-fullwidth avia-color-theme-color-highlight'><\/span><\/a><\/div><\/div><div  class='flex_column av-av_one_third-5ebb9248fb9c120f6665341cb151d4ce av_one_third  avia-builder-el-14  el_after_av_one_third  avia-builder-el-last  flex_column_div  column-top-margin'     ><\/div><\/p>\n","protected":false},"excerpt":{"rendered":"","protected":false},"author":1,"featured_media":0,"parent":0,"menu_order":0,"comment_status":"closed","ping_status":"closed","template":"","meta":{"_seopress_robots_primary_cat":"","_seopress_titles_title":"","_seopress_titles_desc":"","_seopress_robots_index":"","footnotes":""},"class_list":["post-212","page","type-page","status-publish","hentry"],"_links":{"self":[{"href":"https:\/\/alainanima.com\/index.php\/wp-json\/wp\/v2\/pages\/212","targetHints":{"allow":["GET"]}}],"collection":[{"href":"https:\/\/alainanima.com\/index.php\/wp-json\/wp\/v2\/pages"}],"about":[{"href":"https:\/\/alainanima.com\/index.php\/wp-json\/wp\/v2\/types\/page"}],"author":[{"embeddable":true,"href":"https:\/\/alainanima.com\/index.php\/wp-json\/wp\/v2\/users\/1"}],"replies":[{"embeddable":true,"href":"https:\/\/alainanima.com\/index.php\/wp-json\/wp\/v2\/comments?post=212"}],"version-history":[{"count":7,"href":"https:\/\/alainanima.com\/index.php\/wp-json\/wp\/v2\/pages\/212\/revisions"}],"predecessor-version":[{"id":355,"href":"https:\/\/alainanima.com\/index.php\/wp-json\/wp\/v2\/pages\/212\/revisions\/355"}],"wp:attachment":[{"href":"https:\/\/alainanima.com\/index.php\/wp-json\/wp\/v2\/media?parent=212"}],"curies":[{"name":"wp","href":"https:\/\/api.w.org\/{rel}","templated":true}]}}