{"id":222,"date":"2025-09-22T12:07:37","date_gmt":"2025-09-22T12:07:37","guid":{"rendered":"https:\/\/alainanima.com\/?page_id=222"},"modified":"2025-09-23T13:13:38","modified_gmt":"2025-09-23T13:13:38","slug":"partenaire-devenements","status":"publish","type":"page","link":"https:\/\/alainanima.com\/index.php\/partenaire-devenements\/","title":{"rendered":"PARTENAIRE D&rsquo;EVENEMENTS"},"content":{"rendered":"<div id='full_slider_1'  class='avia-fullwidth-slider main_color avia-shadow   avia-builder-el-0  el_before_av_heading  avia-builder-el-first   container_wrap sidebar_right'  ><div  class='avia-slideshow av-1yir8e-87b79ca7db17a735717030d6a8787075 avia-slideshow-no scaling av_slideshow_full avia-slide-slider av-slideshow-ui av-control-default av-slideshow-manual av-loop-once av-loop-manual-endless av-default-height-applied   avia-slideshow-1' data-slideshow-options=\"{&quot;animation&quot;:&quot;slide&quot;,&quot;autoplay&quot;:false,&quot;loop_autoplay&quot;:&quot;once&quot;,&quot;interval&quot;:5,&quot;loop_manual&quot;:&quot;manual-endless&quot;,&quot;autoplay_stopper&quot;:false,&quot;noNavigation&quot;:false,&quot;bg_slider&quot;:false,&quot;keep_padding&quot;:false,&quot;hoverpause&quot;:false,&quot;show_slide_delay&quot;:0}\"  itemprop=\"image\" itemscope=\"itemscope\" itemtype=\"https:\/\/schema.org\/ImageObject\" ><ul class='avia-slideshow-inner ' style='padding-bottom: 28.063063063063%;'><li  class='avia-slideshow-slide av-1yir8e-87b79ca7db17a735717030d6a8787075__0  av-single-slide slide-1 slide-odd'><div data-rel='slideshow-1' class='avia-slide-wrap '   ><img alt=\"\" alt=\"\" decoding=\"async\" fetchpriority=\"high\" class=\"wp-image-143 avia-img-lazy-loading-not-143\"  src=\"https:\/\/alainanima.com\/wp-content\/uploads\/2025\/09\/ALAIN-ANIMACOM-HEADER-PARTENAIR.jpg\" width=\"2220\" height=\"623\" title='ALAIN ANIMACOM-HEADER-PARTENAIR' alt=''  itemprop=\"thumbnailUrl\" srcset=\"https:\/\/alainanima.com\/wp-content\/uploads\/2025\/09\/ALAIN-ANIMACOM-HEADER-PARTENAIR.jpg 2220w, https:\/\/alainanima.com\/wp-content\/uploads\/2025\/09\/ALAIN-ANIMACOM-HEADER-PARTENAIR-300x84.jpg 300w, https:\/\/alainanima.com\/wp-content\/uploads\/2025\/09\/ALAIN-ANIMACOM-HEADER-PARTENAIR-1030x289.jpg 1030w, https:\/\/alainanima.com\/wp-content\/uploads\/2025\/09\/ALAIN-ANIMACOM-HEADER-PARTENAIR-768x216.jpg 768w, https:\/\/alainanima.com\/wp-content\/uploads\/2025\/09\/ALAIN-ANIMACOM-HEADER-PARTENAIR-1536x431.jpg 1536w, https:\/\/alainanima.com\/wp-content\/uploads\/2025\/09\/ALAIN-ANIMACOM-HEADER-PARTENAIR-2048x575.jpg 2048w, https:\/\/alainanima.com\/wp-content\/uploads\/2025\/09\/ALAIN-ANIMACOM-HEADER-PARTENAIR-1500x421.jpg 1500w, https:\/\/alainanima.com\/wp-content\/uploads\/2025\/09\/ALAIN-ANIMACOM-HEADER-PARTENAIR-705x198.jpg 705w\" sizes=\"(max-width: 2220px) 100vw, 2220px\" \/><\/div><\/li><\/ul><\/div><\/div><div id='after_full_slider_1'  class='main_color av_default_container_wrap container_wrap sidebar_right'  ><div class='container av-section-cont-open' ><div class='template-page content  av-content-small alpha units'><div class='post-entry post-entry-type-page post-entry-222'><div class='entry-content-wrapper clearfix'>\n\n<style type=\"text\/css\" data-created_by=\"avia_inline_auto\" id=\"style-css-av-ywy66-8747d966e8bf0a64e412f1141168c330\">\n#top .av-special-heading.av-ywy66-8747d966e8bf0a64e412f1141168c330{\npadding-bottom:10px;\n}\nbody .av-special-heading.av-ywy66-8747d966e8bf0a64e412f1141168c330 .av-special-heading-tag .heading-char{\nfont-size:25px;\n}\n.av-special-heading.av-ywy66-8747d966e8bf0a64e412f1141168c330 .av-subheading{\nfont-size:15px;\n}\n<\/style>\n<div  class='av-special-heading av-ywy66-8747d966e8bf0a64e412f1141168c330 av-special-heading-h1 custom-color-heading blockquote modern-quote modern-centered  avia-builder-el-1  el_after_av_slideshow_full  el_before_av_hr  avia-builder-el-first '><h1 class='av-special-heading-tag '  itemprop=\"headline\"  >ENSEMBLE, <br \/>NOUS FERONS DE VOTRE PROJET UN SUCC\u00c8S !<\/h1><div class=\"special-heading-border\"><div class=\"special-heading-inner-border\"><\/div><\/div><\/div>\n\n<style type=\"text\/css\" data-created_by=\"avia_inline_auto\" id=\"style-css-av-t0xge-5c68558c2905f11ac4dc4bc908ae4d0a\">\n#top .hr.av-t0xge-5c68558c2905f11ac4dc4bc908ae4d0a{\nmargin-top:10px;\nmargin-bottom:10px;\n}\n.hr.av-t0xge-5c68558c2905f11ac4dc4bc908ae4d0a .hr-inner{\nwidth:200px;\nmax-width:45%;\n}\n<\/style>\n<div  class='hr av-t0xge-5c68558c2905f11ac4dc4bc908ae4d0a hr-custom  avia-builder-el-2  el_after_av_heading  el_before_av_one_half  hr-center hr-icon-yes'><span class='hr-inner inner-border-av-border-thin'><span class=\"hr-inner-style\"><\/span><\/span><span class='av-seperator-icon avia-iconfont avia-font-entypo-fontello' data-av_icon='\ue808' data-av_iconfont='entypo-fontello' ><\/span><span class='hr-inner inner-border-av-border-thin'><span class=\"hr-inner-style\"><\/span><\/span><\/div>\n<div class='flex_column_table av-1jjt86-05274b9182b8f6fb08231d3d73701160 sc-av_one_half av-equal-height-column-flextable'><div  class='flex_column av-1jjt86-05274b9182b8f6fb08231d3d73701160 av_one_half  avia-builder-el-3  el_after_av_hr  el_before_av_one_half  first flex_column_table_cell av-equal-height-column av-align-top  '     ><p>\n<style type=\"text\/css\" data-created_by=\"avia_inline_auto\" id=\"style-css-av-1fae2u-35a22db9e9d2f5ef62c5d9fe582f5877\">\n.avia-image-container.av-1fae2u-35a22db9e9d2f5ef62c5d9fe582f5877 img.avia_image{\nbox-shadow:none;\n}\n.avia-image-container.av-1fae2u-35a22db9e9d2f5ef62c5d9fe582f5877 .av-image-caption-overlay-center{\ncolor:#ffffff;\n}\n<\/style>\n<div  class='avia-image-container av-1fae2u-35a22db9e9d2f5ef62c5d9fe582f5877 av-styling- avia-align-center  avia-builder-el-4  el_before_av_image  avia-builder-el-first '   itemprop=\"image\" itemscope=\"itemscope\" itemtype=\"https:\/\/schema.org\/ImageObject\" ><div class=\"avia-image-container-inner\"><div class=\"avia-image-overlay-wrap\"><img alt=\"\" alt=\"\" decoding=\"async\" fetchpriority=\"high\" class='wp-image-219 avia-img-lazy-loading-not-219 avia_image ' src=\"https:\/\/alainanima.com\/wp-content\/uploads\/2025\/09\/ALAIN-ANIMACOM-PARTENAIRE-2-PHOTOS-copie.png\" alt='' title='ALAIN-ANIMACOM'  height=\"898\" width=\"1512\"  itemprop=\"thumbnailUrl\" srcset=\"https:\/\/alainanima.com\/wp-content\/uploads\/2025\/09\/ALAIN-ANIMACOM-PARTENAIRE-2-PHOTOS-copie.png 1512w, https:\/\/alainanima.com\/wp-content\/uploads\/2025\/09\/ALAIN-ANIMACOM-PARTENAIRE-2-PHOTOS-copie-300x178.png 300w, https:\/\/alainanima.com\/wp-content\/uploads\/2025\/09\/ALAIN-ANIMACOM-PARTENAIRE-2-PHOTOS-copie-1030x612.png 1030w, https:\/\/alainanima.com\/wp-content\/uploads\/2025\/09\/ALAIN-ANIMACOM-PARTENAIRE-2-PHOTOS-copie-768x456.png 768w, https:\/\/alainanima.com\/wp-content\/uploads\/2025\/09\/ALAIN-ANIMACOM-PARTENAIRE-2-PHOTOS-copie-1500x891.png 1500w, https:\/\/alainanima.com\/wp-content\/uploads\/2025\/09\/ALAIN-ANIMACOM-PARTENAIRE-2-PHOTOS-copie-705x419.png 705w\" sizes=\"(max-width: 1512px) 100vw, 1512px\" \/><\/div><\/div><\/div><br \/>\n\n<style type=\"text\/css\" data-created_by=\"avia_inline_auto\" id=\"style-css-av-1a65d2-77110890a4144aa15929122da559aa41\">\n.avia-image-container.av-1a65d2-77110890a4144aa15929122da559aa41 img.avia_image{\nbox-shadow:none;\n}\n.avia-image-container.av-1a65d2-77110890a4144aa15929122da559aa41 .av-image-caption-overlay-center{\ncolor:#ffffff;\n}\n<\/style>\n<div  class='avia-image-container av-1a65d2-77110890a4144aa15929122da559aa41 av-styling- avia-align-center  avia-builder-el-5  el_after_av_image  avia-builder-el-last '   itemprop=\"image\" itemscope=\"itemscope\" itemtype=\"https:\/\/schema.org\/ImageObject\" ><div class=\"avia-image-container-inner\"><div class=\"avia-image-overlay-wrap\"><img alt=\"\" alt=\"\" decoding=\"async\" fetchpriority=\"high\" class='wp-image-221 avia-img-lazy-loading-not-221 avia_image ' src=\"https:\/\/alainanima.com\/wp-content\/uploads\/2025\/09\/ALAIN-ANIMACOM-PARTENAIRE.jpg\" alt='' title='ALAIN-ANIMACOM'  height=\"898\" width=\"1512\"  itemprop=\"thumbnailUrl\" srcset=\"https:\/\/alainanima.com\/wp-content\/uploads\/2025\/09\/ALAIN-ANIMACOM-PARTENAIRE.jpg 1512w, https:\/\/alainanima.com\/wp-content\/uploads\/2025\/09\/ALAIN-ANIMACOM-PARTENAIRE-300x178.jpg 300w, https:\/\/alainanima.com\/wp-content\/uploads\/2025\/09\/ALAIN-ANIMACOM-PARTENAIRE-1030x612.jpg 1030w, https:\/\/alainanima.com\/wp-content\/uploads\/2025\/09\/ALAIN-ANIMACOM-PARTENAIRE-768x456.jpg 768w, https:\/\/alainanima.com\/wp-content\/uploads\/2025\/09\/ALAIN-ANIMACOM-PARTENAIRE-1500x891.jpg 1500w, https:\/\/alainanima.com\/wp-content\/uploads\/2025\/09\/ALAIN-ANIMACOM-PARTENAIRE-705x419.jpg 705w\" sizes=\"(max-width: 1512px) 100vw, 1512px\" \/><\/div><\/div><\/div><\/p><\/div>\n<div class='av-flex-placeholder'><\/div><div  class='flex_column av-147zhi-86e03893c75f7fff167fe12272b11a72 av_one_half  avia-builder-el-6  el_after_av_one_half  el_before_av_one_third  flex_column_table_cell av-equal-height-column av-align-top  '     ><section  class='av_textblock_section av-jlibi-abf0003f2513af96cbe0b9e46f2f2036 '   itemscope=\"itemscope\" itemtype=\"https:\/\/schema.org\/CreativeWork\" ><div class='avia_textblock'  itemprop=\"text\" ><h4>En plus de toutes les activit\u00e9s d\u2019animation, Alain Anima\u2019Com se distingue par sa capacit\u00e9 \u00e0 cr\u00e9er des \u00e9v\u00e9nements sur mesure.<br \/>\nA l\u2019image d\u2019un directeur artistique, Alain Anima\u2019Com imagine des concepts originaux, des th\u00e8mes cr\u00e9atifs et des ambiances uniques qui correspondent \u00e0 l\u2019esprit de l\u2019\u00e9v\u00e9nement tout en surprenant et captivant les invit\u00e9s.<br \/>\nGr\u00e2ce \u00e0 son expertise, Alain Anima\u2019Com offre des \u00e9v\u00e9nements parfaitement coordonn\u00e9s, qui allient cr\u00e9ativit\u00e9, professionnalisme et exp\u00e9rience. Alain Anima\u2019Com est l\u00e0 pour donner vie \u00e0 vos \u00e9v\u00e9nements et les transformer en moments inoubliables.<\/h4>\n<\/div><\/section><br \/>\n\n<style type=\"text\/css\" data-created_by=\"avia_inline_auto\" id=\"style-css-av-dbiim-75df80cf38a962438ac6d6504c3c5bb3\">\n#top .hr.hr-invisible.av-dbiim-75df80cf38a962438ac6d6504c3c5bb3{\nheight:20px;\n}\n<\/style>\n<div  class='hr av-dbiim-75df80cf38a962438ac6d6504c3c5bb3 hr-invisible  avia-builder-el-8  el_after_av_textblock  el_before_av_image '><span class='hr-inner '><span class=\"hr-inner-style\"><\/span><\/span><\/div><br \/>\n\n<style type=\"text\/css\" data-created_by=\"avia_inline_auto\" id=\"style-css-av-6lf8m-908e1478f156df124aab9db9b4520ab5\">\n.avia-image-container.av-6lf8m-908e1478f156df124aab9db9b4520ab5 img.avia_image{\nbox-shadow:none;\n}\n.avia-image-container.av-6lf8m-908e1478f156df124aab9db9b4520ab5 .av-image-caption-overlay-center{\ncolor:#ffffff;\n}\n<\/style>\n<div  class='avia-image-container av-6lf8m-908e1478f156df124aab9db9b4520ab5 av-styling- avia-align-center  avia-builder-el-9  el_after_av_hr  el_before_av_hr '   itemprop=\"image\" itemscope=\"itemscope\" itemtype=\"https:\/\/schema.org\/ImageObject\" ><div class=\"avia-image-container-inner\"><div class=\"avia-image-overlay-wrap\"><img alt=\"\" alt=\"\" decoding=\"async\" fetchpriority=\"high\" class='wp-image-220 avia-img-lazy-loading-not-220 avia_image ' src=\"https:\/\/alainanima.com\/wp-content\/uploads\/2025\/09\/ALAIN-ANIMACOM-PARTENAIRE-2-PHOTOS.png\" alt='' title='ALAIN-ANIMACOM-PARTENAIRE'  height=\"898\" width=\"1512\"  itemprop=\"thumbnailUrl\" srcset=\"https:\/\/alainanima.com\/wp-content\/uploads\/2025\/09\/ALAIN-ANIMACOM-PARTENAIRE-2-PHOTOS.png 1512w, https:\/\/alainanima.com\/wp-content\/uploads\/2025\/09\/ALAIN-ANIMACOM-PARTENAIRE-2-PHOTOS-300x178.png 300w, https:\/\/alainanima.com\/wp-content\/uploads\/2025\/09\/ALAIN-ANIMACOM-PARTENAIRE-2-PHOTOS-1030x612.png 1030w, https:\/\/alainanima.com\/wp-content\/uploads\/2025\/09\/ALAIN-ANIMACOM-PARTENAIRE-2-PHOTOS-768x456.png 768w, https:\/\/alainanima.com\/wp-content\/uploads\/2025\/09\/ALAIN-ANIMACOM-PARTENAIRE-2-PHOTOS-1500x891.png 1500w, https:\/\/alainanima.com\/wp-content\/uploads\/2025\/09\/ALAIN-ANIMACOM-PARTENAIRE-2-PHOTOS-705x419.png 705w\" sizes=\"(max-width: 1512px) 100vw, 1512px\" \/><\/div><\/div><\/div><br \/>\n\n<style type=\"text\/css\" data-created_by=\"avia_inline_auto\" id=\"style-css-av-cupku-c5425f537d408b58968c7691db11e82f\">\n#top .hr.hr-invisible.av-cupku-c5425f537d408b58968c7691db11e82f{\nheight:20px;\n}\n<\/style>\n<div  class='hr av-cupku-c5425f537d408b58968c7691db11e82f hr-invisible  avia-builder-el-10  el_after_av_image  avia-builder-el-last '><span class='hr-inner '><span class=\"hr-inner-style\"><\/span><\/span><\/div><\/p><\/div><\/div><!--close column table wrapper. Autoclose: 1 --><div  class='flex_column av-av_one_third-cab6cb91e42b24d4f503cdabdc5ed6e0 av_one_third  avia-builder-el-11  el_after_av_one_half  el_before_av_one_third  first flex_column_div  column-top-margin'     ><\/div><\/p>\n<div  class='flex_column av-av_one_third-5ebb9248fb9c120f6665341cb151d4ce av_one_third  avia-builder-el-12  el_after_av_one_third  el_before_av_one_third  flex_column_div  column-top-margin'     ><div  class='avia-button-wrap avia-button-center  avia-builder-el-13  avia-builder-el-no-sibling '>\n<style type=\"text\/css\" data-created_by=\"avia_inline_auto\" id=\"style-css-av-ahc9y-416b72890bc1a074946e9a6658727557\">\n#top #wrap_all .avia-button.av-ahc9y-416b72890bc1a074946e9a6658727557{\nbackground-color:#41057d;\nborder-color:#41057d;\ntransition:all 0.4s ease-in-out;\n}\n#top #wrap_all .avia-button.av-ahc9y-416b72890bc1a074946e9a6658727557:hover{\ncolor:white;\ntransition:all 0.4s ease-in-out;\n}\n#top #wrap_all .avia-button.av-ahc9y-416b72890bc1a074946e9a6658727557:hover .avia-svg-icon svg:first-child{\nfill:white;\nstroke:white;\n}\n<\/style>\n<a href='https:\/\/alainanima.com\/index.php\/prestations\/' class='avia-font-color-theme-color avia-button avia-button-fullwidth av-ahc9y-416b72890bc1a074946e9a6658727557 avia-icon_select-yes-left-icon avia-color-custom'   aria-label=\"RETOUR\"><span class='avia_button_icon avia_button_icon_left avia-iconfont avia-font-entypo-fontello' data-av_icon='\ue820' data-av_iconfont='entypo-fontello' ><\/span><span class='avia_iconbox_title' >RETOUR<\/span><span class='avia_button_background avia-button avia-button-fullwidth avia-color-theme-color-highlight'><\/span><\/a><\/div><\/div><div  class='flex_column av-av_one_third-5ebb9248fb9c120f6665341cb151d4ce av_one_third  avia-builder-el-14  el_after_av_one_third  avia-builder-el-last  flex_column_div  column-top-margin'     ><\/div><\/p>\n","protected":false},"excerpt":{"rendered":"","protected":false},"author":1,"featured_media":0,"parent":0,"menu_order":0,"comment_status":"closed","ping_status":"closed","template":"","meta":{"_seopress_robots_primary_cat":"","_seopress_titles_title":"","_seopress_titles_desc":"","_seopress_robots_index":"","footnotes":""},"class_list":["post-222","page","type-page","status-publish","hentry"],"_links":{"self":[{"href":"https:\/\/alainanima.com\/index.php\/wp-json\/wp\/v2\/pages\/222","targetHints":{"allow":["GET"]}}],"collection":[{"href":"https:\/\/alainanima.com\/index.php\/wp-json\/wp\/v2\/pages"}],"about":[{"href":"https:\/\/alainanima.com\/index.php\/wp-json\/wp\/v2\/types\/page"}],"author":[{"embeddable":true,"href":"https:\/\/alainanima.com\/index.php\/wp-json\/wp\/v2\/users\/1"}],"replies":[{"embeddable":true,"href":"https:\/\/alainanima.com\/index.php\/wp-json\/wp\/v2\/comments?post=222"}],"version-history":[{"count":7,"href":"https:\/\/alainanima.com\/index.php\/wp-json\/wp\/v2\/pages\/222\/revisions"}],"predecessor-version":[{"id":356,"href":"https:\/\/alainanima.com\/index.php\/wp-json\/wp\/v2\/pages\/222\/revisions\/356"}],"wp:attachment":[{"href":"https:\/\/alainanima.com\/index.php\/wp-json\/wp\/v2\/media?parent=222"}],"curies":[{"name":"wp","href":"https:\/\/api.w.org\/{rel}","templated":true}]}}