{"id":231,"date":"2025-09-22T12:16:40","date_gmt":"2025-09-22T12:16:40","guid":{"rendered":"https:\/\/alainanima.com\/?page_id=231"},"modified":"2025-09-30T14:50:00","modified_gmt":"2025-09-30T14:50:00","slug":"references-et-clients","status":"publish","type":"page","link":"https:\/\/alainanima.com\/index.php\/references-et-clients\/","title":{"rendered":"REFERENCES ET CLIENTS"},"content":{"rendered":"<div id='full_slider_1'  class='avia-fullwidth-slider main_color avia-shadow   avia-builder-el-0  el_before_av_four_fifth  avia-builder-el-first   container_wrap sidebar_right'  ><div  class='avia-slideshow av-7107b-2ac338530da8f0a62168408b24eaeb5c avia-slideshow-no scaling av_slideshow_full avia-slide-slider av-slideshow-ui av-control-default av-slideshow-manual av-loop-once av-loop-manual-endless av-default-height-applied   avia-slideshow-1' data-slideshow-options=\"{&quot;animation&quot;:&quot;slide&quot;,&quot;autoplay&quot;:false,&quot;loop_autoplay&quot;:&quot;once&quot;,&quot;interval&quot;:5,&quot;loop_manual&quot;:&quot;manual-endless&quot;,&quot;autoplay_stopper&quot;:false,&quot;noNavigation&quot;:false,&quot;bg_slider&quot;:false,&quot;keep_padding&quot;:false,&quot;hoverpause&quot;:false,&quot;show_slide_delay&quot;:0}\"  itemprop=\"image\" itemscope=\"itemscope\" itemtype=\"https:\/\/schema.org\/ImageObject\" ><ul class='avia-slideshow-inner ' style='padding-bottom: 28.063063063063%;'><li  class='avia-slideshow-slide av-7107b-2ac338530da8f0a62168408b24eaeb5c__0  av-single-slide slide-1 slide-odd'><div data-rel='slideshow-1' class='avia-slide-wrap '   ><img alt=\"\" alt=\"\" decoding=\"async\" fetchpriority=\"high\" class=\"wp-image-145 avia-img-lazy-loading-not-145\"  src=\"https:\/\/alainanima.com\/wp-content\/uploads\/2025\/09\/ALAIN-ANIMACOM-HEADER-REFERENCES-CLIENTS.jpg\" width=\"2220\" height=\"623\" title='ALAIN ANIMACOM-HEADER-REFERENCES CLIENTS' alt=''  itemprop=\"thumbnailUrl\" srcset=\"https:\/\/alainanima.com\/wp-content\/uploads\/2025\/09\/ALAIN-ANIMACOM-HEADER-REFERENCES-CLIENTS.jpg 2220w, https:\/\/alainanima.com\/wp-content\/uploads\/2025\/09\/ALAIN-ANIMACOM-HEADER-REFERENCES-CLIENTS-300x84.jpg 300w, https:\/\/alainanima.com\/wp-content\/uploads\/2025\/09\/ALAIN-ANIMACOM-HEADER-REFERENCES-CLIENTS-1030x289.jpg 1030w, https:\/\/alainanima.com\/wp-content\/uploads\/2025\/09\/ALAIN-ANIMACOM-HEADER-REFERENCES-CLIENTS-768x216.jpg 768w, https:\/\/alainanima.com\/wp-content\/uploads\/2025\/09\/ALAIN-ANIMACOM-HEADER-REFERENCES-CLIENTS-1536x431.jpg 1536w, https:\/\/alainanima.com\/wp-content\/uploads\/2025\/09\/ALAIN-ANIMACOM-HEADER-REFERENCES-CLIENTS-2048x575.jpg 2048w, https:\/\/alainanima.com\/wp-content\/uploads\/2025\/09\/ALAIN-ANIMACOM-HEADER-REFERENCES-CLIENTS-1500x421.jpg 1500w, https:\/\/alainanima.com\/wp-content\/uploads\/2025\/09\/ALAIN-ANIMACOM-HEADER-REFERENCES-CLIENTS-705x198.jpg 705w\" sizes=\"(max-width: 2220px) 100vw, 2220px\" \/><\/div><\/li><\/ul><\/div><\/div><div id='after_full_slider_1'  class='main_color av_default_container_wrap container_wrap sidebar_right'  ><div class='container av-section-cont-open' ><div class='template-page content  av-content-small alpha units'><div class='post-entry post-entry-type-page post-entry-231'><div class='entry-content-wrapper clearfix'>\n<div class='flex_column_table av-1ij50n-1fdb61d34972c6ea87ec54ee0f9328a6 sc-av_four_fifth av-equal-height-column-flextable'><div  class='flex_column av-1ij50n-1fdb61d34972c6ea87ec54ee0f9328a6 av_four_fifth  avia-builder-el-1  el_after_av_slideshow_full  el_before_av_one_fifth  avia-builder-el-first  first flex_column_table_cell av-equal-height-column av-align-top  '     ><section  class='av_textblock_section av-14ut93-3e0a2c95fd976acbc1f2ff7574ffad83 '   itemscope=\"itemscope\" itemtype=\"https:\/\/schema.org\/CreativeWork\" ><div class='avia_textblock'  itemprop=\"text\" ><h4><font color=\"White\">SALONS AJACCIO ET BASTIA : <\/font>SALON DU CHOCOLAT, SALON DE L\u2019HABITAT, SALON DE L\u2019AUTO, SALON DU VIN\/SODISCO, FESTIVAL PIZZA ET MUSICA, SALON NICE ID WEEK-END. <font color=\"White\">FOIRE ET ASSIMIL\u00c9 : <\/font>FIERA DI L\u2019AMUNDULU, FESTA DI U MARE, F\u00caTE DES ASSOCIATIONS, FETE DU VELO. <font color=\"White\">INAUGURATION \/ EVENT ENTREPRISE : <\/font>WURTH BALAGNE, RIKA, CUISINE VERLAINE, GROUPE ACTUAL, HALL DECOR, HUYNDA, LA ROCADE FURIANI, AUCHAN, KORSE-LANTA, GALA FJ DANCE, LEROY MERLIN.\u00a0<font color=\"White\"> SPORT : <\/font>S C B SALON VIP, CHAMPIONNAT DE CORSE DE TENNIS, C5 PADDLE 1er P1000, CHAMPIONNAT DE CORSE DE E-FOOT.<font color=\"White\">DIVERS : <\/font>CHR PRO CORSE\/TROPH\u00c9E TABARANI, 1ER CONCOURS INTERNATIONAL DE LA PIZZA EN CORSE, CHAMPIONNAT DE CORSE DE PIZZA. <font color=\"White\">MARCHE DE NOEL : <\/font>DE BIGUGLIA ET LUCCIANA. <font color=\"White\">INTERVIEWS : <\/font>TONY PARKER, NORBERT TARAYRE, CYRIL HANOUNA, CLAUDE FERRANDI, JEAN LASSALLE, CHRIS SLADE\/A.C.D.C<font color=\"White\"> ARTISTES : <\/font>L\u2019ILE DES VOIX, DELIA LUICIA, BRICE COLOMBIER, FLO CARLI, TOTALEMENT 80 CORSICA, SAMANTHA FOX, LIO, GOLD, PLASTIC BERTRAND, GIBSON BROTHERS, BIBIE, JEAN MANCONI &#038; CHRISTOPHE MAE, DJ CORTI, JEAN CHARLES PAPI, JOYCE JONATHAN, EPPO, I PIGNOTTI, BANDE \u00c0 PART, SUPPLEMENT CHEESE, CLEMSTANCE. <font color=\"White\">MODE :<\/font> ELECTIONS DE MISS 15\/17 CORSE, FASHION SHOWS. <font color=\"White\">CIN\u00c9MA\u00a0\/ AVANT PREMI\u00c8RES : <\/font>GROUPE SLB-SOULFILM\u00a0 \/ L\u2019ULTIME RIVAGE, PULSATION, RENAISSANCE, <font color=\"White\">CARITATIF : <\/font>TELETHON, LES RESTOS DU C\u0152UR, A SALVEZZA, CLUB HOUSE\u2026.<\/h4>\n<\/div><\/section><br \/>\n\n<style type=\"text\/css\" data-created_by=\"avia_inline_auto\" id=\"style-css-av-32rtz-f0ec248b88e0624455f0e92d9dea84c7\">\n#top .hr.hr-invisible.av-32rtz-f0ec248b88e0624455f0e92d9dea84c7{\nheight:20px;\n}\n<\/style>\n<div  class='hr av-32rtz-f0ec248b88e0624455f0e92d9dea84c7 hr-invisible  avia-builder-el-3  el_after_av_textblock  avia-builder-el-last '><span class='hr-inner '><span class=\"hr-inner-style\"><\/span><\/span><\/div><\/p><\/div>\n<div class='av-flex-placeholder'><\/div><div  class='flex_column av-klosn-9cf2dfd1e5045134a25358c108d85415 av_one_fifth  avia-builder-el-4  el_after_av_four_fifth  el_before_av_one_full  flex_column_table_cell av-equal-height-column av-align-top  '     ><style type=\"text\/css\" data-created_by=\"avia_inline_auto\" id=\"style-css-av-mfv3wcyj-28ac2028479fd4aa8a4d7a25a909f366\">\n.avia-image-container.av-mfv3wcyj-28ac2028479fd4aa8a4d7a25a909f366 img.avia_image{\nbox-shadow:none;\n}\n.avia-image-container.av-mfv3wcyj-28ac2028479fd4aa8a4d7a25a909f366 .av-image-caption-overlay-center{\ncolor:#ffffff;\n}\n<\/style>\n<div  class='avia-image-container av-mfv3wcyj-28ac2028479fd4aa8a4d7a25a909f366 av-styling- avia-align-center  avia-builder-el-5  avia-builder-el-no-sibling '   itemprop=\"image\" itemscope=\"itemscope\" itemtype=\"https:\/\/schema.org\/ImageObject\" ><div class=\"avia-image-container-inner\"><div class=\"avia-image-overlay-wrap\"><img alt=\"\" alt=\"\" decoding=\"async\" fetchpriority=\"high\" class='wp-image-236 avia-img-lazy-loading-not-236 avia_image ' src=\"https:\/\/alainanima.com\/wp-content\/uploads\/2025\/09\/ASMC.png\" alt='' title='ASMC'  height=\"1416\" width=\"944\"  itemprop=\"thumbnailUrl\" srcset=\"https:\/\/alainanima.com\/wp-content\/uploads\/2025\/09\/ASMC.png 944w, https:\/\/alainanima.com\/wp-content\/uploads\/2025\/09\/ASMC-200x300.png 200w, https:\/\/alainanima.com\/wp-content\/uploads\/2025\/09\/ASMC-687x1030.png 687w, https:\/\/alainanima.com\/wp-content\/uploads\/2025\/09\/ASMC-768x1152.png 768w, https:\/\/alainanima.com\/wp-content\/uploads\/2025\/09\/ASMC-470x705.png 470w\" sizes=\"(max-width: 944px) 100vw, 944px\" \/><\/div><\/div><\/div><\/div><\/div><!--close column table wrapper. Autoclose: 1 -->\n<div  class='flex_column av-dhauv-864c1e2705189b0acf365f36ae6e66ec av_one_full  avia-builder-el-6  el_after_av_one_fifth  avia-builder-el-last  first flex_column_div  column-top-margin'     ><style type=\"text\/css\" data-created_by=\"avia_inline_auto\" id=\"style-css-av-9lu0v-3f8c306dcce543913f55e970338a0437\">\n#top .av_textblock_section.av-9lu0v-3f8c306dcce543913f55e970338a0437 .avia_textblock{\ncolor:#ffffff;\n}\n<\/style>\n<section  class='av_textblock_section av-9lu0v-3f8c306dcce543913f55e970338a0437 '   itemscope=\"itemscope\" itemtype=\"https:\/\/schema.org\/CreativeWork\" ><div class='avia_textblock av_inherit_color'  itemprop=\"text\" ><h3 style=\"text-align: center;\"><em>Tout au long de l\u2019ann\u00e9e,<\/em><br \/>\n<em> j\u2019ai eu le plaisir d\u2019animer des \u00e9v\u00e8nements et des concerts, d\u2019interviewer des personnalit\u00e9s, des artistes,<\/em><br \/>\n<em> de participer au soutient d\u2019associations caritatives.<\/em><br \/>\n<em> Merci \u00e0 toutes et \u00e0 tous pour\u00a0votre confiance.<\/em><\/h3>\n<h4 style=\"text-align: center;\"><span style=\"color: #41057d;\">Alain LE BATTEUX- VINCENSINI<\/span><\/h4>\n<\/div><\/section><\/div>\n","protected":false},"excerpt":{"rendered":"","protected":false},"author":1,"featured_media":0,"parent":0,"menu_order":0,"comment_status":"closed","ping_status":"closed","template":"","meta":{"_seopress_robots_primary_cat":"","_seopress_titles_title":"ALAIN ANIMA'COM R\u00c9F\u00c9RENCES ET CLIENTS","_seopress_titles_desc":"L'artisan de vos \u00e9v\u00e9nements en corse","_seopress_robots_index":"","footnotes":""},"class_list":["post-231","page","type-page","status-publish","hentry"],"_links":{"self":[{"href":"https:\/\/alainanima.com\/index.php\/wp-json\/wp\/v2\/pages\/231","targetHints":{"allow":["GET"]}}],"collection":[{"href":"https:\/\/alainanima.com\/index.php\/wp-json\/wp\/v2\/pages"}],"about":[{"href":"https:\/\/alainanima.com\/index.php\/wp-json\/wp\/v2\/types\/page"}],"author":[{"embeddable":true,"href":"https:\/\/alainanima.com\/index.php\/wp-json\/wp\/v2\/users\/1"}],"replies":[{"embeddable":true,"href":"https:\/\/alainanima.com\/index.php\/wp-json\/wp\/v2\/comments?post=231"}],"version-history":[{"count":12,"href":"https:\/\/alainanima.com\/index.php\/wp-json\/wp\/v2\/pages\/231\/revisions"}],"predecessor-version":[{"id":396,"href":"https:\/\/alainanima.com\/index.php\/wp-json\/wp\/v2\/pages\/231\/revisions\/396"}],"wp:attachment":[{"href":"https:\/\/alainanima.com\/index.php\/wp-json\/wp\/v2\/media?parent=231"}],"curies":[{"name":"wp","href":"https:\/\/api.w.org\/{rel}","templated":true}]}}