{"id":281,"date":"2025-09-23T07:44:13","date_gmt":"2025-09-23T07:44:13","guid":{"rendered":"https:\/\/alainanima.com\/?page_id=281"},"modified":"2025-09-30T15:16:58","modified_gmt":"2025-09-30T15:16:58","slug":"contact","status":"publish","type":"page","link":"https:\/\/alainanima.com\/index.php\/contact\/","title":{"rendered":"CONTACT"},"content":{"rendered":"<div id='full_slider_1'  class='avia-fullwidth-slider main_color avia-shadow   avia-builder-el-0  el_before_av_one_half  avia-builder-el-first   container_wrap sidebar_right'  ><div  class='avia-slideshow av-1rfgox-e3a2c3d9f1a1653d33dfd724b9140aef avia-slideshow-no scaling av_slideshow_full avia-slide-slider av-slideshow-ui av-control-default av-slideshow-manual av-loop-once av-loop-manual-endless av-default-height-applied   avia-slideshow-1' data-slideshow-options=\"{&quot;animation&quot;:&quot;slide&quot;,&quot;autoplay&quot;:false,&quot;loop_autoplay&quot;:&quot;once&quot;,&quot;interval&quot;:5,&quot;loop_manual&quot;:&quot;manual-endless&quot;,&quot;autoplay_stopper&quot;:false,&quot;noNavigation&quot;:false,&quot;bg_slider&quot;:false,&quot;keep_padding&quot;:false,&quot;hoverpause&quot;:false,&quot;show_slide_delay&quot;:0}\"  itemprop=\"image\" itemscope=\"itemscope\" itemtype=\"https:\/\/schema.org\/ImageObject\" ><ul class='avia-slideshow-inner ' style='padding-bottom: 28.063063063063%;'><li  class='avia-slideshow-slide av-1rfgox-e3a2c3d9f1a1653d33dfd724b9140aef__0  av-single-slide slide-1 slide-odd'><div data-rel='slideshow-1' class='avia-slide-wrap '   ><img alt=\"\" alt=\"\" decoding=\"async\" fetchpriority=\"high\" class=\"wp-image-397 avia-img-lazy-loading-not-397\"  src=\"https:\/\/alainanima.com\/wp-content\/uploads\/2025\/09\/ALAIN-ANIMACOM-HEADER-CONTACT-1.jpg\" width=\"2220\" height=\"623\" title='ALAIN ANIMACOM-HEADER-CONTACT' alt=''  itemprop=\"thumbnailUrl\" srcset=\"https:\/\/alainanima.com\/wp-content\/uploads\/2025\/09\/ALAIN-ANIMACOM-HEADER-CONTACT-1.jpg 2220w, https:\/\/alainanima.com\/wp-content\/uploads\/2025\/09\/ALAIN-ANIMACOM-HEADER-CONTACT-1-300x84.jpg 300w, https:\/\/alainanima.com\/wp-content\/uploads\/2025\/09\/ALAIN-ANIMACOM-HEADER-CONTACT-1-1030x289.jpg 1030w, https:\/\/alainanima.com\/wp-content\/uploads\/2025\/09\/ALAIN-ANIMACOM-HEADER-CONTACT-1-768x216.jpg 768w, https:\/\/alainanima.com\/wp-content\/uploads\/2025\/09\/ALAIN-ANIMACOM-HEADER-CONTACT-1-1536x431.jpg 1536w, https:\/\/alainanima.com\/wp-content\/uploads\/2025\/09\/ALAIN-ANIMACOM-HEADER-CONTACT-1-2048x575.jpg 2048w, https:\/\/alainanima.com\/wp-content\/uploads\/2025\/09\/ALAIN-ANIMACOM-HEADER-CONTACT-1-1500x421.jpg 1500w, https:\/\/alainanima.com\/wp-content\/uploads\/2025\/09\/ALAIN-ANIMACOM-HEADER-CONTACT-1-705x198.jpg 705w\" sizes=\"(max-width: 2220px) 100vw, 2220px\" \/><\/div><\/li><\/ul><\/div><\/div><div id='after_full_slider_1'  class='main_color av_default_container_wrap container_wrap sidebar_right'  ><div class='container av-section-cont-open' ><div class='template-page content  av-content-small alpha units'><div class='post-entry post-entry-type-page post-entry-281'><div class='entry-content-wrapper clearfix'>\n<div class='flex_column_table av-1ewjo1-8f92893b5baca3b77e3a934e23ecb8f8 sc-av_one_half av-equal-height-column-flextable'><div  class='flex_column av-1ewjo1-8f92893b5baca3b77e3a934e23ecb8f8 av_one_half  avia-builder-el-1  el_after_av_slideshow_full  el_before_av_one_half  avia-builder-el-first  first flex_column_table_cell av-equal-height-column av-align-top  '     ><p>\n<style type=\"text\/css\" data-created_by=\"avia_inline_auto\" id=\"style-css-av-vg5xl-27b5b051d81145d9a7a00fdb2edddef0\">\n#top .av-special-heading.av-vg5xl-27b5b051d81145d9a7a00fdb2edddef0{\npadding-bottom:10px;\n}\nbody .av-special-heading.av-vg5xl-27b5b051d81145d9a7a00fdb2edddef0 .av-special-heading-tag .heading-char{\nfont-size:25px;\n}\n.av-special-heading.av-vg5xl-27b5b051d81145d9a7a00fdb2edddef0 .av-subheading{\nfont-size:15px;\n}\n<\/style>\n<div  class='av-special-heading av-vg5xl-27b5b051d81145d9a7a00fdb2edddef0 av-special-heading-h1 custom-color-heading blockquote modern-quote  avia-builder-el-2  el_before_av_contact  avia-builder-el-first '><h1 class='av-special-heading-tag '  itemprop=\"headline\"  >NOUS CONTACTEZ<\/h1><div class=\"special-heading-border\"><div class=\"special-heading-inner-border\"><\/div><\/div><\/div><br \/>\n<form action=\"https:\/\/alainanima.com\/index.php\/contact\/\" method=\"post\" data-fields-with-error=\"Erreurs trouv\u00e9es dans les champs suivants :\" class=\"avia_ajax_form av-form-labels-visible   avia-builder-el-3  el_after_av_heading  avia-builder-el-last   \" data-avia-form-id=\"1\" data-avia-redirect=''  aria-label='Formulaire de contact' ><fieldset><p class='  first_form  form_element form_fullwidth' id='element_avia_1_1'><label for=\"avia_1_1\">NOM <abbr class=\"required\" title=\"requis(e)\">*<\/abbr><\/label> <input name=\"avia_1_1\" class=\"text_input is_empty\" type=\"text\" id=\"avia_1_1\" value=\"\" \/><\/p><p class='  first_form  form_element form_fullwidth' id='element_avia_2_1'><label for=\"avia_2_1\">E-Mail <abbr class=\"required\" title=\"requis(e)\">*<\/abbr><\/label> <input name=\"avia_2_1\" class=\"text_input is_email\" type=\"text\" id=\"avia_2_1\" value=\"\" \/><\/p><p class='  first_form  form_element form_fullwidth' id='element_avia_3_1'><label for=\"avia_3_1\" class=\"textare_label hidden textare_label_avia_3_1\">MESSAGE <abbr class=\"required\" title=\"requis(e)\">*<\/abbr><\/label><textarea  name=\"avia_3_1\" class=\"text_area is_empty\" cols=\"40\" rows=\"7\" id=\"avia_3_1\" ><\/textarea><\/p><p class='  first_form  form_element form_fullwidth av-last-visible-form-element' id='element_avia_4_1'><input  name=\"avia_4_1\" class=\"input_checkbox is_empty\" type=\"checkbox\" id=\"avia_4_1\" value=\"true\"\/><label class=\"input_checkbox_label\" for=\"avia_4_1\"> Soumettant ce formulaire, j\u2019accepte que les informations que je saisis soient utilis\u00e9es, exploit\u00e9es et trait\u00e9es pour permettre de me recontacter dans le cadre de ma demande de contact \u00e0 Alain anima\u2019com <abbr class=\"required\" title=\"requis(e)\">*<\/abbr><\/label><\/p><p class=\"hidden\"><input type=\"text\" name=\"avia_5_1\" class=\"hidden \" id=\"avia_5_1\" value=\"\" \/><\/p><p class=\"form_element \"><input type=\"hidden\" value=\"1\" name=\"avia_generated_form1\" \/><input type=\"submit\" value=\"VALIDER\" class=\"button\"  data-sending-label=\"Envoi\"\/><\/p><\/fieldset><\/form><div id=\"ajaxresponse_1\" class=\"ajaxresponse ajaxresponse_1 hidden\"><\/div><\/p><\/div>\n<div class='av-flex-placeholder'><\/div><div  class='flex_column av-145cmh-5245b841396dba0617a0f925df77a4df av_one_half  avia-builder-el-4  el_after_av_one_half  avia-builder-el-last  flex_column_table_cell av-equal-height-column av-align-top  '     ><p>\n<style type=\"text\/css\" data-created_by=\"avia_inline_auto\" id=\"style-css-av-mfw9mm1b-cde03be3a4ec5ce6fa7aa99d24c2224e\">\n#top .av-special-heading.av-mfw9mm1b-cde03be3a4ec5ce6fa7aa99d24c2224e{\npadding-bottom:10px;\n}\nbody .av-special-heading.av-mfw9mm1b-cde03be3a4ec5ce6fa7aa99d24c2224e .av-special-heading-tag .heading-char{\nfont-size:25px;\n}\n.av-special-heading.av-mfw9mm1b-cde03be3a4ec5ce6fa7aa99d24c2224e .av-subheading{\nfont-size:15px;\n}\n<\/style>\n<div  class='av-special-heading av-mfw9mm1b-cde03be3a4ec5ce6fa7aa99d24c2224e av-special-heading-h1 custom-color-heading blockquote modern-quote  avia-builder-el-5  el_before_av_image  avia-builder-el-first '><h1 class='av-special-heading-tag '  itemprop=\"headline\"  >NOS COORDONN\u00c9ES<\/h1><div class=\"special-heading-border\"><div class=\"special-heading-inner-border\"><\/div><\/div><\/div><br \/>\n\n<style type=\"text\/css\" data-created_by=\"avia_inline_auto\" id=\"style-css-av-mfwl0nga-6010aa5b95f4db56beec119df776453b\">\n.avia-image-container.av-mfwl0nga-6010aa5b95f4db56beec119df776453b img.avia_image{\nbox-shadow:none;\n}\n.avia-image-container.av-mfwl0nga-6010aa5b95f4db56beec119df776453b .av-image-caption-overlay-center{\ncolor:#ffffff;\n}\n<\/style>\n<div  class='avia-image-container av-mfwl0nga-6010aa5b95f4db56beec119df776453b av-styling- avia-align-left  avia-builder-el-6  el_after_av_heading  el_before_av_hr '   itemprop=\"image\" itemscope=\"itemscope\" itemtype=\"https:\/\/schema.org\/ImageObject\" ><div class=\"avia-image-container-inner\"><div class=\"avia-image-overlay-wrap\"><img alt=\"\" alt=\"\" decoding=\"async\" fetchpriority=\"high\" class='wp-image-61 avia-img-lazy-loading-not-61 avia_image ' src=\"https:\/\/alainanima.com\/wp-content\/uploads\/2025\/09\/LOGO-ALAIN-ANIMACOM-SANS-FOND-1-300x115.png\" alt='' title=''  height=\"115\" width=\"300\"  itemprop=\"thumbnailUrl\" srcset=\"https:\/\/alainanima.com\/wp-content\/uploads\/2025\/09\/LOGO-ALAIN-ANIMACOM-SANS-FOND-1-300x115.png 300w, https:\/\/alainanima.com\/wp-content\/uploads\/2025\/09\/LOGO-ALAIN-ANIMACOM-SANS-FOND-1-1030x396.png 1030w, https:\/\/alainanima.com\/wp-content\/uploads\/2025\/09\/LOGO-ALAIN-ANIMACOM-SANS-FOND-1-768x295.png 768w, https:\/\/alainanima.com\/wp-content\/uploads\/2025\/09\/LOGO-ALAIN-ANIMACOM-SANS-FOND-1-1536x591.png 1536w, https:\/\/alainanima.com\/wp-content\/uploads\/2025\/09\/LOGO-ALAIN-ANIMACOM-SANS-FOND-1-2048x788.png 2048w, https:\/\/alainanima.com\/wp-content\/uploads\/2025\/09\/LOGO-ALAIN-ANIMACOM-SANS-FOND-1-1500x577.png 1500w, https:\/\/alainanima.com\/wp-content\/uploads\/2025\/09\/LOGO-ALAIN-ANIMACOM-SANS-FOND-1-705x271.png 705w, https:\/\/alainanima.com\/wp-content\/uploads\/2025\/09\/LOGO-ALAIN-ANIMACOM-SANS-FOND-1-845x321.png 845w\" sizes=\"(max-width: 300px) 100vw, 300px\" \/><\/div><\/div><\/div><br \/>\n\n<style type=\"text\/css\" data-created_by=\"avia_inline_auto\" id=\"style-css-av-eu7p5-233994d075f48fcde4bc37569d29d0a3\">\n#top .hr.hr-invisible.av-eu7p5-233994d075f48fcde4bc37569d29d0a3{\nheight:20px;\n}\n<\/style>\n<div  class='hr av-eu7p5-233994d075f48fcde4bc37569d29d0a3 hr-invisible  avia-builder-el-7  el_after_av_image  el_before_av_textblock '><span class='hr-inner '><span class=\"hr-inner-style\"><\/span><\/span><\/div><br \/>\n\n<style type=\"text\/css\" data-created_by=\"avia_inline_auto\" id=\"style-css-av-mhszt-353ae723fa105d501f35af4d150e2d90\">\n#top .av_textblock_section.av-mhszt-353ae723fa105d501f35af4d150e2d90 .avia_textblock{\nfont-size:27px;\n}\n<\/style>\n<section  class='av_textblock_section av-mhszt-353ae723fa105d501f35af4d150e2d90 '   itemscope=\"itemscope\" itemtype=\"https:\/\/schema.org\/CreativeWork\" ><div class='avia_textblock av_inherit_color'  itemprop=\"text\" ><h4>Apt N\u00b02-Lot N\u00b01 \u00a0LE LANCONE<\/h4>\n<h4>20620 BIGUGLIA<\/h4>\n<h4>E-mail :<a href=\"http:\/\/alain.animacom@gmail.com\">alain.animacom@gmail.com<\/a><\/p>\n<\/div><\/section><br \/>\n\n<style type=\"text\/css\" data-created_by=\"avia_inline_auto\" id=\"style-css-av-1211l-f78a6ddbf7482bcbac978a3b7c7aa17d\">\n#top .hr.hr-invisible.av-1211l-f78a6ddbf7482bcbac978a3b7c7aa17d{\nheight:20px;\n}\n<\/style>\n<div  class='hr av-1211l-f78a6ddbf7482bcbac978a3b7c7aa17d hr-invisible  avia-builder-el-9  el_after_av_textblock  el_before_av_textblock '><span class='hr-inner '><span class=\"hr-inner-style\"><\/span><\/span><\/div><br \/>\n<section  class='av_textblock_section av-mfw9ugsz-66d07ca012ad2870dc36735dc648990f '   itemscope=\"itemscope\" itemtype=\"https:\/\/schema.org\/CreativeWork\" ><div class='avia_textblock av_inherit_color'  itemprop=\"text\" >\n<style type=\"text\/css\" data-created_by=\"avia_inline_auto\" id=\"style-css-av-2kuucf-f2311e02aba7c3a7fdd69afac6b1734e\">\n.av_font_icon.av-2kuucf-f2311e02aba7c3a7fdd69afac6b1734e .av-icon-char{\nfont-size:40px;\nline-height:40px;\n}\n<\/style>\n<span  class='av_font_icon av-2kuucf-f2311e02aba7c3a7fdd69afac6b1734e avia_animate_when_visible av-icon-style- avia-icon-pos-left avia-iconfont avia-font-entypo-fontello av-no-color avia-icon-animate'><span class='av-icon-char' data-av_icon='\ue848' data-av_iconfont='entypo-fontello' aria-hidden=\"true\" ><\/span><\/span>\n<h2><b>\u00a006 88 77 39 78<\/b><\/h2>\n<\/div><\/section><br \/>\n\n<style type=\"text\/css\" data-created_by=\"avia_inline_auto\" id=\"style-css-av-mfxt2ce2-c532fafdb85964e1d91e45aa9ddd80ee\">\n.avia-image-container.av-mfxt2ce2-c532fafdb85964e1d91e45aa9ddd80ee img.avia_image{\nbox-shadow:none;\n}\n.avia-image-container.av-mfxt2ce2-c532fafdb85964e1d91e45aa9ddd80ee .av-image-caption-overlay-center{\ncolor:#ffffff;\n}\n<\/style>\n<div  class='avia-image-container av-mfxt2ce2-c532fafdb85964e1d91e45aa9ddd80ee av-styling- avia-align-left  avia-builder-el-12  el_after_av_textblock  avia-builder-el-last '   itemprop=\"image\" itemscope=\"itemscope\" itemtype=\"https:\/\/schema.org\/ImageObject\" ><div class=\"avia-image-container-inner\"><div class=\"avia-image-overlay-wrap\"><img alt=\"\" alt=\"\" decoding=\"async\" fetchpriority=\"high\" class='wp-image-137 avia-img-lazy-loading-not-137 avia_image ' src=\"https:\/\/alainanima.com\/wp-content\/uploads\/2025\/09\/ALAIN-ANIMACOM-HOME-300x178.jpg\" alt='' title='ALAIN-ANIMACOM- HOME'  height=\"178\" width=\"300\"  itemprop=\"thumbnailUrl\" srcset=\"https:\/\/alainanima.com\/wp-content\/uploads\/2025\/09\/ALAIN-ANIMACOM-HOME-300x178.jpg 300w, https:\/\/alainanima.com\/wp-content\/uploads\/2025\/09\/ALAIN-ANIMACOM-HOME-1030x612.jpg 1030w, https:\/\/alainanima.com\/wp-content\/uploads\/2025\/09\/ALAIN-ANIMACOM-HOME-768x456.jpg 768w, https:\/\/alainanima.com\/wp-content\/uploads\/2025\/09\/ALAIN-ANIMACOM-HOME-1500x891.jpg 1500w, https:\/\/alainanima.com\/wp-content\/uploads\/2025\/09\/ALAIN-ANIMACOM-HOME-705x419.jpg 705w, https:\/\/alainanima.com\/wp-content\/uploads\/2025\/09\/ALAIN-ANIMACOM-HOME.jpg 1512w\" sizes=\"(max-width: 300px) 100vw, 300px\" \/><\/div><\/div><\/div><\/p><\/div><\/div><!--close column table wrapper. Autoclose: 1 -->\n","protected":false},"excerpt":{"rendered":"","protected":false},"author":1,"featured_media":0,"parent":0,"menu_order":0,"comment_status":"closed","ping_status":"closed","template":"","meta":{"_seopress_robots_primary_cat":"","_seopress_titles_title":"CONTACTEZ ALAIN ANIMA'COM","_seopress_titles_desc":"L'ARTISAN DE VOS \u00c9V\u00c9NEMENTS EN CORSE","_seopress_robots_index":"","footnotes":""},"class_list":["post-281","page","type-page","status-publish","hentry"],"_links":{"self":[{"href":"https:\/\/alainanima.com\/index.php\/wp-json\/wp\/v2\/pages\/281","targetHints":{"allow":["GET"]}}],"collection":[{"href":"https:\/\/alainanima.com\/index.php\/wp-json\/wp\/v2\/pages"}],"about":[{"href":"https:\/\/alainanima.com\/index.php\/wp-json\/wp\/v2\/types\/page"}],"author":[{"embeddable":true,"href":"https:\/\/alainanima.com\/index.php\/wp-json\/wp\/v2\/users\/1"}],"replies":[{"embeddable":true,"href":"https:\/\/alainanima.com\/index.php\/wp-json\/wp\/v2\/comments?post=281"}],"version-history":[{"count":21,"href":"https:\/\/alainanima.com\/index.php\/wp-json\/wp\/v2\/pages\/281\/revisions"}],"predecessor-version":[{"id":398,"href":"https:\/\/alainanima.com\/index.php\/wp-json\/wp\/v2\/pages\/281\/revisions\/398"}],"wp:attachment":[{"href":"https:\/\/alainanima.com\/index.php\/wp-json\/wp\/v2\/media?parent=281"}],"curies":[{"name":"wp","href":"https:\/\/api.w.org\/{rel}","templated":true}]}}