{"id":3,"date":"2025-09-17T17:11:54","date_gmt":"2025-09-17T17:11:54","guid":{"rendered":"http:\/\/alainanima.com\/?page_id=3"},"modified":"2025-09-23T15:05:32","modified_gmt":"2025-09-23T15:05:32","slug":"privacy-policy","status":"publish","type":"page","link":"https:\/\/alainanima.com\/index.php\/privacy-policy\/","title":{"rendered":"CONDITIONS GENERALES"},"content":{"rendered":"<section  class='av_textblock_section av-mfworywy-7bfb2530ef07267f55a11007d188251d '   itemscope=\"itemscope\" itemtype=\"https:\/\/schema.org\/CreativeWork\" ><div class='avia_textblock'  itemprop=\"text\" ><p><b>ARTICLE 1\u00a0: Objet<\/b><\/p>\n<p>Les pr\u00e9sentes \u00ab conditions g\u00e9n\u00e9rales d\u2019utilisation \u00bb ont pour objet l\u2019encadrement juridique des modalit\u00e9s de mise \u00e0 disposition des services du site : alainanima.com et leur utilisation par \u00ab l\u2019Utilisateur \u00bb.<\/p>\n<p>Les conditions g\u00e9n\u00e9rales d\u2019utilisation doivent \u00eatre accept\u00e9es par tout Utilisateur souhaitant acc\u00e9der au site. Elles constituent le contrat entre le site et l\u2019Utilisateur. L\u2019acc\u00e8s au site par l\u2019Utilisateur signifie son acceptation des pr\u00e9sentes conditions g\u00e9n\u00e9rales d\u2019utilisation.<\/p>\n<p>\u00c9ventuellement\u00a0:<\/p>\n<ul>\n<li>En cas de non-acceptation des conditions g\u00e9n\u00e9rales d\u2019utilisation stipul\u00e9es dans le pr\u00e9sent contrat, l\u2019Utilisateur se doit de renoncer \u00e0 l\u2019acc\u00e8s des services propos\u00e9s par le site.<\/li>\n<li>alainanima.com se r\u00e9serve le droit de modifier unilat\u00e9ralement et \u00e0 tout moment le contenu des pr\u00e9sentes conditions g\u00e9n\u00e9rales d\u2019utilisation.<\/li>\n<\/ul>\n<p><b>ARTICLE 2\u00a0: Mentions l\u00e9gales<\/b><\/p>\n<p>L\u2019\u00e9dition du site alainanima.com\u00a0est assur\u00e9e par \u00a0:<\/p>\n<p>Apt N\u00b02 \u00a0\u00a0Lot N\u00b01 \u00a0LE LANCONE<\/p>\n<p>20620 BIGUGLIA.<span class=\"Apple-converted-space\">\u00a0<\/span><\/p>\n<p>Le Directeur de la publication est Monsieur Alain LE BATTEUX<\/p>\n<p>L\u2019h\u00e9bergeur du site alainanima.com est la Soci\u00e9t\u00e9 OVH au capital de 10 069 020 \u20ac dont le si\u00e8ge social est situ\u00e9 au 2 rue Kellermann \u2013 59100 Roubaix.<\/p>\n<p><b>ARTICLE\u00a03\u00a0: D\u00e9finitions<\/b><\/p>\n<p>La pr\u00e9sente clause a pour objet de d\u00e9finir les diff\u00e9rents termes essentiels du contrat\u00a0:<\/p>\n<ul>\n<li>Utilisateur\u00a0: ce terme d\u00e9signe toute personne qui utilise le site ou l\u2019un des services propos\u00e9s par le site.<\/li>\n<li>Contenu utilisateur\u00a0: ce sont les donn\u00e9es transmises par l\u2019Utilisateur au sein du site.<\/li>\n<li>Membre\u00a0: l\u2019Utilisateur devient membre lorsqu\u2019il est identifi\u00e9 sur le site.<\/li>\n<li>Identifiant et mot de passe\u00a0: c\u2019est l\u2019ensemble des informations n\u00e9cessaires \u00e0 l\u2019identification d\u2019un Utilisateur sur le site. L\u2019identifiant et le mot de passe permettent \u00e0 l\u2019Utilisateur d\u2019acc\u00e9der \u00e0 des services r\u00e9serv\u00e9s aux membres du site. Le mot de passe est confidentiel.<\/li>\n<\/ul>\n<p><b>ARTICLE\u00a04\u00a0: acc\u00e8s aux services<\/b><\/p>\n<p>Le site permet \u00e0 l\u2019Utilisateur un acc\u00e8s gratuit aux services suivants\u00a0:<\/p>\n<ul>\n<li>[articles d\u2019information]\u00a0;<\/li>\n<li>[annonces class\u00e9es]\u00a0;<\/li>\n<li>[mise en relation de personnes]\u00a0;<\/li>\n<li>[publication de commentaires \/ d\u2019\u0153uvres personnelles]\u00a0;<\/li>\n<li>[\u2026].<\/li>\n<\/ul>\n<p>Le site est accessible gratuitement en tout lieu \u00e0 tout Utilisateur ayant un acc\u00e8s \u00e0 Internet. Tous les frais support\u00e9s par l\u2019Utilisateur pour acc\u00e9der au service (mat\u00e9riel informatique, logiciels, connexion Internet, etc.) sont \u00e0 sa charge.<\/p>\n<p>Selon le cas\u00a0:<\/p>\n<p>L\u2019Utilisateur non membre n\u2019a pas acc\u00e8s aux services r\u00e9serv\u00e9s aux membres. Pour cela, il doit s\u2019identifier \u00e0 l\u2019aide de son identifiant et de son mot de passe.<\/p>\n<p>Le site met en \u0153uvre tous les moyens mis \u00e0 sa disposition pour assurer un acc\u00e8s de qualit\u00e9 \u00e0 ses services. L\u2019obligation \u00e9tant de moyens, le site ne s\u2019engage pas \u00e0 atteindre ce r\u00e9sultat.<\/p>\n<p>Tout \u00e9v\u00e9nement d\u00fb \u00e0 un cas de force majeure ayant pour cons\u00e9quence un dysfonctionnement du r\u00e9seau ou du serveur n\u2019engage pas la responsabilit\u00e9 de site\u00a0golf-ecancourt.fr<\/p>\n<p>L\u2019acc\u00e8s aux services du site peut \u00e0 tout moment faire l\u2019objet d\u2019une interruption, d\u2019une suspension, d\u2019une modification sans pr\u00e9avis pour une maintenance ou pour tout autre cas. L\u2019Utilisateur s\u2019oblige \u00e0 ne r\u00e9clamer aucune indemnisation suite \u00e0 l\u2019interruption, \u00e0 la suspension ou \u00e0 la modification du pr\u00e9sent contrat.<\/p>\n<p>L\u2019Utilisateur a la possibilit\u00e9 de contacter le site par messagerie \u00e9lectronique \u00e0 l\u2019adresse\u00a0contact@golf-ecancourt.fr<\/p>\n<p><b>ARTICLE\u00a05\u00a0: Propri\u00e9t\u00e9 intellectuelle<\/b><\/p>\n<p>Les marques, logos, signes et tout autre contenu du site font l\u2019objet d\u2019une protection par le Code de la propri\u00e9t\u00e9 intellectuelle et plus particuli\u00e8rement par le droit d\u2019auteur.<\/p>\n<p>L\u2019Utilisateur sollicite l\u2019autorisation pr\u00e9alable du site pour toute reproduction, publication, copie des diff\u00e9rents contenus.<\/p>\n<p>L\u2019Utilisateur s\u2019engage \u00e0 une utilisation des contenus du site dans un cadre strictement priv\u00e9. Une utilisation des contenus \u00e0 des fins commerciales est strictement interdite.<\/p>\n<p>Tout contenu mis en ligne par l\u2019Utilisateur est de sa seule responsabilit\u00e9. L\u2019Utilisateur s\u2019engage \u00e0 ne pas mettre en ligne de contenus pouvant porter atteinte aux int\u00e9r\u00eats de tierces personnes. Tout recours en justice engag\u00e9 par un tiers l\u00e9s\u00e9 contre le site sera pris en charge par l\u2019Utilisateur.<\/p>\n<p>Le contenu de l\u2019Utilisateur peut \u00eatre \u00e0 tout moment et pour n\u2019importe quelle raison supprim\u00e9 ou modifi\u00e9 par le site. L\u2019Utilisateur ne re\u00e7oit aucune justification et notification pr\u00e9alablement \u00e0 la suppression ou \u00e0 la modification du contenu Utilisateur.<\/p>\n<p><b>ARTICLE\u00a06\u00a0: Donn\u00e9es personnelles<\/b><\/p>\n<p>Les informations demand\u00e9es \u00e0 l\u2019inscription au site sont n\u00e9cessaires et obligatoires pour la cr\u00e9ation du compte de l\u2019Utilisateur. En particulier, l\u2019adresse \u00e9lectronique pourra \u00eatre utilis\u00e9e par le site pour l\u2019administration, la gestion et l\u2019animation du service.<\/p>\n<p>Le site assure \u00e0 l\u2019Utilisateur une collecte et un traitement d\u2019informations personnelles dans le respect de la vie priv\u00e9e conform\u00e9ment \u00e0 la loi n\u00b078-17 du 6 janvier 1978 relative \u00e0 l\u2019informatique, aux fichiers et aux libert\u00e9s. Le site est d\u00e9clar\u00e9 \u00e0 la CNIL sous le num\u00e9ro\u00a0[num\u00e9ro].<\/p>\n<p>En vertu des articles 39 et 40 de la loi en date du 6 janvier 1978, l\u2019Utilisateur dispose d\u2019un droit d\u2019acc\u00e8s, de rectification, de suppression et d\u2019opposition de ses donn\u00e9es personnelles. L\u2019Utilisateur exerce ce droit via\u00a0:<\/p>\n<ul>\n<li>son espace personnel\u00a0;<\/li>\n<li>un formulaire de contact\u00a0;<\/li>\n<li>par mail \u00e0\u00a0 : alain.animacom@gmail.com<\/li>\n<li>par voie postale au : Apt N\u00b02 \u00a0\u00a0Lot N\u00b01 \u00a0LE LANCONE &#8211; 20620 BIGUGLIA<\/li>\n<\/ul>\n<p><b>ARTICLE\u00a07\u00a0: Responsabilit\u00e9 et force majeure<\/b><\/p>\n<p>Les sources des informations diffus\u00e9es sur le site sont r\u00e9put\u00e9es fiables. Toutefois, le site se r\u00e9serve la facult\u00e9 d\u2019une non-garantie de la fiabilit\u00e9 des sources. Les informations donn\u00e9es sur le site le sont \u00e0 titre purement informatif. Ainsi, l\u2019Utilisateur assume seul l\u2019enti\u00e8re responsabilit\u00e9 de l\u2019utilisation des informations et contenus du pr\u00e9sent site.<\/p>\n<p>L\u2019Utilisateur s\u2019assure de garder son mot de passe secret. Toute divulgation du mot de passe, quelle que soit sa forme, est interdite.<\/p>\n<p>L\u2019Utilisateur assume les risques li\u00e9s \u00e0 l\u2019utilisation de son identifiant et mot de passe. Le site d\u00e9cline toute responsabilit\u00e9.<\/p>\n<p>Tout usage du service par l\u2019Utilisateur ayant directement ou indirectement pour cons\u00e9quence des dommages doit faire l\u2019objet d\u2019une indemnisation au profit du site.<\/p>\n<p>Une garantie optimale de la s\u00e9curit\u00e9 et de la confidentialit\u00e9 des donn\u00e9es transmises n\u2019est pas assur\u00e9e par le site. Toutefois, le site s\u2019engage \u00e0 mettre en \u0153uvre tous les moyens n\u00e9cessaires afin de garantir au mieux la s\u00e9curit\u00e9 et la confidentialit\u00e9 des donn\u00e9es.<\/p>\n<p>La responsabilit\u00e9 du site ne peut \u00eatre engag\u00e9e en cas de force majeure ou du fait impr\u00e9visible et insurmontable d\u2019un tiers.<\/p>\n<p><b>ARTICLE\u00a08\u00a0: Liens hypertextes<\/b><\/p>\n<p>De nombreux liens hypertextes sortants sont pr\u00e9sents sur le site, cependant les pages web o\u00f9 m\u00e8nent ces liens n\u2019engagent en rien la responsabilit\u00e9 de alainanima.com<\/p>\n<p>qui n\u2019a pas le contr\u00f4le de ces liens.<\/p>\n<p>L\u2019Utilisateur s\u2019interdit donc \u00e0 engager la responsabilit\u00e9 du site concernant le contenu et les ressources relatives \u00e0 ces liens hypertextes sortants.<\/p>\n<p><b>ARTICLE\u00a09\u00a0: \u00c9volution du contrat<\/b><\/p>\n<p>Le site se r\u00e9serve \u00e0 tout moment le droit de modifier les clauses stipul\u00e9es dans le pr\u00e9sent contrat.<\/p>\n<p><b>ARTICLE\u00a010\u00a0: Dur\u00e9e<\/b><\/p>\n<p>La dur\u00e9e du pr\u00e9sent contrat est ind\u00e9termin\u00e9e. Le contrat produit ses effets \u00e0 l\u2019\u00e9gard de l\u2019Utilisateur \u00e0 compter de l\u2019utilisation du service.<\/p>\n<p><b>ARTICLE\u00a011\u00a0: Droit applicable et juridiction comp\u00e9tente<\/b><\/p>\n<p>La l\u00e9gislation fran\u00e7aise s\u2019applique au pr\u00e9sent contrat. En cas d\u2019absence de r\u00e9solution amiable d\u2019un litige n\u00e9 entre les parties, seul le tribunal\u00a0de Paris sont comp\u00e9tents.<\/p>\n<p>\u00c9ventuellement<\/p>\n<p><b>ARTICLE\u00a012\u00a0: Publication par l\u2019Utilisateur<\/b><\/p>\n<p>Le site permet aux membres de publier des commentaires<\/p>\n<p>Dans ses publications, le membre s\u2019engage \u00e0 respecter les r\u00e8gles de la Netiquette et les r\u00e8gles de droit en vigueur.<\/p>\n<p>Le site exerce une mod\u00e9ration\u00a0apriori sur les publications et se r\u00e9serve le droit de refuser leur mise en ligne, sans avoir \u00e0 s\u2019en justifier aupr\u00e8s du membre.<\/p>\n<p>Le membre reste titulaire de l\u2019int\u00e9gralit\u00e9 de ses droits de propri\u00e9t\u00e9 intellectuelle. Mais en publiant une publication sur le site, il c\u00e8de \u00e0 la soci\u00e9t\u00e9 \u00e9ditrice le droit non exclusif et gratuit de repr\u00e9senter, reproduire, adapter, modifier, diffuser et distribuer sa publication, directement ou par un tiers autoris\u00e9, dans le monde entier, sur tout support (num\u00e9rique ou physique), pour la dur\u00e9e de la propri\u00e9t\u00e9 intellectuelle. Le Membre c\u00e8de notamment le droit d\u2019utiliser sa publication sur internet et sur les r\u00e9seaux de t\u00e9l\u00e9phonie mobile.<\/p>\n<p>La soci\u00e9t\u00e9 \u00e9ditrice s\u2019engage \u00e0 faire figurer le nom du membre \u00e0 proximit\u00e9 de chaque utilisation de sa publication.<\/p>\n<p><b>ARTICLE\u00a013\u00a0: Protection des donn\u00e9es<\/b><\/p>\n<p><b>Politique de protection des donn\u00e9es \u00e0 caract\u00e8re personnel<\/b><\/p>\n<p>Lors de votre navigation sur notre site, vous \u00eates amen\u00e9s \u00e0 nous communiquer des donn\u00e9es personnelles. Nous vous remercions de votre confiance et tenons \u00e0 vous informer ici sur l\u2019utilisation de vos donn\u00e9es ainsi que sur vos droits.<\/p>\n<p><b>Le responsable de traitement<\/b><\/p>\n<p>Le responsable de traitement des donn\u00e9es \u00e0 caract\u00e8re personnel est alainanima.com dont vous trouverez les coordonn\u00e9es dans les mentions l\u00e9gales.<\/p>\n<p><b>Formalit\u00e9s CNIL<\/b><\/p>\n<p>[Le traitement de donn\u00e9es \u00e0 caract\u00e8re personnel effectu\u00e9 sur notre site a fait l\u2019objet d\u2019une d\u00e9claration \u00e0 la Commission Nationale Informatique et Libert\u00e9s].<\/p>\n<p><b>Finalit\u00e9s de la collecte et du traitement des donn\u00e9es<\/b><\/p>\n<p>Les donn\u00e9es personnelles collect\u00e9es sur notre site sont utilis\u00e9es pour r\u00e9aliser le traitement des commandes et g\u00e9rer la relation commerciale (livraisons, factures, service apr\u00e8s-vente).<\/p>\n<p>Nous pouvons \u00e9galement utiliser vos donn\u00e9es \u00e0 des fins publicitaires, soit apr\u00e8s avoir recueilli votre consentement expr\u00e8s, soit dans les limites autoris\u00e9es par la loi. Nous sommes \u00e9galement susceptibles d\u2019utiliser vos donn\u00e9es pour satisfaire le cas \u00e9ch\u00e9ant \u00e0 nos obligations l\u00e9gales et\/ou r\u00e9glementaires.<\/p>\n<p><b>Destinataires des donn\u00e9es \u00e0 caract\u00e8re personnel<\/b><\/p>\n<p>L es destinataires de vos donn\u00e9es \u00e0 caract\u00e8re personnel collect\u00e9es sur notre site sont en tout premier lieu nous-m\u00eames pour le traitement de vos commandes et la gestion de la relation client. D\u2019autres destinataires de vos donn\u00e9es personnelles sont, le cas \u00e9ch\u00e9ant, nos prestataires de moyens de paiement ou de s\u00e9curisation des paiements, nos prestataires de livraison, nos partenaires commerciaux. Dans le cas o\u00f9 cela est exig\u00e9 par la loi, votre consentement est recueilli ou une possibilit\u00e9 de refus vous est am\u00e9nag\u00e9e avant toute transmission de donn\u00e9es.<\/p>\n<p><b>Vos Droits<\/b><\/p>\n<p>Il est rappel\u00e9 que la personne dont les donn\u00e9es \u00e0 caract\u00e8re personnel sont trait\u00e9es b\u00e9n\u00e9ficie des droits d\u2019acc\u00e8s, de rectification et d\u2019opposition au traitement de ses donn\u00e9es \u00e0 caract\u00e8re personnel.<\/p>\n<p>Vous pouvez exercer ces droits en nous envoyant un message via le formulaire de contact.<\/p>\n<p><b>Cookies<\/b><\/p>\n<p>Pour assurer le bon fonctionnement de ce site, nous devons parfois enregistrer de petits fichiers de donn\u00e9es sur l\u2019\u00e9quipement de nos utilisateurs. La plupart des grands sites web font de m\u00eame.<\/p>\n<p><b>Qu\u2019est ce qu\u2019un cookie ?<\/b><\/p>\n<p>Un cookie est un petit fichier texte que les sites web sauvegardent sur votre ordinateur ou appareil mobile lorsque vous les consultez. Il permet \u00e0 ces sites de m\u00e9moriser vos actions et pr\u00e9f\u00e9rences (nom d\u2019utilisateur, langue, taille des caract\u00e8res et autres param\u00e8tres d\u2019affichage) pendant un temps donn\u00e9, pour que vous n\u2019ayez pas \u00e0 r\u00e9-indiquer ces informations \u00e0 chaque fois vous consultez ces sites ou naviguez d\u2019une page \u00e0 une autre.<\/p>\n<p><b>Comment contr\u00f4ler les cookies ?<\/b><\/p>\n<p>Vous pouvez contr\u00f4ler et\/ou supprimer des cookies comme vous le souhaitez. Pour en savoir plus, consultez\u00a0<a href=\"https:\/\/www.cnil.fr\/fr\/site-web-cookies-et-autres-traceurs\">www.cnil.fr<\/a>. Vous avez la possibilit\u00e9 de supprimer tous les cookies d\u00e9j\u00e0 stock\u00e9s sur votre ordinateur et de configurer la plupart des navigateurs pour qu\u2019ils les bloquent. Toutefois, dans ce cas, vous devrez peut-\u00eatre indiquer vous-m\u00eames certaines pr\u00e9f\u00e9rences chaque fois que vous vous rendrez sur un site, et certains services et fonctionnalit\u00e9s risquent de ne pas \u00eatre accessibles.<\/p>\n<\/div><\/section>\n","protected":false},"excerpt":{"rendered":"","protected":false},"author":1,"featured_media":0,"parent":0,"menu_order":0,"comment_status":"closed","ping_status":"open","template":"","meta":{"_seopress_robots_primary_cat":"","_seopress_titles_title":"","_seopress_titles_desc":"","_seopress_robots_index":"","footnotes":""},"class_list":["post-3","page","type-page","status-publish","hentry"],"_links":{"self":[{"href":"https:\/\/alainanima.com\/index.php\/wp-json\/wp\/v2\/pages\/3","targetHints":{"allow":["GET"]}}],"collection":[{"href":"https:\/\/alainanima.com\/index.php\/wp-json\/wp\/v2\/pages"}],"about":[{"href":"https:\/\/alainanima.com\/index.php\/wp-json\/wp\/v2\/types\/page"}],"author":[{"embeddable":true,"href":"https:\/\/alainanima.com\/index.php\/wp-json\/wp\/v2\/users\/1"}],"replies":[{"embeddable":true,"href":"https:\/\/alainanima.com\/index.php\/wp-json\/wp\/v2\/comments?post=3"}],"version-history":[{"count":2,"href":"https:\/\/alainanima.com\/index.php\/wp-json\/wp\/v2\/pages\/3\/revisions"}],"predecessor-version":[{"id":375,"href":"https:\/\/alainanima.com\/index.php\/wp-json\/wp\/v2\/pages\/3\/revisions\/375"}],"wp:attachment":[{"href":"https:\/\/alainanima.com\/index.php\/wp-json\/wp\/v2\/media?parent=3"}],"curies":[{"name":"wp","href":"https:\/\/api.w.org\/{rel}","templated":true}]}}