{"id":72,"date":"2025-09-19T15:02:17","date_gmt":"2025-09-19T15:02:17","guid":{"rendered":"https:\/\/alainanima.com\/?page_id=72"},"modified":"2025-09-26T14:16:49","modified_gmt":"2025-09-26T14:16:49","slug":"prestations","status":"publish","type":"page","link":"https:\/\/alainanima.com\/index.php\/prestations\/","title":{"rendered":"PRESTATIONS"},"content":{"rendered":"<div id='full_slider_1'  class='avia-fullwidth-slider main_color avia-shadow   avia-builder-el-0  el_before_av_one_fourth  avia-builder-el-first   container_wrap sidebar_right'  ><div  class='avia-slideshow av-m9is-259e9481e9711c2a9d1f63ee361deb25 avia-slideshow-no scaling av_slideshow_full avia-slide-slider av-slideshow-ui av-control-default av-slideshow-manual av-loop-once av-loop-manual-endless av-default-height-applied   avia-slideshow-1' data-slideshow-options=\"{&quot;animation&quot;:&quot;slide&quot;,&quot;autoplay&quot;:false,&quot;loop_autoplay&quot;:&quot;once&quot;,&quot;interval&quot;:5,&quot;loop_manual&quot;:&quot;manual-endless&quot;,&quot;autoplay_stopper&quot;:false,&quot;noNavigation&quot;:false,&quot;bg_slider&quot;:false,&quot;keep_padding&quot;:false,&quot;hoverpause&quot;:false,&quot;show_slide_delay&quot;:0}\"  itemprop=\"image\" itemscope=\"itemscope\" itemtype=\"https:\/\/schema.org\/ImageObject\" ><ul class='avia-slideshow-inner ' style='padding-bottom: 28.063063063063%;'><li  class='avia-slideshow-slide av-m9is-259e9481e9711c2a9d1f63ee361deb25__0  av-single-slide slide-1 slide-odd'><div data-rel='slideshow-1' class='avia-slide-wrap '   ><img alt=\"\" alt=\"\" decoding=\"async\" fetchpriority=\"high\" class=\"wp-image-124 avia-img-lazy-loading-not-124\"  src=\"https:\/\/alainanima.com\/wp-content\/uploads\/2025\/09\/ALAIN-ANIMACOM-HEADER-PRESTATIONS-1.jpg\" width=\"2220\" height=\"623\" title='ALAIN ANIMACOM-HEADER-PRESTATIONS' alt=''  itemprop=\"thumbnailUrl\" srcset=\"https:\/\/alainanima.com\/wp-content\/uploads\/2025\/09\/ALAIN-ANIMACOM-HEADER-PRESTATIONS-1.jpg 2220w, https:\/\/alainanima.com\/wp-content\/uploads\/2025\/09\/ALAIN-ANIMACOM-HEADER-PRESTATIONS-1-300x84.jpg 300w, https:\/\/alainanima.com\/wp-content\/uploads\/2025\/09\/ALAIN-ANIMACOM-HEADER-PRESTATIONS-1-1030x289.jpg 1030w, https:\/\/alainanima.com\/wp-content\/uploads\/2025\/09\/ALAIN-ANIMACOM-HEADER-PRESTATIONS-1-768x216.jpg 768w, https:\/\/alainanima.com\/wp-content\/uploads\/2025\/09\/ALAIN-ANIMACOM-HEADER-PRESTATIONS-1-1536x431.jpg 1536w, https:\/\/alainanima.com\/wp-content\/uploads\/2025\/09\/ALAIN-ANIMACOM-HEADER-PRESTATIONS-1-2048x575.jpg 2048w, https:\/\/alainanima.com\/wp-content\/uploads\/2025\/09\/ALAIN-ANIMACOM-HEADER-PRESTATIONS-1-1500x421.jpg 1500w, https:\/\/alainanima.com\/wp-content\/uploads\/2025\/09\/ALAIN-ANIMACOM-HEADER-PRESTATIONS-1-705x198.jpg 705w\" sizes=\"(max-width: 2220px) 100vw, 2220px\" \/><\/div><\/li><\/ul><\/div><\/div><div id='after_full_slider_1'  class='main_color av_default_container_wrap container_wrap sidebar_right'  ><div class='container av-section-cont-open' ><div class='template-page content  av-content-small alpha units'><div class='post-entry post-entry-type-page post-entry-72'><div class='entry-content-wrapper clearfix'>\n\n<style type=\"text\/css\" data-created_by=\"avia_inline_auto\" id=\"style-css-av-42z9c-5198f6e5a6c1ea171f6c9cff3b503d79\">\n.flex_column.av-42z9c-5198f6e5a6c1ea171f6c9cff3b503d79{\nwidth:22.75%;\n}\n<\/style>\n<div  class='flex_column av-42z9c-5198f6e5a6c1ea171f6c9cff3b503d79 av_one_fourth  avia-builder-el-1  el_after_av_slideshow_full  el_before_av_one_fourth  avia-builder-el-first  first flex_column_div  '     ><style type=\"text\/css\" data-created_by=\"avia_inline_auto\" id=\"style-css-av-mfqz0ckv-6d6da8fd52c56a1404ca8a503edeed53\">\n.avia-image-container.av-mfqz0ckv-6d6da8fd52c56a1404ca8a503edeed53 img.avia_image{\nbox-shadow:none;\n}\n.avia-image-container.av-mfqz0ckv-6d6da8fd52c56a1404ca8a503edeed53 .av-image-caption-overlay-center{\ncolor:#ffffff;\n}\n<\/style>\n<div  class='avia-image-container av-mfqz0ckv-6d6da8fd52c56a1404ca8a503edeed53 av-styling- av-img-linked avia-align-center  avia-builder-el-2  avia-builder-el-no-sibling '   itemprop=\"image\" itemscope=\"itemscope\" itemtype=\"https:\/\/schema.org\/ImageObject\" ><div class=\"avia-image-container-inner\"><div class=\"avia-image-overlay-wrap\"><a href=\"https:\/\/alainanima.com\/index.php\/salons-foires\/\" class='avia_image '  aria-label='ALAIN-ANIMACOM- SALONS ET FOIRES'><img alt=\"\" alt=\"\" decoding=\"async\" fetchpriority=\"high\" class='wp-image-98 avia-img-lazy-loading-not-98 avia_image ' src=\"https:\/\/alainanima.com\/wp-content\/uploads\/2025\/09\/ALAIN-ANIMACOM-SALONS-ET-FOIRES-1-300x178.jpg\" alt='' title='ALAIN-ANIMACOM- SALONS ET FOIRES'  height=\"178\" width=\"300\"  itemprop=\"thumbnailUrl\" srcset=\"https:\/\/alainanima.com\/wp-content\/uploads\/2025\/09\/ALAIN-ANIMACOM-SALONS-ET-FOIRES-1-300x178.jpg 300w, https:\/\/alainanima.com\/wp-content\/uploads\/2025\/09\/ALAIN-ANIMACOM-SALONS-ET-FOIRES-1-1030x612.jpg 1030w, https:\/\/alainanima.com\/wp-content\/uploads\/2025\/09\/ALAIN-ANIMACOM-SALONS-ET-FOIRES-1-768x456.jpg 768w, https:\/\/alainanima.com\/wp-content\/uploads\/2025\/09\/ALAIN-ANIMACOM-SALONS-ET-FOIRES-1-1500x891.jpg 1500w, https:\/\/alainanima.com\/wp-content\/uploads\/2025\/09\/ALAIN-ANIMACOM-SALONS-ET-FOIRES-1-705x419.jpg 705w, https:\/\/alainanima.com\/wp-content\/uploads\/2025\/09\/ALAIN-ANIMACOM-SALONS-ET-FOIRES-1.jpg 1512w\" sizes=\"(max-width: 300px) 100vw, 300px\" \/><\/a><\/div><\/div><\/div><\/div>\n\n<style type=\"text\/css\" data-created_by=\"avia_inline_auto\" id=\"style-css-av-43v1s-2078c9c6eb9c6dec28cc86b7b4b3470a\">\n.flex_column.av-43v1s-2078c9c6eb9c6dec28cc86b7b4b3470a{\nwidth:22.75%;\nmargin-left:3%;\n}\n<\/style>\n<div  class='flex_column av-43v1s-2078c9c6eb9c6dec28cc86b7b4b3470a av_one_fourth  avia-builder-el-3  el_after_av_one_fourth  el_before_av_one_fourth  flex_column_div  '     ><style type=\"text\/css\" data-created_by=\"avia_inline_auto\" id=\"style-css-av-cn84-b061b529391e0bbc06a8c1c9f130600a\">\n.avia-image-container.av-cn84-b061b529391e0bbc06a8c1c9f130600a img.avia_image{\nbox-shadow:none;\n}\n.avia-image-container.av-cn84-b061b529391e0bbc06a8c1c9f130600a .av-image-caption-overlay-center{\ncolor:#ffffff;\n}\n<\/style>\n<div  class='avia-image-container av-cn84-b061b529391e0bbc06a8c1c9f130600a av-styling- av-img-linked avia-align-center  avia-builder-el-4  avia-builder-el-no-sibling '   itemprop=\"image\" itemscope=\"itemscope\" itemtype=\"https:\/\/schema.org\/ImageObject\" ><div class=\"avia-image-container-inner\"><div class=\"avia-image-overlay-wrap\"><a href=\"https:\/\/alainanima.com\/index.php\/prix-et-concours\/\" class='avia_image '  aria-label='ALAIN-ANIMACOM- REMISES DE PRIX ELECTIONS ET CONCOURS'><img alt=\"\" alt=\"\" decoding=\"async\" fetchpriority=\"high\" class='wp-image-103 avia-img-lazy-loading-not-103 avia_image ' src=\"https:\/\/alainanima.com\/wp-content\/uploads\/2025\/09\/ALAIN-ANIMACOM-REMISES-DE-PRIX-ELECTIONS-ET-CONCOURS-1-300x178.jpg\" alt='' title='ALAIN-ANIMACOM- REMISES DE PRIX ELECTIONS ET CONCOURS'  height=\"178\" width=\"300\"  itemprop=\"thumbnailUrl\" srcset=\"https:\/\/alainanima.com\/wp-content\/uploads\/2025\/09\/ALAIN-ANIMACOM-REMISES-DE-PRIX-ELECTIONS-ET-CONCOURS-1-300x178.jpg 300w, https:\/\/alainanima.com\/wp-content\/uploads\/2025\/09\/ALAIN-ANIMACOM-REMISES-DE-PRIX-ELECTIONS-ET-CONCOURS-1-1030x612.jpg 1030w, https:\/\/alainanima.com\/wp-content\/uploads\/2025\/09\/ALAIN-ANIMACOM-REMISES-DE-PRIX-ELECTIONS-ET-CONCOURS-1-768x456.jpg 768w, https:\/\/alainanima.com\/wp-content\/uploads\/2025\/09\/ALAIN-ANIMACOM-REMISES-DE-PRIX-ELECTIONS-ET-CONCOURS-1-1500x891.jpg 1500w, https:\/\/alainanima.com\/wp-content\/uploads\/2025\/09\/ALAIN-ANIMACOM-REMISES-DE-PRIX-ELECTIONS-ET-CONCOURS-1-705x419.jpg 705w, https:\/\/alainanima.com\/wp-content\/uploads\/2025\/09\/ALAIN-ANIMACOM-REMISES-DE-PRIX-ELECTIONS-ET-CONCOURS-1.jpg 1512w\" sizes=\"(max-width: 300px) 100vw, 300px\" \/><\/a><\/div><\/div><\/div><\/div>\n\n<style type=\"text\/css\" data-created_by=\"avia_inline_auto\" id=\"style-css-av-2wpks-317bf8b395a0eaa221728da3a1f000f5\">\n.flex_column.av-2wpks-317bf8b395a0eaa221728da3a1f000f5{\nwidth:22.75%;\nmargin-left:3%;\n}\n<\/style>\n<div  class='flex_column av-2wpks-317bf8b395a0eaa221728da3a1f000f5 av_one_fourth  avia-builder-el-5  el_after_av_one_fourth  el_before_av_one_fourth  flex_column_div  '     ><style type=\"text\/css\" data-created_by=\"avia_inline_auto\" id=\"style-css-av-29114-186c965be4c194c5458bebf482d9a7a8\">\n.avia-image-container.av-29114-186c965be4c194c5458bebf482d9a7a8 img.avia_image{\nbox-shadow:none;\n}\n.avia-image-container.av-29114-186c965be4c194c5458bebf482d9a7a8 .av-image-caption-overlay-center{\ncolor:#ffffff;\n}\n<\/style>\n<div  class='avia-image-container av-29114-186c965be4c194c5458bebf482d9a7a8 av-styling- av-img-linked avia-align-center  avia-builder-el-6  avia-builder-el-no-sibling '   itemprop=\"image\" itemscope=\"itemscope\" itemtype=\"https:\/\/schema.org\/ImageObject\" ><div class=\"avia-image-container-inner\"><div class=\"avia-image-overlay-wrap\"><a href=\"https:\/\/alainanima.com\/index.php\/sports\/\" class='avia_image '  aria-label='ALAIN-ANIMACOM-EVENEMENTS SPORTIFS-V2'><img alt=\"\" alt=\"\" decoding=\"async\" fetchpriority=\"high\" class='wp-image-110 avia-img-lazy-loading-not-110 avia_image ' src=\"https:\/\/alainanima.com\/wp-content\/uploads\/2025\/09\/ALAIN-ANIMACOM-EVENEMENTS-SPORTIFS-V2-300x178.jpg\" alt='' title='ALAIN-ANIMACOM-EVENEMENTS SPORTIFS-V2'  height=\"178\" width=\"300\"  itemprop=\"thumbnailUrl\" srcset=\"https:\/\/alainanima.com\/wp-content\/uploads\/2025\/09\/ALAIN-ANIMACOM-EVENEMENTS-SPORTIFS-V2-300x178.jpg 300w, https:\/\/alainanima.com\/wp-content\/uploads\/2025\/09\/ALAIN-ANIMACOM-EVENEMENTS-SPORTIFS-V2-1030x612.jpg 1030w, https:\/\/alainanima.com\/wp-content\/uploads\/2025\/09\/ALAIN-ANIMACOM-EVENEMENTS-SPORTIFS-V2-768x456.jpg 768w, https:\/\/alainanima.com\/wp-content\/uploads\/2025\/09\/ALAIN-ANIMACOM-EVENEMENTS-SPORTIFS-V2-1500x891.jpg 1500w, https:\/\/alainanima.com\/wp-content\/uploads\/2025\/09\/ALAIN-ANIMACOM-EVENEMENTS-SPORTIFS-V2-705x419.jpg 705w, https:\/\/alainanima.com\/wp-content\/uploads\/2025\/09\/ALAIN-ANIMACOM-EVENEMENTS-SPORTIFS-V2.jpg 1512w\" sizes=\"(max-width: 300px) 100vw, 300px\" \/><\/a><\/div><\/div><\/div><\/div>\n\n<style type=\"text\/css\" data-created_by=\"avia_inline_auto\" id=\"style-css-av-1h5y0-f5fd8ab2e62d8f8004435b14e4f1df30\">\n.flex_column.av-1h5y0-f5fd8ab2e62d8f8004435b14e4f1df30{\nwidth:22.75%;\nmargin-left:3%;\n}\n<\/style>\n<div  class='flex_column av-1h5y0-f5fd8ab2e62d8f8004435b14e4f1df30 av_one_fourth  avia-builder-el-7  el_after_av_one_fourth  el_before_av_one_fourth  flex_column_div  '     ><style type=\"text\/css\" data-created_by=\"avia_inline_auto\" id=\"style-css-av-2vg8-55441d8c143f9dbe016c4a454af3fa0d\">\n.avia-image-container.av-2vg8-55441d8c143f9dbe016c4a454af3fa0d img.avia_image{\nbox-shadow:none;\n}\n.avia-image-container.av-2vg8-55441d8c143f9dbe016c4a454af3fa0d .av-image-caption-overlay-center{\ncolor:#ffffff;\n}\n<\/style>\n<div  class='avia-image-container av-2vg8-55441d8c143f9dbe016c4a454af3fa0d av-styling- av-img-linked avia-align-center  avia-builder-el-8  avia-builder-el-no-sibling '   itemprop=\"image\" itemscope=\"itemscope\" itemtype=\"https:\/\/schema.org\/ImageObject\" ><div class=\"avia-image-container-inner\"><div class=\"avia-image-overlay-wrap\"><a href=\"https:\/\/alainanima.com\/index.php\/concerts\/\" class='avia_image '  aria-label='ALAIN-ANIMACOM-CONCERTS-V2'><img alt=\"\" alt=\"\" decoding=\"async\" fetchpriority=\"high\" class='wp-image-109 avia-img-lazy-loading-not-109 avia_image ' src=\"https:\/\/alainanima.com\/wp-content\/uploads\/2025\/09\/ALAIN-ANIMACOM-CONCERTS-V2-300x178.jpg\" alt='' title='ALAIN-ANIMACOM-CONCERTS-V2'  height=\"178\" width=\"300\"  itemprop=\"thumbnailUrl\" srcset=\"https:\/\/alainanima.com\/wp-content\/uploads\/2025\/09\/ALAIN-ANIMACOM-CONCERTS-V2-300x178.jpg 300w, https:\/\/alainanima.com\/wp-content\/uploads\/2025\/09\/ALAIN-ANIMACOM-CONCERTS-V2-1030x612.jpg 1030w, https:\/\/alainanima.com\/wp-content\/uploads\/2025\/09\/ALAIN-ANIMACOM-CONCERTS-V2-768x456.jpg 768w, https:\/\/alainanima.com\/wp-content\/uploads\/2025\/09\/ALAIN-ANIMACOM-CONCERTS-V2-1500x891.jpg 1500w, https:\/\/alainanima.com\/wp-content\/uploads\/2025\/09\/ALAIN-ANIMACOM-CONCERTS-V2-705x419.jpg 705w, https:\/\/alainanima.com\/wp-content\/uploads\/2025\/09\/ALAIN-ANIMACOM-CONCERTS-V2.jpg 1512w\" sizes=\"(max-width: 300px) 100vw, 300px\" \/><\/a><\/div><\/div><\/div><\/div>\n\n<style type=\"text\/css\" data-created_by=\"avia_inline_auto\" id=\"style-css-av-55elc-c195fc06acee6f22c87913dc0f89cb40\">\n.flex_column.av-55elc-c195fc06acee6f22c87913dc0f89cb40{\nwidth:22.75%;\n}\n<\/style>\n<div  class='flex_column av-55elc-c195fc06acee6f22c87913dc0f89cb40 av_one_fourth  avia-builder-el-9  el_after_av_one_fourth  el_before_av_one_fourth  first flex_column_div  column-top-margin'     ><style type=\"text\/css\" data-created_by=\"avia_inline_auto\" id=\"style-css-av-4l5ck-f665b421d82195fd59f82518d5a0f34e\">\n.avia-image-container.av-4l5ck-f665b421d82195fd59f82518d5a0f34e img.avia_image{\nbox-shadow:none;\n}\n.avia-image-container.av-4l5ck-f665b421d82195fd59f82518d5a0f34e .av-image-caption-overlay-center{\ncolor:#ffffff;\n}\n<\/style>\n<div  class='avia-image-container av-4l5ck-f665b421d82195fd59f82518d5a0f34e av-styling- av-img-linked avia-align-center  avia-builder-el-10  avia-builder-el-no-sibling '   itemprop=\"image\" itemscope=\"itemscope\" itemtype=\"https:\/\/schema.org\/ImageObject\" ><div class=\"avia-image-container-inner\"><div class=\"avia-image-overlay-wrap\"><a href=\"https:\/\/alainanima.com\/index.php\/evenements-et-soirees\/\" class='avia_image '  aria-label='ALAIN-ANIMACOM-EVENEMENTS,_SOIREES ET_INAUGURATIONS'><img alt=\"\" alt=\"\" decoding=\"async\" fetchpriority=\"high\" class='wp-image-112 avia-img-lazy-loading-not-112 avia_image ' src=\"https:\/\/alainanima.com\/wp-content\/uploads\/2025\/09\/ALAIN-ANIMACOM-EVENEMENTS_SOIREES-ET_INAUGURATIONS-300x178.jpg\" alt='' title='ALAIN-ANIMACOM-EVENEMENTS,_SOIREES ET_INAUGURATIONS'  height=\"178\" width=\"300\"  itemprop=\"thumbnailUrl\" srcset=\"https:\/\/alainanima.com\/wp-content\/uploads\/2025\/09\/ALAIN-ANIMACOM-EVENEMENTS_SOIREES-ET_INAUGURATIONS-300x178.jpg 300w, https:\/\/alainanima.com\/wp-content\/uploads\/2025\/09\/ALAIN-ANIMACOM-EVENEMENTS_SOIREES-ET_INAUGURATIONS-1030x612.jpg 1030w, https:\/\/alainanima.com\/wp-content\/uploads\/2025\/09\/ALAIN-ANIMACOM-EVENEMENTS_SOIREES-ET_INAUGURATIONS-768x456.jpg 768w, https:\/\/alainanima.com\/wp-content\/uploads\/2025\/09\/ALAIN-ANIMACOM-EVENEMENTS_SOIREES-ET_INAUGURATIONS-1500x891.jpg 1500w, https:\/\/alainanima.com\/wp-content\/uploads\/2025\/09\/ALAIN-ANIMACOM-EVENEMENTS_SOIREES-ET_INAUGURATIONS-705x419.jpg 705w, https:\/\/alainanima.com\/wp-content\/uploads\/2025\/09\/ALAIN-ANIMACOM-EVENEMENTS_SOIREES-ET_INAUGURATIONS.jpg 1512w\" sizes=\"(max-width: 300px) 100vw, 300px\" \/><\/a><\/div><\/div><\/div><\/div>\n<style type=\"text\/css\" data-created_by=\"avia_inline_auto\" id=\"style-css-av-3sgms-7c935e007c5ba4439011ad77a482a9fd\">\n.flex_column.av-3sgms-7c935e007c5ba4439011ad77a482a9fd{\nwidth:22.75%;\nmargin-left:3%;\n}\n<\/style>\n<div  class='flex_column av-3sgms-7c935e007c5ba4439011ad77a482a9fd av_one_fourth  avia-builder-el-11  el_after_av_one_fourth  el_before_av_one_fourth  flex_column_div  column-top-margin'     ><style type=\"text\/css\" data-created_by=\"avia_inline_auto\" id=\"style-css-av-35v4o-054a7d2a2c482b826cfbe955883dded3\">\n.avia-image-container.av-35v4o-054a7d2a2c482b826cfbe955883dded3 img.avia_image{\nbox-shadow:none;\n}\n.avia-image-container.av-35v4o-054a7d2a2c482b826cfbe955883dded3 .av-image-caption-overlay-center{\ncolor:#ffffff;\n}\n<\/style>\n<div  class='avia-image-container av-35v4o-054a7d2a2c482b826cfbe955883dded3 av-styling- av-img-linked avia-align-center  avia-builder-el-12  avia-builder-el-no-sibling '   itemprop=\"image\" itemscope=\"itemscope\" itemtype=\"https:\/\/schema.org\/ImageObject\" ><div class=\"avia-image-container-inner\"><div class=\"avia-image-overlay-wrap\"><a href=\"https:\/\/alainanima.com\/index.php\/interviews\/\" class='avia_image '  aria-label='ALAIN-ANIMACOM-INTERVIEWS'><img alt=\"\" alt=\"\" decoding=\"async\" fetchpriority=\"high\" class='wp-image-113 avia-img-lazy-loading-not-113 avia_image ' src=\"https:\/\/alainanima.com\/wp-content\/uploads\/2025\/09\/ALAIN-ANIMACOM-INTERVIEWS-300x178.jpg\" alt='' title='ALAIN-ANIMACOM-INTERVIEWS'  height=\"178\" width=\"300\"  itemprop=\"thumbnailUrl\" srcset=\"https:\/\/alainanima.com\/wp-content\/uploads\/2025\/09\/ALAIN-ANIMACOM-INTERVIEWS-300x178.jpg 300w, https:\/\/alainanima.com\/wp-content\/uploads\/2025\/09\/ALAIN-ANIMACOM-INTERVIEWS-1030x612.jpg 1030w, https:\/\/alainanima.com\/wp-content\/uploads\/2025\/09\/ALAIN-ANIMACOM-INTERVIEWS-768x456.jpg 768w, https:\/\/alainanima.com\/wp-content\/uploads\/2025\/09\/ALAIN-ANIMACOM-INTERVIEWS-1500x891.jpg 1500w, https:\/\/alainanima.com\/wp-content\/uploads\/2025\/09\/ALAIN-ANIMACOM-INTERVIEWS-705x419.jpg 705w, https:\/\/alainanima.com\/wp-content\/uploads\/2025\/09\/ALAIN-ANIMACOM-INTERVIEWS.jpg 1512w\" sizes=\"(max-width: 300px) 100vw, 300px\" \/><\/a><\/div><\/div><\/div><\/div>\n<style type=\"text\/css\" data-created_by=\"avia_inline_auto\" id=\"style-css-av-2ig5g-659a3b9f68891878056776c271ae795c\">\n.flex_column.av-2ig5g-659a3b9f68891878056776c271ae795c{\nwidth:22.75%;\nmargin-left:3%;\n}\n<\/style>\n<div  class='flex_column av-2ig5g-659a3b9f68891878056776c271ae795c av_one_fourth  avia-builder-el-13  el_after_av_one_fourth  el_before_av_one_fourth  flex_column_div  column-top-margin'     ><style type=\"text\/css\" data-created_by=\"avia_inline_auto\" id=\"style-css-av-23csc-8a9b487fbd27957f918d4bdd5127a5dc\">\n.avia-image-container.av-23csc-8a9b487fbd27957f918d4bdd5127a5dc img.avia_image{\nbox-shadow:none;\n}\n.avia-image-container.av-23csc-8a9b487fbd27957f918d4bdd5127a5dc .av-image-caption-overlay-center{\ncolor:#ffffff;\n}\n<\/style>\n<div  class='avia-image-container av-23csc-8a9b487fbd27957f918d4bdd5127a5dc av-styling- av-img-linked avia-align-center  avia-builder-el-14  avia-builder-el-no-sibling '   itemprop=\"image\" itemscope=\"itemscope\" itemtype=\"https:\/\/schema.org\/ImageObject\" ><div class=\"avia-image-container-inner\"><div class=\"avia-image-overlay-wrap\"><a href=\"https:\/\/alainanima.com\/index.php\/officiant\/\" class='avia_image '  aria-label='ALAIN-ANIMACOM-OFFICIANT'><img alt=\"\" alt=\"\" decoding=\"async\" fetchpriority=\"high\" class='wp-image-114 avia-img-lazy-loading-not-114 avia_image ' src=\"https:\/\/alainanima.com\/wp-content\/uploads\/2025\/09\/ALAIN-ANIMACOM-OFFICIANT-300x178.jpg\" alt='' title='ALAIN-ANIMACOM-OFFICIANT'  height=\"178\" width=\"300\"  itemprop=\"thumbnailUrl\" srcset=\"https:\/\/alainanima.com\/wp-content\/uploads\/2025\/09\/ALAIN-ANIMACOM-OFFICIANT-300x178.jpg 300w, https:\/\/alainanima.com\/wp-content\/uploads\/2025\/09\/ALAIN-ANIMACOM-OFFICIANT-1030x612.jpg 1030w, https:\/\/alainanima.com\/wp-content\/uploads\/2025\/09\/ALAIN-ANIMACOM-OFFICIANT-768x456.jpg 768w, https:\/\/alainanima.com\/wp-content\/uploads\/2025\/09\/ALAIN-ANIMACOM-OFFICIANT-1500x891.jpg 1500w, https:\/\/alainanima.com\/wp-content\/uploads\/2025\/09\/ALAIN-ANIMACOM-OFFICIANT-705x419.jpg 705w, https:\/\/alainanima.com\/wp-content\/uploads\/2025\/09\/ALAIN-ANIMACOM-OFFICIANT.jpg 1512w\" sizes=\"(max-width: 300px) 100vw, 300px\" \/><\/a><\/div><\/div><\/div><\/div>\n<style type=\"text\/css\" data-created_by=\"avia_inline_auto\" id=\"style-css-av-1gkvo-d3f31eb4f35d1468d1ec808bd9bc910e\">\n.flex_column.av-1gkvo-d3f31eb4f35d1468d1ec808bd9bc910e{\nwidth:22.75%;\nmargin-left:3%;\n}\n<\/style>\n<div  class='flex_column av-1gkvo-d3f31eb4f35d1468d1ec808bd9bc910e av_one_fourth  avia-builder-el-15  el_after_av_one_fourth  avia-builder-el-last  flex_column_div  column-top-margin'     ><style type=\"text\/css\" data-created_by=\"avia_inline_auto\" id=\"style-css-av-138sc-c8cd01cd65660f2148298dee6cfdc672\">\n.avia-image-container.av-138sc-c8cd01cd65660f2148298dee6cfdc672 img.avia_image{\nbox-shadow:none;\n}\n.avia-image-container.av-138sc-c8cd01cd65660f2148298dee6cfdc672 .av-image-caption-overlay-center{\ncolor:#ffffff;\n}\n<\/style>\n<div  class='avia-image-container av-138sc-c8cd01cd65660f2148298dee6cfdc672 av-styling- av-img-linked avia-align-center  avia-builder-el-16  avia-builder-el-no-sibling '   itemprop=\"image\" itemscope=\"itemscope\" itemtype=\"https:\/\/schema.org\/ImageObject\" ><div class=\"avia-image-container-inner\"><div class=\"avia-image-overlay-wrap\"><a href=\"https:\/\/alainanima.com\/index.php\/partenaire-devenements\/\" class='avia_image '  aria-label='ALAIN-ANIMACOM-PARTENAIRE_DE CREATION_D\u2019EVENEMENTS'><img alt=\"\" alt=\"\" decoding=\"async\" fetchpriority=\"high\" class='wp-image-115 avia-img-lazy-loading-not-115 avia_image ' src=\"https:\/\/alainanima.com\/wp-content\/uploads\/2025\/09\/ALAIN-ANIMACOM-PARTENAIRE_DE-CREATION_DEVENEMENTS-300x178.jpg\" alt='' title='ALAIN-ANIMACOM-PARTENAIRE_DE CREATION_D\u2019EVENEMENTS'  height=\"178\" width=\"300\"  itemprop=\"thumbnailUrl\" srcset=\"https:\/\/alainanima.com\/wp-content\/uploads\/2025\/09\/ALAIN-ANIMACOM-PARTENAIRE_DE-CREATION_DEVENEMENTS-300x178.jpg 300w, https:\/\/alainanima.com\/wp-content\/uploads\/2025\/09\/ALAIN-ANIMACOM-PARTENAIRE_DE-CREATION_DEVENEMENTS-1030x612.jpg 1030w, https:\/\/alainanima.com\/wp-content\/uploads\/2025\/09\/ALAIN-ANIMACOM-PARTENAIRE_DE-CREATION_DEVENEMENTS-768x456.jpg 768w, https:\/\/alainanima.com\/wp-content\/uploads\/2025\/09\/ALAIN-ANIMACOM-PARTENAIRE_DE-CREATION_DEVENEMENTS-1500x891.jpg 1500w, https:\/\/alainanima.com\/wp-content\/uploads\/2025\/09\/ALAIN-ANIMACOM-PARTENAIRE_DE-CREATION_DEVENEMENTS-705x419.jpg 705w, https:\/\/alainanima.com\/wp-content\/uploads\/2025\/09\/ALAIN-ANIMACOM-PARTENAIRE_DE-CREATION_DEVENEMENTS.jpg 1512w\" sizes=\"(max-width: 300px) 100vw, 300px\" \/><\/a><\/div><\/div><\/div><\/div><\/p>\n","protected":false},"excerpt":{"rendered":"","protected":false},"author":1,"featured_media":0,"parent":0,"menu_order":0,"comment_status":"closed","ping_status":"closed","template":"","meta":{"_seopress_robots_primary_cat":"","_seopress_titles_title":"ALAIN ANIMA'COM MES PR\u00c9STATIONS","_seopress_titles_desc":"L'artisan de vos \u00e9v\u00e9nements en corse","_seopress_robots_index":"","footnotes":""},"class_list":["post-72","page","type-page","status-publish","hentry"],"_links":{"self":[{"href":"https:\/\/alainanima.com\/index.php\/wp-json\/wp\/v2\/pages\/72","targetHints":{"allow":["GET"]}}],"collection":[{"href":"https:\/\/alainanima.com\/index.php\/wp-json\/wp\/v2\/pages"}],"about":[{"href":"https:\/\/alainanima.com\/index.php\/wp-json\/wp\/v2\/types\/page"}],"author":[{"embeddable":true,"href":"https:\/\/alainanima.com\/index.php\/wp-json\/wp\/v2\/users\/1"}],"replies":[{"embeddable":true,"href":"https:\/\/alainanima.com\/index.php\/wp-json\/wp\/v2\/comments?post=72"}],"version-history":[{"count":29,"href":"https:\/\/alainanima.com\/index.php\/wp-json\/wp\/v2\/pages\/72\/revisions"}],"predecessor-version":[{"id":388,"href":"https:\/\/alainanima.com\/index.php\/wp-json\/wp\/v2\/pages\/72\/revisions\/388"}],"wp:attachment":[{"href":"https:\/\/alainanima.com\/index.php\/wp-json\/wp\/v2\/media?parent=72"}],"curies":[{"name":"wp","href":"https:\/\/api.w.org\/{rel}","templated":true}]}}